{"id":6339,"date":"2024-10-04T17:04:59","date_gmt":"2024-10-04T20:04:59","guid":{"rendered":"https:\/\/www.colegioaltamira.com.ar\/sitio\/?page_id=6339"},"modified":"2024-10-04T17:33:19","modified_gmt":"2024-10-04T20:33:19","slug":"re-matriculacion","status":"publish","type":"page","link":"https:\/\/www.colegioaltamira.com.ar\/sitio\/re-matriculacion\/","title":{"rendered":"RE-MATRICULACI\u00d3N"},"content":{"rendered":"\n<p>Durante el mes de octubre se realiza la Re matriculaci\u00f3n de los alumnos de la instituci\u00f3n para el ciclo pr\u00f3ximo ciclo lectivo.<\/p>\n\n\n\n<p>Requisitos:<\/p>\n\n\n\n<p><strong>-TENER TODOS LOS PAGOS AL DIA INCLUIDA CUOTA DE OCTUBRE Y 2DA REMATRICULACION.<\/strong><\/p>\n\n\n\n<p>-Completar planillas de inscripci\u00f3n y firmar (descargar seg\u00fan el nivel al que inscribe en hoja A4, una por cada alumno)<\/p>\n\n\n\n<p>-Completar una planilla de Asociaci\u00f3n por grupo familiar.<\/p>\n\n\n\n<p>-Entregar en Administraci\u00f3n de 8 a 14hs<\/p>\n\n\n\n<div class=\"wp-block-columns is-layout-flex wp-container-7\">\n<div class=\"wp-block-column is-layout-flow\">\n<div class=\"wp-block-buttons is-layout-flex\">\n<div class=\"wp-block-button is-style-fill\"><a class=\"wp-block-button__link has-accent-background-color has-background wp-element-button\" href=\"https:\/\/www.colegioaltamira.com.ar\/sitio\/documentacion-para-rematricular-y-matricular\/\" target=\"_blank\" rel=\"noreferrer noopener\">Planillas INICIAL<\/a><\/div>\n<\/div>\n<\/div>\n\n\n\n<div class=\"wp-block-column is-layout-flow\">\n<div class=\"wp-block-buttons is-layout-flex\">\n<div class=\"wp-block-button\"><a class=\"wp-block-button__link has-accent-background-color has-background wp-element-button\" href=\"https:\/\/www.colegioaltamira.com.ar\/sitio\/documentacion-para-rematricular-y-matricular-2\/\" target=\"_blank\" rel=\"noreferrer noopener\">Planillas PRIMARIO<\/a><\/div>\n<\/div>\n<\/div>\n\n\n\n<div class=\"wp-block-column is-layout-flow\">\n<div class=\"wp-block-buttons is-layout-flex\">\n<div class=\"wp-block-button\"><a class=\"wp-block-button__link has-accent-background-color has-background wp-element-button\" href=\"https:\/\/www.colegioaltamira.com.ar\/sitio\/documentacion-para-rematricular-y-matricular-3\/\" target=\"_blank\" rel=\"noreferrer noopener\">Planillas SECUNDARIO<\/a><\/div>\n<\/div>\n<\/div>\n<\/div>\n\n\n\n<p>&nbsp; &nbsp; &nbsp; &nbsp; &nbsp; &nbsp; &nbsp; &nbsp; &nbsp; &nbsp; &nbsp; &nbsp; &nbsp; &nbsp; &nbsp; &nbsp; &nbsp; &nbsp; &nbsp; &nbsp; &nbsp;<\/p>\n","protected":false},"excerpt":{"rendered":"<p>Durante el mes de octubre se realiza la Re matriculaci\u00f3n de los alumnos de la instituci\u00f3n para el ciclo pr\u00f3ximo ciclo lectivo. Requisitos: -TENER TODOS LOS PAGOS AL DIA INCLUIDA CUOTA DE OCTUBRE Y 2DA REMATRICULACION. -Completar planillas de inscripci\u00f3n y firmar (descargar seg\u00fan el nivel al que inscribe en hoja A4, una por cada &#8230; <a title=\"RE-MATRICULACI\u00d3N\" class=\"read-more\" href=\"https:\/\/www.colegioaltamira.com.ar\/sitio\/re-matriculacion\/\" aria-label=\"More on RE-MATRICULACI\u00d3N\">[+]<\/a><\/p>\n","protected":false},"author":1434,"featured_media":0,"parent":0,"menu_order":0,"comment_status":"closed","ping_status":"closed","template":"","meta":[],"acf":[],"_links":{"self":[{"href":"https:\/\/www.colegioaltamira.com.ar\/sitio\/wp-json\/wp\/v2\/pages\/6339"}],"collection":[{"href":"https:\/\/www.colegioaltamira.com.ar\/sitio\/wp-json\/wp\/v2\/pages"}],"about":[{"href":"https:\/\/www.colegioaltamira.com.ar\/sitio\/wp-json\/wp\/v2\/types\/page"}],"author":[{"embeddable":true,"href":"https:\/\/www.colegioaltamira.com.ar\/sitio\/wp-json\/wp\/v2\/users\/1434"}],"replies":[{"embeddable":true,"href":"https:\/\/www.colegioaltamira.com.ar\/sitio\/wp-json\/wp\/v2\/comments?post=6339"}],"version-history":[{"count":4,"href":"https:\/\/www.colegioaltamira.com.ar\/sitio\/wp-json\/wp\/v2\/pages\/6339\/revisions"}],"predecessor-version":[{"id":6345,"href":"https:\/\/www.colegioaltamira.com.ar\/sitio\/wp-json\/wp\/v2\/pages\/6339\/revisions\/6345"}],"wp:attachment":[{"href":"https:\/\/www.colegioaltamira.com.ar\/sitio\/wp-json\/wp\/v2\/media?parent=6339"}],"curies":[{"name":"wp","href":"https:\/\/api.w.org\/{rel}","templated":true}]}}