{"id":3612,"date":"2022-07-05T16:38:24","date_gmt":"2022-07-05T19:38:24","guid":{"rendered":"https:\/\/www.colegioaltamira.com.ar\/sitio\/?page_id=3612"},"modified":"2024-10-25T12:56:57","modified_gmt":"2024-10-25T15:56:57","slug":"solicitud-de-certificacion-de-servicios","status":"publish","type":"page","link":"https:\/\/www.colegioaltamira.com.ar\/sitio\/solicitud-de-certificacion-de-servicios\/","title":{"rendered":"Solicitud de certificaci\u00f3n de servicios"},"content":{"rendered":"\n<p>Para acelerar el tr\u00e1mite sugerimos solicitar por el ABC la <a rel=\"noreferrer noopener\" href=\"https:\/\/abc.gob.ar\/secretarias\/areas\/subsecretaria-de-administracion-y-recursos-humanos\/dir-prov-asesoramiento-jub-y-cert\/dpajyc-7\" target=\"_blank\">certificaci\u00f3n de los servicios subvencionados en gesti\u00f3n privada<\/a> y adjuntar a la solicitud de certificaci\u00f3n. (seleccionar la opci\u00f3n Estatal y Subvencionado )<\/p>\n\n\n\n<div class=\"wp-block-columns is-layout-flex wp-container-3\">\n<div class=\"wp-block-column is-layout-flow\" style=\"flex-basis:66.66%\">\n<div class=\"wp-block-contact-form-7-contact-form-selector\">\n<div class=\"wpcf7 no-js\" id=\"wpcf7-f2952-o1\" lang=\"es-ES\" dir=\"ltr\">\n<div class=\"screen-reader-response\"><p role=\"status\" aria-live=\"polite\" aria-atomic=\"true\"><\/p> <ul><\/ul><\/div>\n<form action=\"\/sitio\/wp-json\/wp\/v2\/pages\/3612#wpcf7-f2952-o1\" method=\"post\" class=\"wpcf7-form init\" aria-label=\"Formulario de contacto\" enctype=\"multipart\/form-data\" novalidate=\"novalidate\" data-status=\"init\">\n<div style=\"display: none;\">\n<input type=\"hidden\" name=\"_wpcf7\" value=\"2952\" \/>\n<input type=\"hidden\" name=\"_wpcf7_version\" value=\"5.7.7\" \/>\n<input type=\"hidden\" name=\"_wpcf7_locale\" value=\"es_ES\" \/>\n<input type=\"hidden\" name=\"_wpcf7_unit_tag\" value=\"wpcf7-f2952-o1\" \/>\n<input type=\"hidden\" name=\"_wpcf7_container_post\" value=\"0\" \/>\n<input type=\"hidden\" name=\"_wpcf7_posted_data_hash\" value=\"\" \/>\n<\/div>\n<p><label> Tu nombre y apellido<br \/>\n<span class=\"wpcf7-form-control-wrap\" data-name=\"your-name\"><input size=\"40\" class=\"wpcf7-form-control wpcf7-text wpcf7-validates-as-required\" aria-required=\"true\" aria-invalid=\"false\" value=\"\" type=\"text\" name=\"your-name\" \/><\/span> <\/label>\n<\/p>\n<p><label> Tu correo electr\u00f3nico<br \/>\n<span class=\"wpcf7-form-control-wrap\" data-name=\"your-email\"><input size=\"40\" class=\"wpcf7-form-control wpcf7-text wpcf7-email wpcf7-validates-as-required wpcf7-validates-as-email\" aria-required=\"true\" aria-invalid=\"false\" value=\"\" type=\"email\" name=\"your-email\" \/><\/span> <\/label>\n<\/p>\n<p><label> Asunto<br \/>\n<span class=\"wpcf7-form-control-wrap\" data-name=\"your-subject\"><input size=\"40\" class=\"wpcf7-form-control wpcf7-text wpcf7-validates-as-required\" aria-required=\"true\" aria-invalid=\"false\" value=\"\" type=\"text\" name=\"your-subject\" \/><\/span> <\/label>\n<\/p>\n<p><label> DNI<br \/>\n<span class=\"wpcf7-form-control-wrap\" data-name=\"DNI\"><input class=\"wpcf7-form-control wpcf7-number wpcf7-validates-as-required wpcf7-validates-as-number\" min=\"00000000\" max=\"99999999\" aria-required=\"true\" aria-invalid=\"false\" value=\"\" type=\"number\" name=\"DNI\" \/><\/span><\/label>\n<\/p>\n<p><label> CUIL<br \/>\n<span class=\"wpcf7-form-control-wrap\" data-name=\"CUIL\"><input class=\"wpcf7-form-control wpcf7-number wpcf7-validates-as-required wpcf7-validates-as-number\" min=\"00000000000\" max=\"99999999999\" aria-required=\"true\" aria-invalid=\"false\" value=\"\" type=\"number\" name=\"CUIL\" \/><\/span><\/label>\n<\/p>\n<p><label> Fecha de Nacimiento <span class=\"wpcf7-form-control-wrap\" data-name=\"fecha-nac\"><input class=\"wpcf7-form-control wpcf7-date wpcf7-validates-as-date\" aria-invalid=\"false\" value=\"\" type=\"date\" name=\"fecha-nac\" \/><\/span> <\/label><br \/>\n<label> Tel\u00e9fono celular<br \/>\n<span class=\"wpcf7-form-control-wrap\" data-name=\"Telfono\"><input size=\"40\" class=\"wpcf7-form-control wpcf7-text wpcf7-tel wpcf7-validates-as-required wpcf7-validates-as-tel\" aria-required=\"true\" aria-invalid=\"false\" value=\"\" type=\"tel\" name=\"Telfono\" \/><\/span><\/label>\n<\/p>\n<p><label> Direcci\u00f3n<br \/>\n<span class=\"wpcf7-form-control-wrap\" data-name=\"Direccion\"><input size=\"40\" class=\"wpcf7-form-control wpcf7-text wpcf7-validates-as-required\" aria-required=\"true\" aria-invalid=\"false\" value=\"\" type=\"text\" name=\"Direccion\" \/><\/span> <\/label>\n<\/p>\n<p><label>Antig\u00fcedad en docencia<br \/>\n<span class=\"wpcf7-form-control-wrap\" data-name=\"Antiguedad\"><input class=\"wpcf7-form-control wpcf7-number wpcf7-validates-as-required wpcf7-validates-as-number\" min=\"0\" max=\"99\" aria-required=\"true\" aria-invalid=\"false\" value=\"\" type=\"number\" name=\"Antiguedad\" \/><\/span> <\/label>\n<\/p>\n<p><label> Fines de la certificaci\u00f3n digital <\/label><br \/>\n<span class=\"wpcf7-form-control-wrap\" data-name=\"Tipo-certificacion\"><span class=\"wpcf7-form-control wpcf7-radio\"><span class=\"wpcf7-list-item first\"><label><input type=\"radio\" name=\"Tipo-certificacion\" value=\"Sin fines previsionales (para antig\u00fcedad)\" checked=\"checked\" \/><span class=\"wpcf7-list-item-label\">Sin fines previsionales (para antig\u00fcedad)<\/span><\/label><\/span><span class=\"wpcf7-list-item last\"><label><input type=\"radio\" name=\"Tipo-certificacion\" value=\"Con fines previsionales (para jubilaci\u00f3n)\" \/><span class=\"wpcf7-list-item-label\">Con fines previsionales (para jubilaci\u00f3n)<\/span><\/label><\/span><\/span><\/span>\n<\/p>\n<p><label>Seleccionar solo en caso de solicitar para fines previsionales<\/label><br \/>\n<span class=\"wpcf7-form-control-wrap\" data-name=\"Cese-cierre\"><span class=\"wpcf7-form-control wpcf7-checkbox\"><span class=\"wpcf7-list-item first\"><label><input type=\"checkbox\" name=\"Cese-cierre[]\" value=\"Cese definitivo\" \/><span class=\"wpcf7-list-item-label\">Cese definitivo<\/span><\/label><\/span><span class=\"wpcf7-list-item last\"><label><input type=\"checkbox\" name=\"Cese-cierre[]\" value=\"Cierre de c\u00f3mputos\" \/><span class=\"wpcf7-list-item-label\">Cierre de c\u00f3mputos<\/span><\/label><\/span><\/span><\/span>\n<\/p>\n<p><label> Fecha de cierre (Solo en caso de solicitar cierre de c\u00f3mputos)<br \/>\n<span class=\"wpcf7-form-control-wrap\" data-name=\"Fecha-cierre\"><input class=\"wpcf7-form-control wpcf7-date wpcf7-validates-as-date\" aria-invalid=\"false\" value=\"\" type=\"date\" name=\"Fecha-cierre\" \/><\/span><\/label>\n<\/p>\n<p><label> Nivel <\/label><br \/>\n<span class=\"wpcf7-form-control-wrap\" data-name=\"Seccion\"><span class=\"wpcf7-form-control wpcf7-checkbox wpcf7-validates-as-required\"><span class=\"wpcf7-list-item first\"><label><input type=\"checkbox\" name=\"Seccion[]\" value=\"Inicial\" \/><span class=\"wpcf7-list-item-label\">Inicial<\/span><\/label><\/span><span class=\"wpcf7-list-item\"><label><input type=\"checkbox\" name=\"Seccion[]\" value=\"Primario\" \/><span class=\"wpcf7-list-item-label\">Primario<\/span><\/label><\/span><span class=\"wpcf7-list-item last\"><label><input type=\"checkbox\" name=\"Seccion[]\" value=\"Secundario\" \/><span class=\"wpcf7-list-item-label\">Secundario<\/span><\/label><\/span><\/span><\/span>\n<\/p>\n<p><label>Fecha de trayectoria en el establecimiento<\/label><br \/>\n<label>Fecha inicio:<\/label><span class=\"wpcf7-form-control-wrap\" data-name=\"Desde\"><input class=\"wpcf7-form-control wpcf7-date wpcf7-validates-as-required wpcf7-validates-as-date\" aria-required=\"true\" aria-invalid=\"false\" value=\"\" type=\"date\" name=\"Desde\" \/><\/span><label> hasta: <\/label><span class=\"wpcf7-form-control-wrap\" data-name=\"Hasta\"><input class=\"wpcf7-form-control wpcf7-date wpcf7-validates-as-required wpcf7-validates-as-date\" aria-required=\"true\" aria-invalid=\"false\" value=\"\" type=\"date\" name=\"Hasta\" \/><\/span>\n<\/p>\n<p><label> Especificar el mejor per\u00edodo en la instituci\u00f3n<br \/>\n<span class=\"wpcf7-form-control-wrap\" data-name=\"your-message\"><textarea cols=\"40\" rows=\"10\" class=\"wpcf7-form-control wpcf7-textarea\" aria-invalid=\"false\" name=\"your-message\"><\/textarea><\/span> <\/label>\n<\/p>\n<p><label> Tu mensaje (opcional)<br \/>\n<span class=\"wpcf7-form-control-wrap\" data-name=\"your-message\"><textarea cols=\"40\" rows=\"10\" class=\"wpcf7-form-control wpcf7-textarea\" aria-invalid=\"false\" name=\"your-message\"><\/textarea><\/span> <\/label><br \/>\n<label> Adjunte su certificaci\u00f3n ABC<br \/>\n<span class=\"wpcf7-form-control-wrap\" data-name=\"file-300\"><input size=\"40\" class=\"wpcf7-form-control wpcf7-file\" accept=\".pdf\" aria-invalid=\"false\" type=\"file\" name=\"file-300\" \/><\/span><\/label><br \/>\n<input class=\"wpcf7-form-control has-spinner wpcf7-submit\" type=\"submit\" value=\"Enviar\" \/>\n<\/p><p style=\"display: none !important;\"><label>&#916;<textarea name=\"_wpcf7_ak_hp_textarea\" cols=\"45\" rows=\"8\" maxlength=\"100\"><\/textarea><\/label><input type=\"hidden\" id=\"ak_js_1\" name=\"_wpcf7_ak_js\" value=\"195\"\/><script>document.getElementById( \"ak_js_1\" ).setAttribute( \"value\", ( new Date() ).getTime() );<\/script><\/p><div class=\"wpcf7-response-output\" aria-hidden=\"true\"><\/div>\n<\/form>\n<\/div>\n<\/div>\n<\/div>\n\n\n\n<div class=\"wp-block-column is-layout-flow\" style=\"flex-basis:33.33%\">\n<figure class=\"wp-block-image size-large is-resized\"><img decoding=\"async\" loading=\"lazy\" src=\"https:\/\/www.colegioaltamira.com.ar\/sitio\/wp-content\/uploads\/2022\/05\/logo-danes-pequeno.png\" alt=\"\" class=\"wp-image-3240\" width=\"266\" height=\"336\"\/><\/figure>\n<\/div>\n<\/div>\n\n\n\n<p><\/p>\n","protected":false},"excerpt":{"rendered":"<p>Para acelerar el tr\u00e1mite sugerimos solicitar por el ABC la certificaci\u00f3n de los servicios subvencionados en gesti\u00f3n privada y adjuntar a la solicitud de certificaci\u00f3n. (seleccionar la opci\u00f3n Estatal y Subvencionado )<\/p>\n","protected":false},"author":68,"featured_media":0,"parent":0,"menu_order":0,"comment_status":"closed","ping_status":"closed","template":"","meta":[],"acf":[],"_links":{"self":[{"href":"https:\/\/www.colegioaltamira.com.ar\/sitio\/wp-json\/wp\/v2\/pages\/3612"}],"collection":[{"href":"https:\/\/www.colegioaltamira.com.ar\/sitio\/wp-json\/wp\/v2\/pages"}],"about":[{"href":"https:\/\/www.colegioaltamira.com.ar\/sitio\/wp-json\/wp\/v2\/types\/page"}],"author":[{"embeddable":true,"href":"https:\/\/www.colegioaltamira.com.ar\/sitio\/wp-json\/wp\/v2\/users\/68"}],"replies":[{"embeddable":true,"href":"https:\/\/www.colegioaltamira.com.ar\/sitio\/wp-json\/wp\/v2\/comments?post=3612"}],"version-history":[{"count":8,"href":"https:\/\/www.colegioaltamira.com.ar\/sitio\/wp-json\/wp\/v2\/pages\/3612\/revisions"}],"predecessor-version":[{"id":6415,"href":"https:\/\/www.colegioaltamira.com.ar\/sitio\/wp-json\/wp\/v2\/pages\/3612\/revisions\/6415"}],"wp:attachment":[{"href":"https:\/\/www.colegioaltamira.com.ar\/sitio\/wp-json\/wp\/v2\/media?parent=3612"}],"curies":[{"name":"wp","href":"https:\/\/api.w.org\/{rel}","templated":true}]}}