{"id":286,"date":"2016-10-31T13:17:59","date_gmt":"2016-10-31T16:17:59","guid":{"rendered":"https:\/\/www.colegioaltamira.com.ar\/sitio\/?page_id=286"},"modified":"2025-12-29T19:35:14","modified_gmt":"2025-12-29T22:35:14","slug":"inicio","status":"publish","type":"page","link":"https:\/\/www.colegioaltamira.com.ar\/sitio\/","title":{"rendered":"Inicio"},"content":{"rendered":"<p><div id=\"metaslider-id-403\" style=\"width: 100%; margin: 0 auto;\" class=\"ml-slider-3-33-0 metaslider metaslider-flex metaslider-403 ml-slider ms-theme-default\" role=\"region\" aria-roledescription=\"Slideshow\" aria-label=\"Slideshow\">\n    <div id=\"metaslider_container_403\">\n        <div id=\"metaslider_403\" class=\"flexslider\">\n            <ul aria-live=\"polite\" class=\"slides\">\n                <li style=\"display: block; width: 100%;\" class=\"slide-6738 ms-image\" aria-roledescription=\"slide\" aria-label=\"slide-6738\"><a href=\"https:\/\/youtu.be\/ZX5xdLuf3mA\" target=\"_self\"><img src=\"https:\/\/www.colegioaltamira.com.ar\/sitio\/wp-content\/uploads\/2025\/02\/Captura-de-pantalla-2025-02-27-150700-1100x300.png\" height=\"300\" width=\"1100\" alt=\"\" class=\"slider-403 slide-6738\" title=\"Escuela Danesa\" \/><\/a><div class=\"caption-wrap\"><div class=\"caption\">Vista a\u00e9rea<\/div><\/div><\/li>\n                <li style=\"display: none; width: 100%;\" class=\"slide-4573 ms-image\" aria-roledescription=\"slide\" aria-label=\"slide-4573\"><a href=\"https:\/\/www.colegioaltamira.com.ar\/sitio\/instalaciones\/\" target=\"_self\"><img src=\"https:\/\/www.colegioaltamira.com.ar\/sitio\/wp-content\/uploads\/2024\/08\/recorrido-danes-1100x300.png\" height=\"300\" width=\"1100\" alt=\"\" class=\"slider-403 slide-4573\" title=\"recorrido-danes\" \/><\/a><div class=\"caption-wrap\"><div class=\"caption\">Recorrido virtual de Altamira<\/div><\/div><\/li>\n                <li style=\"display: none; width: 100%;\" class=\"slide-1107 ms-image\" aria-roledescription=\"slide\" aria-label=\"slide-1107\"><a href=\"https:\/\/www.colegioaltamira.com.ar\/sitio\/aprendizaje-servicio\/\" target=\"_self\"><img src=\"https:\/\/www.colegioaltamira.com.ar\/sitio\/wp-content\/uploads\/2018\/11\/0b89cfde1fe90629c9505a6fd9d18231-719x196.jpg\" height=\"300\" width=\"1100\" alt=\"\" class=\"slider-403 slide-1107\" title=\"0b89cfde1fe90629c9505a6fd9d18231\" \/><\/a><div class=\"caption-wrap\"><div class=\"caption\">APRENDIZAJE Y SERVICIO  \/ SERVICE L\u00c6RING<\/div><\/div><\/li>\n                <li style=\"display: none; width: 100%;\" class=\"slide-1110 ms-image\" aria-roledescription=\"slide\" aria-label=\"slide-1110\"><img src=\"https:\/\/www.colegioaltamira.com.ar\/sitio\/wp-content\/uploads\/2023\/04\/2-scaled-1100x300.jpg\" height=\"300\" width=\"1100\" alt=\"\" class=\"slider-403 slide-1110\" title=\"2\" \/><div class=\"caption-wrap\"><div class=\"caption\">PROYECTO INSTITUCIONAL 2022\/23<\/div><\/div><\/li>\n                <li style=\"display: none; width: 100%;\" class=\"slide-3308 ms-image\" aria-roledescription=\"slide\" aria-label=\"slide-3308\"><img src=\"https:\/\/www.colegioaltamira.com.ar\/sitio\/wp-content\/uploads\/2022\/05\/Amarillo-Dorado-Rustico-Artesanal-Graduacion-al-Aire-Libre-Banner-1100x300.png\" height=\"300\" width=\"1100\" alt=\"\" class=\"slider-403 slide-3308\" title=\"Implicancias del cuidado\" \/><div class=\"caption-wrap\"><div class=\"caption\">Implicancias del cuidado<\/div><\/div><\/li>\n                <li style=\"display: none; width: 100%;\" class=\"slide-6583 ms-image\" aria-roledescription=\"slide\" aria-label=\"slide-6583\"><a href=\"https:\/\/www.colegioaltamira.com.ar\/sitio\/inauguracion-mural-cooperativo\/\" target=\"_self\"><img src=\"https:\/\/www.colegioaltamira.com.ar\/sitio\/wp-content\/uploads\/2024\/11\/WhatsApp-Image-2024-11-28-at-15.25.25-1100x300.jpeg\" height=\"300\" width=\"1100\" alt=\"Mural: La salud como derecho\" class=\"slider-403 slide-6583\" title=\"WhatsApp Image 2024-11-28 at 15.25.25\" \/><\/a><div class=\"caption-wrap\"><div class=\"caption\">Mural: \"La Salud Como Derecho\"<\/div><\/div><\/li>\n            <\/ul>\n        <\/div>\n        \n    <\/div>\n<\/div><div  class=\"lgc-column lgc-grid-parent lgc-grid-25 lgc-tablet-grid-25 lgc-mobile-grid-25 lgc-equal-heights \"><div  class=\"inside-grid-column\"><a href=\"https:\/\/www.colegioaltamira.com.ar\/sitio\/presentacion\/\"><img decoding=\"async\" loading=\"lazy\" class=\"aligncenter wp-image-3918 \" src=\"https:\/\/www.colegioaltamira.com.ar\/sitio\/wp-content\/uploads\/2022\/09\/inicial.png\" alt=\"\" width=\"527\" height=\"414\" \/><\/a><\/div><\/div><div  class=\"lgc-column lgc-grid-parent lgc-grid-25 lgc-tablet-grid-25 lgc-mobile-grid-25 lgc-equal-heights \"><div  class=\"inside-grid-column\"><a href=\"https:\/\/www.colegioaltamira.com.ar\/sitio\/presentacion-2\/\"><img decoding=\"async\" loading=\"lazy\" class=\"size-full wp-image-3353 aligncenter\" src=\"https:\/\/www.colegioaltamira.com.ar\/sitio\/wp-content\/uploads\/2022\/05\/primaria1.png\" alt=\"\" width=\"541\" height=\"425\" \/><\/a><\/div><\/div><div  class=\"lgc-column lgc-grid-parent lgc-grid-25 lgc-tablet-grid-25 lgc-mobile-grid-25 lgc-equal-heights \"><div  class=\"inside-grid-column\"><a href=\"https:\/\/www.colegioaltamira.com.ar\/sitio\/presentacion-3\/\"><img decoding=\"async\" loading=\"lazy\" class=\"size-full wp-image-3354 aligncenter\" src=\"https:\/\/www.colegioaltamira.com.ar\/sitio\/wp-content\/uploads\/2022\/05\/secundaria1.png\" alt=\"\" width=\"545\" height=\"423\" \/><\/a><\/div><\/div><div  class=\"lgc-column lgc-grid-parent lgc-grid-25 lgc-tablet-grid-25 lgc-mobile-grid-25 lgc-equal-heights \"><div  class=\"inside-grid-column\"><a href=\"https:\/\/www.colegioaltamira.com.ar\/sitio\/solicitud-de-certificacion-de-servicios\/\" target=\"_blank\" rel=\"https:\/\/www.colegioaltamira.com.ar\/sitio\/solicitud-de-certificacion-de-servicios\/ noopener\"><img decoding=\"async\" loading=\"lazy\" class=\"aligncenter wp-image-2986\" src=\"https:\/\/www.colegioaltamira.com.ar\/sitio\/wp-content\/uploads\/2022\/04\/certif.png\" alt=\"Solicitud\" width=\"112\" height=\"156\" \/><\/a><\/div><\/div><div class=\"lgc-clear\"><\/div>\n<h2 style=\"text-align: center;\"><span style=\"color: #4a1a1a;\">\u00abAPRENDIENDO A HACER: TALLERES EN MOVIMIENTO\u00bb<\/span><\/h2>\n<style>.wp-show-posts-columns#wpsp-1095 {margin-left: -2em; }.wp-show-posts-columns#wpsp-1095 .wp-show-posts-inner {margin: 0 0 2em 2em; }<\/style><section id=\"wpsp-1095\" class=\" wp-show-posts-columns wp-show-posts\" style=\"\"><article class=\" wp-show-posts-single post-7759 post type-post status-publish format-standard has-post-thumbnail hentry category-bitacora category-proyectos-aprendizaje-servicio category-sin-categoria tag-ultimas-entradas wpsp-col-4\" itemtype=\"http:\/\/schema.org\/CreativeWork\" itemscope><div class=\"wp-show-posts-inner\" style=\"\">\t\t<div class=\"wp-show-posts-image  wpsp-image-center \">\n\t\t\t<a href=\"https:\/\/www.colegioaltamira.com.ar\/sitio\/proyectos-en-accion-comunicacion-con-proposito\/\"  title=\"Proyectos en Acci\u00f3n | Comunicaci\u00f3n con prop\u00f3sito\">\t\t\t\t\t<img src=\"https:\/\/www.colegioaltamira.com.ar\/sitio\/wp-content\/uploads\/2025\/10\/WhatsApp-Image-2025-10-16-at-13.35.34-e1760637046168-250x250.jpeg\" alt=\"Proyectos en Acci\u00f3n | Comunicaci\u00f3n con prop\u00f3sito\" itemprop=\"image\" class=\"center\" \/>\n\t\t\t\t<\/a>\t\t<\/div>\n\t\t\t\t\t\t\t\t<header class=\"wp-show-posts-entry-header\">\n\t\t\t\t\t\t\t<h2 class=\"wp-show-posts-entry-title\" itemprop=\"headline\"><a href=\"https:\/\/www.colegioaltamira.com.ar\/sitio\/proyectos-en-accion-comunicacion-con-proposito\/\" rel=\"bookmark\">Proyectos en Acci\u00f3n | Comunicaci\u00f3n con prop\u00f3sito<\/a><\/h2>\t\t\t\t\t\t<\/header><!-- .entry-header -->\n\t\t\t\t\t\t\t\t\t\t\t<div class=\"wp-show-posts-entry-summary\" itemprop=\"text\">\n\t\t\t\t\t\t\t<p>Desde el Taller de Comunicaci\u00f3n Institucional y Comunitaria, los estudiantes de 6.\u00ba a\u00f1o, junto a la docente Andrea Molina y&#8230;<\/p>\n\t\t\t\t\t\t<\/div><!-- .entry-summary -->\n\t\t\t\t\t<\/div><!-- wp-show-posts-inner --><\/article><article class=\" wp-show-posts-single post-7714 post type-post status-publish format-standard has-post-thumbnail hentry category-sin-categoria tag-ultimas-entradas wpsp-col-4\" itemtype=\"http:\/\/schema.org\/CreativeWork\" itemscope><div class=\"wp-show-posts-inner\" style=\"\">\t\t<div class=\"wp-show-posts-image  wpsp-image-center \">\n\t\t\t<a href=\"https:\/\/www.colegioaltamira.com.ar\/sitio\/un-cartel-con-alma-arte-huerta-y-trabajo-en-equipo\/\"  title=\"Un cartel con alma: arte, huerta y trabajo en equipo\">\t\t\t\t\t<img src=\"https:\/\/www.colegioaltamira.com.ar\/sitio\/wp-content\/uploads\/2025\/10\/WhatsApp-Image-2025-10-06-at-13.08.23-250x250.jpeg\" alt=\"Un cartel con alma: arte, huerta y trabajo en equipo\" itemprop=\"image\" class=\"center\" \/>\n\t\t\t\t<\/a>\t\t<\/div>\n\t\t\t\t\t\t\t\t<header class=\"wp-show-posts-entry-header\">\n\t\t\t\t\t\t\t<h2 class=\"wp-show-posts-entry-title\" itemprop=\"headline\"><a href=\"https:\/\/www.colegioaltamira.com.ar\/sitio\/un-cartel-con-alma-arte-huerta-y-trabajo-en-equipo\/\" rel=\"bookmark\">Un cartel con alma: arte, huerta y trabajo en equipo<\/a><\/h2>\t\t\t\t\t\t<\/header><!-- .entry-header -->\n\t\t\t\t\t\t\t\t\t\t\t<div class=\"wp-show-posts-entry-summary\" itemprop=\"text\">\n\t\t\t\t\t\t\t<p>Desde el taller de \u00abProducci\u00f3n Art\u00edstica Social\u00bb con los alumnos de 4to Naturales, este a\u00f1o surgi\u00f3 el proyecto de realizar&#8230;<\/p>\n\t\t\t\t\t\t<\/div><!-- .entry-summary -->\n\t\t\t\t\t<\/div><!-- wp-show-posts-inner --><\/article><article class=\" wp-show-posts-single post-7700 post type-post status-publish format-standard has-post-thumbnail hentry category-sin-categoria tag-ultimas-entradas wpsp-col-4\" itemtype=\"http:\/\/schema.org\/CreativeWork\" itemscope><div class=\"wp-show-posts-inner\" style=\"\">\t\t<div class=\"wp-show-posts-image  wpsp-image-center \">\n\t\t\t<a href=\"https:\/\/www.colegioaltamira.com.ar\/sitio\/un-gesto-que-construye-vinculos\/\"  title=\"&#x1f528;&#x1f499; Un gesto que construye v\u00ednculos\">\t\t\t\t\t<img src=\"https:\/\/www.colegioaltamira.com.ar\/sitio\/wp-content\/uploads\/2025\/10\/WhatsApp-Image-2025-10-03-at-16.23.30-250x250.jpeg\" alt=\"&#x1f528;&#x1f499; Un gesto que construye v\u00ednculos\" itemprop=\"image\" class=\"center\" \/>\n\t\t\t\t<\/a>\t\t<\/div>\n\t\t\t\t\t\t\t\t<header class=\"wp-show-posts-entry-header\">\n\t\t\t\t\t\t\t<h2 class=\"wp-show-posts-entry-title\" itemprop=\"headline\"><a href=\"https:\/\/www.colegioaltamira.com.ar\/sitio\/un-gesto-que-construye-vinculos\/\" rel=\"bookmark\">&#x1f528;&#x1f499; Un gesto que construye v\u00ednculos<\/a><\/h2>\t\t\t\t\t\t<\/header><!-- .entry-header -->\n\t\t\t\t\t\t\t\t\t\t\t<div class=\"wp-show-posts-entry-summary\" itemprop=\"text\">\n\t\t\t\t\t\t\t<p>Los alumnos del Taller de Carpinter\u00eda visitaron el Nivel Inicial y compartieron su creatividad y compromiso con los m\u00e1s peque\u00f1os,&#8230;<\/p>\n\t\t\t\t\t\t<\/div><!-- .entry-summary -->\n\t\t\t\t\t<\/div><!-- wp-show-posts-inner --><\/article><div class=\"wpsp-clear\"><\/div><\/section><!-- .wp-show-posts -->\n<p>&nbsp;<\/p>\n<div id=\"metaslider-id-1641\" style=\"width: 100%;\" class=\"ml-slider-3-33-0 metaslider metaslider-flex metaslider-1641 ml-slider ms-theme-default\" role=\"region\" aria-roledescription=\"Slideshow\" aria-label=\"Slideshow\">\n    <div id=\"metaslider_container_1641\">\n        <div id=\"metaslider_1641\" class=\"flexslider\">\n            <ul aria-live=\"polite\" class=\"slides\">\n                <li style=\"display: block; width: 100%;\" class=\"slide-3265 ms-image\" aria-roledescription=\"slide\" aria-label=\"slide-3265\"><a href=\"https:\/\/www.colegioaltamira.com.ar\/sitio\/category\/deportes\/\" target=\"_self\"><img src=\"https:\/\/www.colegioaltamira.com.ar\/sitio\/wp-content\/uploads\/2024\/04\/WhatsApp-Image-2024-04-25-at-17.25.48-1-1100x100.jpeg\" height=\"100\" width=\"1100\" alt=\"\" class=\"slider-1641 slide-3265\" title=\"WhatsApp Image 2024-04-25 at 17.25.48\" \/><\/a><div class=\"caption-wrap\"><div class=\"caption\">DEPORTES<\/div><\/div><\/li>\n            <\/ul>\n        <\/div>\n        \n    <\/div>\n<\/div>\n<h2 style=\"text-align: center;\">NOTICIAS \/ NYHEDER<\/h2>\n<style>.wp-show-posts-columns#wpsp-383 {margin-left: -2em; }.wp-show-posts-columns#wpsp-383 .wp-show-posts-inner {margin: 0 0 2em 2em; }<\/style><section id=\"wpsp-383\" class=\" wp-show-posts-columns wp-show-posts\" style=\"\"><article class=\" wp-show-posts-single post-8063 post type-post status-publish format-standard has-post-thumbnail hentry category-del-colegio category-interes-general category-noticias category-sin-categoria wpsp-col-4\" itemtype=\"http:\/\/schema.org\/CreativeWork\" itemscope><div class=\"wp-show-posts-inner\" style=\"\">\t\t<div class=\"wp-show-posts-image  wpsp-image-center \">\n\t\t\t<a href=\"https:\/\/www.colegioaltamira.com.ar\/sitio\/2-de-abril-dia-del-veterano-y-los-caidos-en-la-guerra-de-malvinas\/\"  title=\"2 de Abril: D\u00eda del Veterano y los ca\u00eddos en la Guerra de Malvinas\">\t\t\t\t\t<img src=\"https:\/\/www.colegioaltamira.com.ar\/sitio\/wp-content\/uploads\/2026\/04\/WhatsApp-Image-2026-04-02-at-14.04.21-250x250.jpeg\" alt=\"2 de Abril: D\u00eda del Veterano y los ca\u00eddos en la Guerra de Malvinas\" itemprop=\"image\" class=\"center\" \/>\n\t\t\t\t<\/a>\t\t<\/div>\n\t\t\t\t\t\t\t\t<header class=\"wp-show-posts-entry-header\">\n\t\t\t\t\t\t\t<h2 class=\"wp-show-posts-entry-title\" itemprop=\"headline\"><a href=\"https:\/\/www.colegioaltamira.com.ar\/sitio\/2-de-abril-dia-del-veterano-y-los-caidos-en-la-guerra-de-malvinas\/\" rel=\"bookmark\">2 de Abril: D\u00eda del Veterano y los ca\u00eddos en la Guerra de Malvinas<\/a><\/h2>\t\t\t\t\t\t<\/header><!-- .entry-header -->\n\t\t\t\t\t\t\t\t\t\t\t<div class=\"wp-show-posts-entry-summary\" itemprop=\"text\">\n\t\t\t\t\t\t\t<p>Hoy, 2 de abril, nuestra comunidad educativa se uni\u00f3 al homenaje nacional en memoria de los Veteranos y de los&#8230;<\/p>\n\t\t\t\t\t\t<\/div><!-- .entry-summary -->\n\t\t\t\t\t<\/div><!-- wp-show-posts-inner --><\/article><article class=\" wp-show-posts-single post-8048 post type-post status-publish format-standard has-post-thumbnail hentry category-eventos-escolares category-noticias wpsp-col-4\" itemtype=\"http:\/\/schema.org\/CreativeWork\" itemscope><div class=\"wp-show-posts-inner\" style=\"\">\t\t<div class=\"wp-show-posts-image  wpsp-image-center \">\n\t\t\t<a href=\"https:\/\/www.colegioaltamira.com.ar\/sitio\/patricia-orazietti-compromiso-y-vocacion-que-dejan-huella\/\"  title=\"Patricia Orazietti: compromiso y vocaci\u00f3n que dejan huella\">\t\t\t\t\t<img src=\"https:\/\/www.colegioaltamira.com.ar\/sitio\/wp-content\/uploads\/2026\/03\/foto-1-250x250.jpeg\" alt=\"Patricia Orazietti: compromiso y vocaci\u00f3n que dejan huella\" itemprop=\"image\" class=\"center\" \/>\n\t\t\t\t<\/a>\t\t<\/div>\n\t\t\t\t\t\t\t\t<header class=\"wp-show-posts-entry-header\">\n\t\t\t\t\t\t\t<h2 class=\"wp-show-posts-entry-title\" itemprop=\"headline\"><a href=\"https:\/\/www.colegioaltamira.com.ar\/sitio\/patricia-orazietti-compromiso-y-vocacion-que-dejan-huella\/\" rel=\"bookmark\">Patricia Orazietti: compromiso y vocaci\u00f3n que dejan huella<\/a><\/h2>\t\t\t\t\t\t<\/header><!-- .entry-header -->\n\t\t\t\t\t\t\t\t\t\t\t<div class=\"wp-show-posts-entry-summary\" itemprop=\"text\">\n\t\t\t\t\t\t\t<p>Con gratitud infinita despedimos a Patricia Orazietti, vicedirectora de nivel primario. Su dedicaci\u00f3n incansable y compromiso ejemplar acompa\u00f1aron a generaciones&#8230;<\/p>\n\t\t\t\t\t\t<\/div><!-- .entry-summary -->\n\t\t\t\t\t<\/div><!-- wp-show-posts-inner --><\/article><article class=\" wp-show-posts-single post-7982 post type-post status-publish format-standard has-post-thumbnail hentry category-noticias category-sin-categoria wpsp-col-4\" itemtype=\"http:\/\/schema.org\/CreativeWork\" itemscope><div class=\"wp-show-posts-inner\" style=\"\">\t\t<div class=\"wp-show-posts-image  wpsp-image-center \">\n\t\t\t<a href=\"https:\/\/www.colegioaltamira.com.ar\/sitio\/de-la-pausa-al-proyecto-compartido-preparacion-para-el-ciclo-lectivo-2026\/\"  title=\"De la pausa al proyecto compartido: preparaci\u00f3n para el ciclo lectivo 2026\">\t\t\t\t\t<img src=\"https:\/\/www.colegioaltamira.com.ar\/sitio\/wp-content\/uploads\/2026\/02\/portada-250x250.jpg\" alt=\"De la pausa al proyecto compartido: preparaci\u00f3n para el ciclo lectivo 2026\" itemprop=\"image\" class=\"center\" \/>\n\t\t\t\t<\/a>\t\t<\/div>\n\t\t\t\t\t\t\t\t<header class=\"wp-show-posts-entry-header\">\n\t\t\t\t\t\t\t<h2 class=\"wp-show-posts-entry-title\" itemprop=\"headline\"><a href=\"https:\/\/www.colegioaltamira.com.ar\/sitio\/de-la-pausa-al-proyecto-compartido-preparacion-para-el-ciclo-lectivo-2026\/\" rel=\"bookmark\">De la pausa al proyecto compartido: preparaci\u00f3n para el ciclo lectivo 2026<\/a><\/h2>\t\t\t\t\t\t<\/header><!-- .entry-header -->\n\t\t\t\t\t\t\t\t\t\t\t<div class=\"wp-show-posts-entry-summary\" itemprop=\"text\">\n\t\t\t\t\t\t\t<p>En el d\u00eda de ayer se dio inicio a las Jornadas Institucionales establecidas por la DGCyE, programadas para los d\u00edas&#8230;<\/p>\n\t\t\t\t\t\t<\/div><!-- .entry-summary -->\n\t\t\t\t\t<\/div><!-- wp-show-posts-inner --><\/article><div class=\"wpsp-clear\"><\/div><\/section><!-- .wp-show-posts -->\n","protected":false},"excerpt":{"rendered":"<p>\u00abAPRENDIENDO A HACER: TALLERES EN MOVIMIENTO\u00bb &nbsp; NOTICIAS \/ NYHEDER<\/p>\n","protected":false},"author":1,"featured_media":0,"parent":0,"menu_order":0,"comment_status":"closed","ping_status":"closed","template":"","meta":[],"acf":[],"_links":{"self":[{"href":"https:\/\/www.colegioaltamira.com.ar\/sitio\/wp-json\/wp\/v2\/pages\/286"}],"collection":[{"href":"https:\/\/www.colegioaltamira.com.ar\/sitio\/wp-json\/wp\/v2\/pages"}],"about":[{"href":"https:\/\/www.colegioaltamira.com.ar\/sitio\/wp-json\/wp\/v2\/types\/page"}],"author":[{"embeddable":true,"href":"https:\/\/www.colegioaltamira.com.ar\/sitio\/wp-json\/wp\/v2\/users\/1"}],"replies":[{"embeddable":true,"href":"https:\/\/www.colegioaltamira.com.ar\/sitio\/wp-json\/wp\/v2\/comments?post=286"}],"version-history":[{"count":469,"href":"https:\/\/www.colegioaltamira.com.ar\/sitio\/wp-json\/wp\/v2\/pages\/286\/revisions"}],"predecessor-version":[{"id":7969,"href":"https:\/\/www.colegioaltamira.com.ar\/sitio\/wp-json\/wp\/v2\/pages\/286\/revisions\/7969"}],"wp:attachment":[{"href":"https:\/\/www.colegioaltamira.com.ar\/sitio\/wp-json\/wp\/v2\/media?parent=286"}],"curies":[{"name":"wp","href":"https:\/\/api.w.org\/{rel}","templated":true}]}}