{"id":2358,"date":"2020-08-27T09:42:31","date_gmt":"2020-08-27T12:42:31","guid":{"rendered":"https:\/\/www.colegioaltamira.com.ar\/sitio\/?page_id=2358"},"modified":"2020-08-27T09:42:31","modified_gmt":"2020-08-27T12:42:31","slug":"23o-seminario-internacional-de-aprendizaje-y-servicio-solidario","status":"publish","type":"page","link":"https:\/\/www.colegioaltamira.com.ar\/sitio\/23o-seminario-internacional-de-aprendizaje-y-servicio-solidario\/","title":{"rendered":"23\u00ba Seminario Internacional de Aprendizaje y Servicio Solidario"},"content":{"rendered":"<div class=\"block-title-wrap\">\n<div class=\"block-title-content\">\n<h2 class=\"block-title\"><b style=\"font-size: 16px;\">Durante los d\u00edas 26, 27 y 28 de agosto Buenos Aires ser\u00e1 el punto de encuentro de los m\u00e1s destacados especialistas en aprendizaje-servicio del mundo. Todos ellos ofrecer\u00e1n, de manera online, conferencias, talleres y debates a trav\u00e9s de la p\u00e1gina de CLAYSS y sus canales de comunicaci\u00f3n. Las actividades ser\u00e1n de acceso libre y gratuito con inscripci\u00f3n previa.<\/b><\/h2>\n<\/div>\n<\/div>\n<div class=\"feat-block-text\">\n<div class=\"field field-body field-label-hidden field-item\">\n<p>El 23\u00b0 Seminario es organizado por CLAYSS, Centro Latinoamericano de aprendizaje y servicio solidario cuenta con el apoyo del Ministerio de Educaci\u00f3n de Argentina y de la Organizaci\u00f3n de Estados Iberoamericanos (OEI) y con la colaboraci\u00f3n de nuestros aliados de la Red Iberoamericana de aprendizaje-servicio.<\/p>\n<table border=\"0\" width=\"650\" cellspacing=\"12\" cellpadding=\"0\">\n<tbody>\n<tr>\n<td>\n<table id=\"m_-5831137559846578514spnl-ximage-0\" border=\"0\" width=\"100%\" cellspacing=\"0\" cellpadding=\"0\">\n<tbody>\n<tr>\n<td align=\"center\"><img decoding=\"async\" loading=\"lazy\" class=\"CToWUd\" src=\"https:\/\/ci3.googleusercontent.com\/proxy\/R7RekFm0sa-XrOcqMI4eH0OjKjjRoU3RCGLlmQuGpPxiA_EyaIuNdNzzKt31uHdUHPl_DmFx3mqeumy6xCnzb_ifOQ=s0-d-e1-ft#http:\/\/www.clayss.org.ar\/images\/23sem_header.jpg\" alt=\"\" width=\"\" height=\"\" align=\"center\" \/><\/td>\n<\/tr>\n<\/tbody>\n<\/table>\n<\/td>\n<\/tr>\n<tr>\n<td>Puede ver la agenda completa aqu\u00ed\u00a0<a href=\"https:\/\/envios.clayss.org\/?sendpress=eyJpZCI6IjE5MDIwIiwicmVwb3J0IjoiMTQxIiwidmlldyI6InRyYWNrZXIiLCJ1cmwiOiJodHRwczpcL1wvc2VtaW5hcmlvLmNsYXlzcy5vcmdcLyJ9\" target=\"_blank\" rel=\"noopener\" data-saferedirecturl=\"https:\/\/www.google.com\/url?q=https:\/\/envios.clayss.org\/?sendpress%3DeyJpZCI6IjE5MDIwIiwicmVwb3J0IjoiMTQxIiwidmlldyI6InRyYWNrZXIiLCJ1cmwiOiJodHRwczpcL1wvc2VtaW5hcmlvLmNsYXlzcy5vcmdcLyJ9&amp;source=gmail&amp;ust=1598617620089000&amp;usg=AFQjCNHHYbdpnkScuF5fee3kKkR5zzbdjA\"><strong>https:\/\/seminario.clayss.org\/<\/strong><\/a><a href=\"https:\/\/envios.clayss.org\/?sendpress=eyJpZCI6IjE5MDIwIiwicmVwb3J0IjoiMTQxIiwidmlldyI6InRyYWNrZXIiLCJ1cmwiOiJodHRwczpcL1wvc2VtaW5hcmlvLmNsYXlzcy5vcmdcLyJ9\" target=\"_blank\" rel=\"noopener\" data-saferedirecturl=\"https:\/\/www.google.com\/url?q=https:\/\/envios.clayss.org\/?sendpress%3DeyJpZCI6IjE5MDIwIiwicmVwb3J0IjoiMTQxIiwidmlldyI6InRyYWNrZXIiLCJ1cmwiOiJodHRwczpcL1wvc2VtaW5hcmlvLmNsYXlzcy5vcmdcLyJ9&amp;source=gmail&amp;ust=1598617620089000&amp;usg=AFQjCNHHYbdpnkScuF5fee3kKkR5zzbdjA\"><br \/>\n<\/a><\/p>\n<h1><strong>INFORMACI\u00d3N IMPORTANTE<\/strong><\/h1>\n<p>\u2013 Podr\u00e1n participar de todos los plenarios a trav\u00e9s de nuestro canal de YouTube\u00a0<strong><a href=\"https:\/\/envios.clayss.org\/?sendpress=eyJpZCI6IjE5MDIwIiwicmVwb3J0IjoiMTQxIiwidmlldyI6InRyYWNrZXIiLCJ1cmwiOiJodHRwczpcL1wvd3d3LnlvdXR1YmUuY29tXC91c2VyXC9jbGF5c3NkaWdpdGFsIn0\" target=\"_blank\" rel=\"noopener\" data-saferedirecturl=\"https:\/\/www.google.com\/url?q=https:\/\/envios.clayss.org\/?sendpress%3DeyJpZCI6IjE5MDIwIiwicmVwb3J0IjoiMTQxIiwidmlldyI6InRyYWNrZXIiLCJ1cmwiOiJodHRwczpcL1wvd3d3LnlvdXR1YmUuY29tXC91c2VyXC9jbGF5c3NkaWdpdGFsIn0&amp;source=gmail&amp;ust=1598617620089000&amp;usg=AFQjCNEO3ZT_8fAtnD7Qme6UHAGJvf8Fqg\">@clayssdigital<\/a>\u00a0<\/strong><\/td>\n<\/tr>\n<\/tbody>\n<\/table>\n<\/div>\n<\/div>\n","protected":false},"excerpt":{"rendered":"<p>Durante los d\u00edas 26, 27 y 28 de agosto Buenos Aires ser\u00e1 el punto de encuentro de los m\u00e1s destacados especialistas en aprendizaje-servicio del mundo. Todos ellos ofrecer\u00e1n, de manera online, conferencias, talleres y debates a trav\u00e9s de la p\u00e1gina de CLAYSS y sus canales de comunicaci\u00f3n. Las actividades ser\u00e1n de acceso libre y gratuito &#8230; <a title=\"23\u00ba Seminario Internacional de Aprendizaje y Servicio Solidario\" class=\"read-more\" href=\"https:\/\/www.colegioaltamira.com.ar\/sitio\/23o-seminario-internacional-de-aprendizaje-y-servicio-solidario\/\" aria-label=\"More on 23\u00ba Seminario Internacional de Aprendizaje y Servicio Solidario\">[+]<\/a><\/p>\n","protected":false},"author":1434,"featured_media":2360,"parent":0,"menu_order":0,"comment_status":"closed","ping_status":"closed","template":"","meta":[],"acf":[],"_links":{"self":[{"href":"https:\/\/www.colegioaltamira.com.ar\/sitio\/wp-json\/wp\/v2\/pages\/2358"}],"collection":[{"href":"https:\/\/www.colegioaltamira.com.ar\/sitio\/wp-json\/wp\/v2\/pages"}],"about":[{"href":"https:\/\/www.colegioaltamira.com.ar\/sitio\/wp-json\/wp\/v2\/types\/page"}],"author":[{"embeddable":true,"href":"https:\/\/www.colegioaltamira.com.ar\/sitio\/wp-json\/wp\/v2\/users\/1434"}],"replies":[{"embeddable":true,"href":"https:\/\/www.colegioaltamira.com.ar\/sitio\/wp-json\/wp\/v2\/comments?post=2358"}],"version-history":[{"count":3,"href":"https:\/\/www.colegioaltamira.com.ar\/sitio\/wp-json\/wp\/v2\/pages\/2358\/revisions"}],"predecessor-version":[{"id":2723,"href":"https:\/\/www.colegioaltamira.com.ar\/sitio\/wp-json\/wp\/v2\/pages\/2358\/revisions\/2723"}],"wp:featuredmedia":[{"embeddable":true,"href":"https:\/\/www.colegioaltamira.com.ar\/sitio\/wp-json\/wp\/v2\/media\/2360"}],"wp:attachment":[{"href":"https:\/\/www.colegioaltamira.com.ar\/sitio\/wp-json\/wp\/v2\/media?parent=2358"}],"curies":[{"name":"wp","href":"https:\/\/api.w.org\/{rel}","templated":true}]}}