{"id":1090,"date":"2018-11-15T11:10:27","date_gmt":"2018-11-15T14:10:27","guid":{"rendered":"https:\/\/www.colegioaltamira.com.ar\/sitio\/talleres-3\/"},"modified":"2023-11-24T17:25:36","modified_gmt":"2023-11-24T20:25:36","slug":"talleres-3","status":"publish","type":"page","link":"https:\/\/www.colegioaltamira.com.ar\/sitio\/talleres-3\/","title":{"rendered":"Talleres"},"content":{"rendered":"\n<div class=\"wp-block-columns is-layout-flex wp-container-4\">\n<div class=\"wp-block-column is-layout-flow\" style=\"flex-basis:25%\">\n<p class=\"has-text-align-center\"><strong>Artes visuales<\/strong><\/p>\n\n\n\n<p class=\"has-text-align-center\">Sala de 2, 3, 4 y 5 a\u00f1os<\/p>\n<\/div>\n\n\n\n<div class=\"wp-block-column is-layout-flow\" style=\"flex-basis:50%\">\n<p>Los lenguajes art\u00edsticos, les permiten a los ni\u00f1os y ni\u00f1as apropiarse del universo y as\u00ed contar, desde una imagen propia, c\u00f3mo ven el mundo y a las personas que lo habitan,&nbsp; y&nbsp;representar las percepciones que pueblan su mundo interno, su fantas\u00eda y su imaginaci\u00f3n.<\/p>\n<\/div>\n\n\n\n<div class=\"wp-block-column is-layout-flow\" style=\"flex-basis:25%\">\n<figure class=\"wp-block-image size-full\"><img decoding=\"async\" loading=\"lazy\" width=\"1094\" height=\"962\" src=\"https:\/\/www.colegioaltamira.com.ar\/sitio\/wp-content\/uploads\/2023\/11\/arte.png\" alt=\"\" class=\"wp-image-5596\" srcset=\"https:\/\/www.colegioaltamira.com.ar\/sitio\/wp-content\/uploads\/2023\/11\/arte.png 1094w, https:\/\/www.colegioaltamira.com.ar\/sitio\/wp-content\/uploads\/2023\/11\/arte-1000x879.png 1000w, https:\/\/www.colegioaltamira.com.ar\/sitio\/wp-content\/uploads\/2023\/11\/arte-768x675.png 768w\" sizes=\"(max-width: 1094px) 100vw, 1094px\" \/><\/figure>\n<\/div>\n<\/div>\n\n\n\n<div class=\"wp-block-columns is-layout-flex wp-container-8\">\n<div class=\"wp-block-column is-layout-flow\" style=\"flex-basis:25%\">\n<p class=\"has-text-align-center\"><strong>Eco Huerta<\/strong><\/p>\n\n\n\n<p class=\"has-text-align-center\">Sala de 4 y 5 a\u00f1os<\/p>\n<\/div>\n\n\n\n<div class=\"wp-block-column is-layout-flow\" style=\"flex-basis:50%\">\n<p>Trabajaremos con la Huerta, nos introducimos en el conocimiento a partir del trabajo de campo, al aire libre y en el invernadero. Vamos a explorar, experimentar con la tierra, nos acercamos a la naturaleza.&nbsp;<\/p>\n<\/div>\n\n\n\n<div class=\"wp-block-column is-layout-flow\" style=\"flex-basis:25%\">\n<figure class=\"wp-block-image size-full\"><img decoding=\"async\" loading=\"lazy\" width=\"1156\" height=\"674\" src=\"https:\/\/www.colegioaltamira.com.ar\/sitio\/wp-content\/uploads\/2023\/11\/ecoo.png\" alt=\"\" class=\"wp-image-5594\" srcset=\"https:\/\/www.colegioaltamira.com.ar\/sitio\/wp-content\/uploads\/2023\/11\/ecoo.png 1156w, https:\/\/www.colegioaltamira.com.ar\/sitio\/wp-content\/uploads\/2023\/11\/ecoo-1000x583.png 1000w, https:\/\/www.colegioaltamira.com.ar\/sitio\/wp-content\/uploads\/2023\/11\/ecoo-768x448.png 768w\" sizes=\"(max-width: 1156px) 100vw, 1156px\" \/><\/figure>\n<\/div>\n<\/div>\n\n\n\n<div class=\"wp-block-columns is-layout-flex wp-container-12\">\n<div class=\"wp-block-column is-layout-flow\" style=\"flex-basis:25%\">\n<p class=\"has-text-align-center\"><strong>Ingl\u00e9s<\/strong><\/p>\n\n\n\n<p class=\"has-text-align-center\">Sala de 5 a\u00f1os<\/p>\n<\/div>\n\n\n\n<div class=\"wp-block-column is-layout-flow\" style=\"flex-basis:50%\">\n<p>Ense\u00f1ar una lengua extranjera es, tal vez, una necesidad para vivir en una aldea global como es el mundo en el que interactuamos. Comunicarnos es mucho m\u00e1s que hablar una<br>lengua ya que implica escuchar y comprender universos culturales<\/p>\n<\/div>\n\n\n\n<div class=\"wp-block-column is-layout-flow\" style=\"flex-basis:25%\">\n<figure class=\"wp-block-image size-full\"><img decoding=\"async\" loading=\"lazy\" width=\"309\" height=\"163\" src=\"https:\/\/www.colegioaltamira.com.ar\/sitio\/wp-content\/uploads\/2023\/11\/WhatsApp-Image-2023-11-24-at-17.15.11.jpeg\" alt=\"\" class=\"wp-image-5598\"\/><\/figure>\n<\/div>\n<\/div>\n\n\n\n<div class=\"wp-block-columns is-layout-flex wp-container-16\">\n<div class=\"wp-block-column is-layout-flow\" style=\"flex-basis:25%\">\n<p class=\"has-text-align-center\"><strong>Expresi\u00f3n corporal<\/strong><\/p>\n\n\n\n<p class=\"has-text-align-center\">Sala de 3 y 4 a\u00f1os<\/p>\n<\/div>\n\n\n\n<div class=\"wp-block-column is-layout-flow\" style=\"flex-basis:50%\">\n<p>Aprenderemos&nbsp;a expresar nuestras ideas y emociones con movimientos del cuerpo<\/p>\n<\/div>\n\n\n\n<div class=\"wp-block-column is-layout-flow\" style=\"flex-basis:25%\"><p><img decoding=\"async\" loading=\"lazy\" style=\"vertical-align: middle;\" src=\"https:\/\/www.colegioaltamira.com.ar\/aula\/archivos\/repositorio\/250\/388\/exprecion_corporal.jpg\" alt=\"\" width=\"241\" height=\"145\" border=\"0\"><\/p>\n<\/div>\n<\/div>\n\n\n\n<div class=\"wp-block-columns is-layout-flex wp-container-20\">\n<div class=\"wp-block-column is-layout-flow\" style=\"flex-basis:25%\">\n<p class=\"has-text-align-center\"><strong>Educaci\u00f3n F\u00edsica<\/strong><\/p>\n\n\n\n<p class=\"has-text-align-center\">Sala de 2, 3, 4, 5  a\u00f1os<\/p>\n<\/div>\n\n\n\n<div class=\"wp-block-column is-layout-flow\" style=\"flex-basis:50%\">\n<p>Trabajaremos&nbsp;la formaci\u00f3n corporal y motriz a trav\u00e9s del juego y la expresi\u00f3n<\/p>\n<\/div>\n\n\n\n<div class=\"wp-block-column is-layout-flow\" style=\"flex-basis:25%\"><p><img decoding=\"async\" loading=\"lazy\" style=\"vertical-align: middle;\" src=\"https:\/\/www.colegioaltamira.com.ar\/aula\/archivos\/repositorio\/250\/400\/gim_jardin.jpg\" alt=\"\" width=\"240\" height=\"179\" border=\"0\"><\/p>\n<\/div>\n<\/div>\n\n\n\n<div class=\"wp-block-columns is-layout-flex wp-container-24\">\n<div class=\"wp-block-column is-layout-flow\" style=\"flex-basis:25%\">\n<p class=\"has-text-align-center\"><\/p>\n<\/div>\n\n\n\n<div class=\"wp-block-column is-layout-flow\" style=\"flex-basis:50%\">\n<p><\/p>\n<\/div>\n\n\n\n<div class=\"wp-block-column is-layout-flow\" style=\"flex-basis:25%\"><\/div>\n<\/div>\n","protected":false},"excerpt":{"rendered":"<p>Artes visuales Sala de 2, 3, 4 y 5 a\u00f1os Los lenguajes art\u00edsticos, les permiten a los ni\u00f1os y ni\u00f1as apropiarse del universo y as\u00ed contar, desde una imagen propia, c\u00f3mo ven el mundo y a las personas que lo habitan,&nbsp; y&nbsp;representar las percepciones que pueblan su mundo interno, su fantas\u00eda y su imaginaci\u00f3n. Eco &#8230; <a title=\"Talleres\" class=\"read-more\" href=\"https:\/\/www.colegioaltamira.com.ar\/sitio\/talleres-3\/\" aria-label=\"More on Talleres\">[+]<\/a><\/p>\n","protected":false},"author":1449,"featured_media":0,"parent":0,"menu_order":0,"comment_status":"closed","ping_status":"closed","template":"","meta":[],"acf":[],"_links":{"self":[{"href":"https:\/\/www.colegioaltamira.com.ar\/sitio\/wp-json\/wp\/v2\/pages\/1090"}],"collection":[{"href":"https:\/\/www.colegioaltamira.com.ar\/sitio\/wp-json\/wp\/v2\/pages"}],"about":[{"href":"https:\/\/www.colegioaltamira.com.ar\/sitio\/wp-json\/wp\/v2\/types\/page"}],"author":[{"embeddable":true,"href":"https:\/\/www.colegioaltamira.com.ar\/sitio\/wp-json\/wp\/v2\/users\/1449"}],"replies":[{"embeddable":true,"href":"https:\/\/www.colegioaltamira.com.ar\/sitio\/wp-json\/wp\/v2\/comments?post=1090"}],"version-history":[{"count":9,"href":"https:\/\/www.colegioaltamira.com.ar\/sitio\/wp-json\/wp\/v2\/pages\/1090\/revisions"}],"predecessor-version":[{"id":5599,"href":"https:\/\/www.colegioaltamira.com.ar\/sitio\/wp-json\/wp\/v2\/pages\/1090\/revisions\/5599"}],"wp:attachment":[{"href":"https:\/\/www.colegioaltamira.com.ar\/sitio\/wp-json\/wp\/v2\/media?parent=1090"}],"curies":[{"name":"wp","href":"https:\/\/api.w.org\/{rel}","templated":true}]}}