{"id":1088,"date":"2018-11-15T11:10:26","date_gmt":"2018-11-15T14:10:26","guid":{"rendered":"https:\/\/www.colegioaltamira.com.ar\/sitio\/talleres-2\/"},"modified":"2024-06-28T17:50:11","modified_gmt":"2024-06-28T20:50:11","slug":"talleres-2","status":"publish","type":"page","link":"https:\/\/www.colegioaltamira.com.ar\/sitio\/talleres-2\/","title":{"rendered":"Talleres EP"},"content":{"rendered":"\n<div class=\"wp-block-columns is-layout-flex wp-container-4\">\n<div class=\"wp-block-column is-layout-flow\" style=\"flex-basis:25%\">\n<p class=\"has-text-align-center\">Yoga<\/p>\n<\/div>\n\n\n\n<div class=\"wp-block-column is-layout-flow\" style=\"flex-basis:50%\">\n<p>Crearemos un espacio de calma y buena relaciones,&nbsp;y nos conectaremos con nuestro cuerpo, emociones, respiracion, creatividad, valores propios<\/p>\n<\/div>\n\n\n\n<div class=\"wp-block-column is-layout-flow\" style=\"flex-basis:25%\"><p><img decoding=\"async\" loading=\"lazy\" style=\"vertical-align: middle;\" src=\"https:\/\/www.colegioaltamira.com.ar\/aula\/archivos\/repositorio\/250\/384\/IMG_20160819_160502137.jpg\" alt=\"\" width=\"230\" height=\"165\" border=\"0\"><\/p>\n<\/div>\n<\/div>\n\n\n\n<div class=\"wp-block-columns is-layout-flex wp-container-8\">\n<div class=\"wp-block-column is-layout-flow\" style=\"flex-basis:25%\">\n<p class=\"has-text-align-center\">Art\u00edstica y valores<\/p>\n<\/div>\n\n\n\n<div class=\"wp-block-column is-layout-flow\" style=\"flex-basis:50%\">\n<p>A trav\u00e9s de las artes pl\u00e1sticas trabajaremos la convivencia y la relaci\u00f3n con nuestro medio ambiente<\/p>\n<\/div>\n\n\n\n<div class=\"wp-block-column is-layout-flow\" style=\"flex-basis:25%\"><p><img decoding=\"async\" loading=\"lazy\" style=\"vertical-align: middle;\" src=\"https:\/\/www.colegioaltamira.com.ar\/aula\/archivos\/repositorio\/250\/385\/images.jpg\" alt=\"\" width=\"230\" height=\"158\" border=\"0\"><\/p>\n<\/div>\n<\/div>\n\n\n\n<div class=\"wp-block-columns is-layout-flex wp-container-12\">\n<div class=\"wp-block-column is-layout-flow\" style=\"flex-basis:25%\">\n<p class=\"has-text-align-center\">Teatro y Valores<\/p>\n<\/div>\n\n\n\n<div class=\"wp-block-column is-layout-flow\" style=\"flex-basis:50%\">\n<p>Vivenciaremos la acci\u00f3n dram\u00e1tica haciendo incapi\u00e9 en la convivencia y la relaci\u00f3n con nuestro medio ambiente.<\/p>\n<\/div>\n\n\n\n<div class=\"wp-block-column is-layout-flow\" style=\"flex-basis:25%\"><p><img decoding=\"async\" loading=\"lazy\" style=\"vertical-align: middle;\" src=\"https:\/\/www.colegioaltamira.com.ar\/aula\/archivos\/repositorio\/250\/386\/images_2.jpg\" alt=\"\" width=\"230\" height=\"157\" border=\"0\"><\/p>\n<\/div>\n<\/div>\n\n\n\n<div class=\"wp-block-columns is-layout-flex wp-container-16\">\n<div class=\"wp-block-column is-layout-flow\" style=\"flex-basis:25%\">\n<p class=\"has-text-align-center\">Educaci\u00f3n f\u00edsica<\/p>\n<\/div>\n\n\n\n<div class=\"wp-block-column is-layout-flow\" style=\"flex-basis:50%\">\n<p>Desarrollaremos nuestro cuerpo mediante la pr\u00e1ctica del deporte<\/p>\n<\/div>\n\n\n\n<div class=\"wp-block-column is-layout-flow\" style=\"flex-basis:25%\"><p><img decoding=\"async\" loading=\"lazy\" style=\"vertical-align: middle;\" src=\"https:\/\/www.colegioaltamira.com.ar\/aula\/archivos\/repositorio\/250\/382\/foto_2.png\" alt=\"\" width=\"232\" height=\"132\" border=\"0\"><\/p>\n<\/div>\n<\/div>\n\n\n\n<div class=\"wp-block-columns is-layout-flex wp-container-20\">\n<div class=\"wp-block-column is-layout-flow\" style=\"flex-basis:25%\">\n<p class=\"has-text-align-center\">Computaci\u00f3n<\/p>\n<\/div>\n\n\n\n<div class=\"wp-block-column is-layout-flow\" style=\"flex-basis:50%\">\n<p>Identificaremos los componentes de la PC y experimentaremos el uso de diferentes programas<\/p>\n<\/div>\n\n\n\n<div class=\"wp-block-column is-layout-flow\" style=\"flex-basis:25%\"><p><img decoding=\"async\" loading=\"lazy\" style=\"vertical-align: middle;\" src=\"https:\/\/www.colegioaltamira.com.ar\/aula\/archivos\/repositorio\/250\/398\/IMG-20171116-WA0069.jpg\" alt=\"\" width=\"230\" height=\"156\" border=\"0\"><\/p>\n<\/div>\n<\/div>\n\n\n\n<div class=\"wp-block-columns is-layout-flex wp-container-24\">\n<div class=\"wp-block-column is-layout-flow\" style=\"flex-basis:25%\">\n<p class=\"has-text-align-center\">Forestaci\u00f3n<\/p>\n<\/div>\n\n\n\n<div class=\"wp-block-column is-layout-flow\" style=\"flex-basis:50%\">\n<p>Veremos contenidos y caracteristicas de los seres vivos, el impacto e la contaminaci\u00f3n en la biodiversidad y la importancia del recurso forestal.<\/p>\n<\/div>\n\n\n\n<div class=\"wp-block-column is-layout-flow\" style=\"flex-basis:25%\"><p><img decoding=\"async\" loading=\"lazy\" style=\"vertical-align: middle;\" src=\"https:\/\/www.colegioaltamira.com.ar\/aula\/archivos\/repositorio\/250\/380\/huerta.jpg\" alt=\"\" width=\"230\" height=\"141\" border=\"0\"><\/p>\n<\/div>\n<\/div>\n\n\n\n<div class=\"wp-block-columns is-layout-flex wp-container-28\">\n<div class=\"wp-block-column is-layout-flow\" style=\"flex-basis:25%\">\n<p class=\"has-text-align-center\">Ingl\u00e9s<\/p>\n<\/div>\n\n\n\n<div class=\"wp-block-column is-layout-flow\" style=\"flex-basis:50%\">\n<p>Nos proponemos reconocer el ingles como un medio, nos centraremos en la creaci\u00f3n e interpretaci\u00f3n de significados basados en nuestras necesidades comunicactivas<\/p>\n<\/div>\n\n\n\n<div class=\"wp-block-column is-layout-flow\" style=\"flex-basis:25%\"><p><img decoding=\"async\" loading=\"lazy\" src=\"https:\/\/encrypted-tbn0.gstatic.com\/images?q=tbn:ANd9GcTVP0vICAe3pwr3PAHEX2LgRdrHLRVYxBZPEw03cKeYlPDZjh_N\" alt=\"Resultado de imagen para ingles primaria\" width=\"250\" height=\"165\" border=\"0\"><\/p>\n<\/div>\n<\/div>\n\n\n\n<div class=\"wp-block-columns is-layout-flex wp-container-32\">\n<div class=\"wp-block-column is-layout-flow\" style=\"flex-basis:25%\">\n<p class=\"has-text-align-center\">Radio<\/p>\n<\/div>\n\n\n\n<div class=\"wp-block-column is-layout-flow\" style=\"flex-basis:50%\">\n<p>Abriremos las puertas a la comunicaci\u00f3n para expresar mediante&nbsp;nuestras voces, deseos y necesidades.<\/p>\n<\/div>\n\n\n\n<div class=\"wp-block-column is-layout-flow\" style=\"flex-basis:25%\"><p><img decoding=\"async\" loading=\"lazy\" style=\"vertical-align: middle;\" src=\"https:\/\/www.colegioaltamira.com.ar\/aula\/archivos\/repositorio\/250\/379\/radio.jpg\" alt=\"\" width=\"230\" height=\"150\" border=\"0\"><\/p>\n<\/div>\n<\/div>\n\n\n\n<div class=\"wp-block-columns is-layout-flex wp-container-36\">\n<div class=\"wp-block-column is-layout-flow\" style=\"flex-basis:25%\">\n<p class=\"has-text-align-center\">Socorrismo RCP<\/p>\n<\/div>\n\n\n\n<div class=\"wp-block-column is-layout-flow\" style=\"flex-basis:50%\">\n<p>Aprenderemos a prevenir y a actuar ante las emergencias m\u00e1s frecuentes que se presentan en los \u00e1mbito que frecuentamos<\/p>\n<\/div>\n\n\n\n<div class=\"wp-block-column is-layout-flow\" style=\"flex-basis:25%\"><p><img decoding=\"async\" loading=\"lazy\" style=\"vertical-align: middle;\" src=\"https:\/\/www.colegioaltamira.com.ar\/aula\/archivos\/repositorio\/250\/378\/socorrismo.jpg\" alt=\"\" width=\"230\" height=\"163\" border=\"0\"><\/p>\n<\/div>\n<\/div>\n\n\n\n<div class=\"wp-block-columns is-layout-flex wp-container-40\">\n<div class=\"wp-block-column is-layout-flow\" style=\"flex-basis:25%\">\n<p class=\"has-text-align-center\">Resoluci\u00f3n pac\u00edfica de conflictos<\/p>\n<\/div>\n\n\n\n<div class=\"wp-block-column is-layout-flow\" style=\"flex-basis:50%\">\n<p>Aprenderemos a actuar frente a situaciones de conflicto de manera pac\u00edfica&nbsp;y con sensibilidad anal\u00edtica cr\u00edtica frente a la violencia&nbsp;<\/p>\n<\/div>\n\n\n\n<div class=\"wp-block-column is-layout-flow\" style=\"flex-basis:25%\"><p><img decoding=\"async\" loading=\"lazy\" src=\"https:\/\/encrypted-tbn0.gstatic.com\/images?q=tbn:ANd9GcRnFzQLCpWvBjSXj1nL-Mc7ilSoMvaqR9YN22kFDaWGVqB3OzcWKQ\" alt=\"Resultado de imagen para resoluci\u00f3n pac\u00edfica de conflictos\" width=\"230\" height=\"165\" border=\"0\"><\/p>\n<\/div>\n<\/div>\n\n\n\n<div class=\"wp-block-columns is-layout-flex wp-container-44\">\n<div class=\"wp-block-column is-layout-flow\" style=\"flex-basis:25%\">\n<p class=\"has-text-align-center\">Atletismo<\/p>\n<\/div>\n\n\n\n<div class=\"wp-block-column is-layout-flow\" style=\"flex-basis:50%\">\n<p>De forma alegre y divertida descubriremos las pruebas de atletismo, sus t\u00e9cnicas, ritmo y equiloibrio.<\/p>\n<\/div>\n\n\n\n<div class=\"wp-block-column is-layout-flow\" style=\"flex-basis:25%\"><p><img decoding=\"async\" loading=\"lazy\" style=\"vertical-align: middle;\" src=\"https:\/\/www.colegioaltamira.com.ar\/aula\/archivos\/repositorio\/250\/401\/educ.fisica1.gif\" alt=\"\" width=\"230\" height=\"183\" border=\"0\"><\/p>\n<\/div>\n<\/div>\n\n\n\n<div class=\"wp-block-columns is-layout-flex wp-container-48\">\n<div class=\"wp-block-column is-vertically-aligned-center is-layout-flow\">\n<p class=\"has-text-align-center\">Huerta<\/p>\n<\/div>\n\n\n\n<div class=\"wp-block-column is-vertically-aligned-center is-layout-flow\">\n<p>Aprendemos sobre el cuidado de las plantas<\/p>\n<\/div>\n\n\n\n<div class=\"wp-block-column is-layout-flow\">\n<figure class=\"wp-block-image size-full is-resized\"><img decoding=\"async\" loading=\"lazy\" src=\"https:\/\/www.colegioaltamira.com.ar\/sitio\/wp-content\/uploads\/2023\/04\/WhatsApp-Image-2023-04-28-at-16.21.30-1.jpeg\" alt=\"\" class=\"wp-image-4626\" width=\"193\" height=\"258\" srcset=\"https:\/\/www.colegioaltamira.com.ar\/sitio\/wp-content\/uploads\/2023\/04\/WhatsApp-Image-2023-04-28-at-16.21.30-1.jpeg 960w, https:\/\/www.colegioaltamira.com.ar\/sitio\/wp-content\/uploads\/2023\/04\/WhatsApp-Image-2023-04-28-at-16.21.30-1-750x1000.jpeg 750w, https:\/\/www.colegioaltamira.com.ar\/sitio\/wp-content\/uploads\/2023\/04\/WhatsApp-Image-2023-04-28-at-16.21.30-1-768x1024.jpeg 768w\" sizes=\"(max-width: 193px) 100vw, 193px\" \/><\/figure>\n<\/div>\n<\/div>\n","protected":false},"excerpt":{"rendered":"<p>Yoga Crearemos un espacio de calma y buena relaciones,&nbsp;y nos conectaremos con nuestro cuerpo, emociones, respiracion, creatividad, valores propios Art\u00edstica y valores A trav\u00e9s de las artes pl\u00e1sticas trabajaremos la convivencia y la relaci\u00f3n con nuestro medio ambiente Teatro y Valores Vivenciaremos la acci\u00f3n dram\u00e1tica haciendo incapi\u00e9 en la convivencia y la relaci\u00f3n con nuestro &#8230; <a title=\"Talleres EP\" class=\"read-more\" href=\"https:\/\/www.colegioaltamira.com.ar\/sitio\/talleres-2\/\" aria-label=\"More on Talleres EP\">[+]<\/a><\/p>\n","protected":false},"author":1449,"featured_media":0,"parent":0,"menu_order":0,"comment_status":"closed","ping_status":"closed","template":"","meta":[],"acf":[],"_links":{"self":[{"href":"https:\/\/www.colegioaltamira.com.ar\/sitio\/wp-json\/wp\/v2\/pages\/1088"}],"collection":[{"href":"https:\/\/www.colegioaltamira.com.ar\/sitio\/wp-json\/wp\/v2\/pages"}],"about":[{"href":"https:\/\/www.colegioaltamira.com.ar\/sitio\/wp-json\/wp\/v2\/types\/page"}],"author":[{"embeddable":true,"href":"https:\/\/www.colegioaltamira.com.ar\/sitio\/wp-json\/wp\/v2\/users\/1449"}],"replies":[{"embeddable":true,"href":"https:\/\/www.colegioaltamira.com.ar\/sitio\/wp-json\/wp\/v2\/comments?post=1088"}],"version-history":[{"count":6,"href":"https:\/\/www.colegioaltamira.com.ar\/sitio\/wp-json\/wp\/v2\/pages\/1088\/revisions"}],"predecessor-version":[{"id":6037,"href":"https:\/\/www.colegioaltamira.com.ar\/sitio\/wp-json\/wp\/v2\/pages\/1088\/revisions\/6037"}],"wp:attachment":[{"href":"https:\/\/www.colegioaltamira.com.ar\/sitio\/wp-json\/wp\/v2\/media?parent=1088"}],"curies":[{"name":"wp","href":"https:\/\/api.w.org\/{rel}","templated":true}]}}