{"id":1080,"date":"2018-11-15T11:10:23","date_gmt":"2018-11-15T14:10:23","guid":{"rendered":"https:\/\/www.colegioaltamira.com.ar\/sitio\/medios-de-pago\/"},"modified":"2020-03-30T14:42:47","modified_gmt":"2020-03-30T17:42:47","slug":"medios-de-pago","status":"publish","type":"page","link":"https:\/\/www.colegioaltamira.com.ar\/sitio\/medios-de-pago\/","title":{"rendered":"Medios de pago"},"content":{"rendered":"<p><span style=\"font-size: 12pt;\">Informamos que adem\u00e1s de los medios de pago ya existentes, hemos incorporado la opci\u00f3n de abonar las cuotas mediante Red Link y Pago mis cuentas. Los c\u00f3digos a utilizar se encuentran impresos en la cuota. Siguiendo los links que ha continuaci\u00f3n se presentan podr\u00e1n acceder al tutorial con los pasos necesarios a seguir.<\/span><\/p>\n<p><span style=\"font-size: 12pt;\"><span style=\"text-decoration: underline;\">Aclaraci\u00f3n<\/span>:\u00a0<\/span><\/p>\n<div><span style=\"font-size: 12pt;\">Para realizar los pagos por Home Banking y cajeros se debe buscar por instituciones educativas y luego el siguiente nombre de entidad dependiendo de el caso:<\/span><\/div>\n<h6><\/h6>\n<h3><strong><span style=\"font-size: 12pt;\">Pago mis cuentas\/Banelco<\/span><\/strong><\/h3>\n<div>\n<div  class=\"lgc-column lgc-grid-parent lgc-grid-50 lgc-tablet-grid-50 lgc-mobile-grid-100 lgc-equal-heights \"><div  class=\"inside-grid-column\">\n<div><strong><span style=\"font-size: 12pt;\"> Home Banking \u00a0 <\/span><\/strong><\/div>\n<div><span style=\"font-size: 12pt;\">Asociaci\u00f3n Esc:\u00a0 \u00a0 \u00a0 \u00a0 \u00a0\u00ab<strong>Colegio Arg Danes<\/strong>\u00ab<\/span><\/div>\n<div><span style=\"font-size: 12pt;\">Centro Cultural:\u00a0 \u00a0 \u00a0 \u00a0 \u00ab<strong>Ctro Cultural Arg Danes\u00bb<\/strong><\/span><\/div>\n<p><\/p><\/div><\/div><div  class=\"lgc-column lgc-grid-parent lgc-grid-50 lgc-tablet-grid-50 lgc-mobile-grid-100 lgc-equal-heights \"><div  class=\"inside-grid-column\">\n<div><strong><span style=\"font-size: 12pt;\"> Cajero<\/span><span style=\"font-size: 12pt;\">\u00a0<\/span><\/strong><\/div>\n<div><span style=\"font-size: 12pt;\"> Asociaci\u00f3n Esc:\u00a0 \u00ab<strong>As Esc Danes<\/strong>\u00ab<\/span><\/div>\n<div><span style=\"font-size: 12pt;\">Centro Cultural:\u00a0 \u00ab<strong>Ctro Cultural Arg Danes<\/strong>\u00ab<\/span><\/div>\n<p><\/p><\/div><\/div><div class=\"lgc-clear\"><\/div>\n<\/div>\n<h3><strong><span style=\"font-size: 12pt;\">Red Link<\/span><\/strong><\/h3>\n<p><span style=\"font-size: 12pt;\"><strong>Home Banking\/Cajeros<\/strong><\/span><\/p>\n<p><span style=\"font-size: 12pt;\">Centro Cultural:\u00a0 \u00a0\u00ab<strong>Centro Cul Arg Danes<\/strong>\u00bb \u00a0 \u00a0<\/span><\/p>\n<div><span style=\"font-size: 12pt;\">Asociaci\u00f3n Esc:\u00a0 \u00a0 \u00ab<strong>Asoc Esc Argentino Danes<\/strong>\u00ab<\/span><\/div>\n<p><a href=\"https:\/\/www.colegioaltamira.com.ar\/aula\/archivos\/repositorio\/\/0\/229\/Como_pagar_con_pago_mis_cuentas_2.pdf\" target=\"_NEW\"><strong>Como_pagar_con_pago_mis_cuentas_2.pdf<\/strong><\/a><\/p>\n<p style=\"text-align: left;\"><strong><a href=\"https:\/\/www.colegioaltamira.com.ar\/aula\/archivos\/repositorio\/\/0\/230\/Secuencia_de_pantallas_pago_mis_cuentas.pdf\" target=\"_NEW\"><strong>Secuencia_de_pantallas_pago_mis_cuentas.pdf<\/strong><\/a><\/strong><\/p>\n<p style=\"text-align: left;\">\u00a0\u00a0<a href=\"https:\/\/www.colegioaltamira.com.ar\/aula\/archivos\/repositorio\/\/0\/231\/Utilizar_Red_Link.docx\" target=\"_NEW\"><strong>Utilizar_Red_Link.docx<\/strong><\/a><\/p>\n<p style=\"text-align: center;\">\n","protected":false},"excerpt":{"rendered":"<p>Informamos que adem\u00e1s de los medios de pago ya existentes, hemos incorporado la opci\u00f3n de abonar las cuotas mediante Red Link y Pago mis cuentas. Los c\u00f3digos a utilizar se encuentran impresos en la cuota. Siguiendo los links que ha continuaci\u00f3n se presentan podr\u00e1n acceder al tutorial con los pasos necesarios a seguir. Aclaraci\u00f3n:\u00a0 Para &#8230; <a title=\"Medios de pago\" class=\"read-more\" href=\"https:\/\/www.colegioaltamira.com.ar\/sitio\/medios-de-pago\/\" aria-label=\"More on Medios de pago\">[+]<\/a><\/p>\n","protected":false},"author":1449,"featured_media":0,"parent":0,"menu_order":0,"comment_status":"closed","ping_status":"closed","template":"","meta":[],"acf":[],"_links":{"self":[{"href":"https:\/\/www.colegioaltamira.com.ar\/sitio\/wp-json\/wp\/v2\/pages\/1080"}],"collection":[{"href":"https:\/\/www.colegioaltamira.com.ar\/sitio\/wp-json\/wp\/v2\/pages"}],"about":[{"href":"https:\/\/www.colegioaltamira.com.ar\/sitio\/wp-json\/wp\/v2\/types\/page"}],"author":[{"embeddable":true,"href":"https:\/\/www.colegioaltamira.com.ar\/sitio\/wp-json\/wp\/v2\/users\/1449"}],"replies":[{"embeddable":true,"href":"https:\/\/www.colegioaltamira.com.ar\/sitio\/wp-json\/wp\/v2\/comments?post=1080"}],"version-history":[{"count":4,"href":"https:\/\/www.colegioaltamira.com.ar\/sitio\/wp-json\/wp\/v2\/pages\/1080\/revisions"}],"predecessor-version":[{"id":2297,"href":"https:\/\/www.colegioaltamira.com.ar\/sitio\/wp-json\/wp\/v2\/pages\/1080\/revisions\/2297"}],"wp:attachment":[{"href":"https:\/\/www.colegioaltamira.com.ar\/sitio\/wp-json\/wp\/v2\/media?parent=1080"}],"curies":[{"name":"wp","href":"https:\/\/api.w.org\/{rel}","templated":true}]}}