{"id":1073,"date":"2018-11-15T11:10:20","date_gmt":"2018-11-15T14:10:20","guid":{"rendered":"https:\/\/www.colegioaltamira.com.ar\/sitio\/documentacion-para-rematricular-y-matricular-3\/"},"modified":"2025-09-29T16:22:35","modified_gmt":"2025-09-29T19:22:35","slug":"documentacion-para-rematricular-y-matricular-3","status":"publish","type":"page","link":"https:\/\/www.colegioaltamira.com.ar\/sitio\/documentacion-para-rematricular-y-matricular-3\/","title":{"rendered":"Documentaci\u00f3n para rematricular y matricular"},"content":{"rendered":"<p>El per\u00edodo de rematriculaci\u00f3n se extiende durante las tres primeras semanas del mes de octubre. Para rematricular deben presentar <strong>Fotocopia del DNI de ambos progenitores y<\/strong> la documentaci\u00f3n que a continuaci\u00f3n se indica, la misma es actualizada a\u00f1o a a\u00f1o:<\/p>\n<p><strong><a class=\"LinkModi\" href=\"https:\/\/www.colegioaltamira.com.ar\/aula\/archivos\/repositorio\/\/0\/76\/Ficha%20rematric.asociacion.doc\" target=\"_NEW\" rel=\"noopener\">\u00a0<\/a><\/strong><\/p>\n<p><a href=\"https:\/\/drive.google.com\/file\/d\/1Ocd7Qr0kIdgTJ_DyP49rBfauAJf3d5W9\/view?usp=sharing\"><strong><strong><strong>SECUNDARIA_ficha_rematriculacion.pdf<\/strong><\/strong><\/strong><\/a><\/p>\n<p><a href=\"https:\/\/drive.google.com\/file\/d\/1DWLEKdOlSnewYLYWsKA6ht7Zu12JUdEt\/view?usp=sharing\"><strong><strong><strong>ASOCIACION_Ficha_rematriculacion.pdf<\/strong><\/strong><\/strong><\/a><\/p>\n<p><a href=\"https:\/\/drive.google.com\/file\/d\/199ZvIK-cgYExNtyNGgO7XBlR-LjZSpTR\/view?usp=sharing\"><strong><strong>Reglamento_interno_Secundaria.pdf<\/strong>\u00a0<\/strong><\/a><\/p>\n<p><a href=\"https:\/\/drive.google.com\/file\/d\/1WvrmE_qHPt2kfdC94NWIDiQddWOk-kwa\/view?usp=sharing\"><strong>Acta de compromiso de pago<\/strong>,pdf<\/a><\/p>\n<p><strong>El per\u00edodo de matriculaci\u00f3n inicia la primer semana de noviembre.<\/strong><\/p>\n","protected":false},"excerpt":{"rendered":"<p>El per\u00edodo de rematriculaci\u00f3n se extiende durante las tres primeras semanas del mes de octubre. Para rematricular deben presentar Fotocopia del DNI de ambos progenitores y la documentaci\u00f3n que a continuaci\u00f3n se indica, la misma es actualizada a\u00f1o a a\u00f1o: \u00a0 SECUNDARIA_ficha_rematriculacion.pdf ASOCIACION_Ficha_rematriculacion.pdf Reglamento_interno_Secundaria.pdf\u00a0 Acta de compromiso de pago,pdf El per\u00edodo de matriculaci\u00f3n inicia la &#8230; <a title=\"Documentaci\u00f3n para rematricular y matricular\" class=\"read-more\" href=\"https:\/\/www.colegioaltamira.com.ar\/sitio\/documentacion-para-rematricular-y-matricular-3\/\" aria-label=\"More on Documentaci\u00f3n para rematricular y matricular\">[+]<\/a><\/p>\n","protected":false},"author":1449,"featured_media":0,"parent":0,"menu_order":0,"comment_status":"closed","ping_status":"closed","template":"","meta":[],"acf":[],"_links":{"self":[{"href":"https:\/\/www.colegioaltamira.com.ar\/sitio\/wp-json\/wp\/v2\/pages\/1073"}],"collection":[{"href":"https:\/\/www.colegioaltamira.com.ar\/sitio\/wp-json\/wp\/v2\/pages"}],"about":[{"href":"https:\/\/www.colegioaltamira.com.ar\/sitio\/wp-json\/wp\/v2\/types\/page"}],"author":[{"embeddable":true,"href":"https:\/\/www.colegioaltamira.com.ar\/sitio\/wp-json\/wp\/v2\/users\/1449"}],"replies":[{"embeddable":true,"href":"https:\/\/www.colegioaltamira.com.ar\/sitio\/wp-json\/wp\/v2\/comments?post=1073"}],"version-history":[{"count":8,"href":"https:\/\/www.colegioaltamira.com.ar\/sitio\/wp-json\/wp\/v2\/pages\/1073\/revisions"}],"predecessor-version":[{"id":7690,"href":"https:\/\/www.colegioaltamira.com.ar\/sitio\/wp-json\/wp\/v2\/pages\/1073\/revisions\/7690"}],"wp:attachment":[{"href":"https:\/\/www.colegioaltamira.com.ar\/sitio\/wp-json\/wp\/v2\/media?parent=1073"}],"curies":[{"name":"wp","href":"https:\/\/api.w.org\/{rel}","templated":true}]}}