{"id":1072,"date":"2018-11-15T11:10:20","date_gmt":"2018-11-15T14:10:20","guid":{"rendered":"https:\/\/www.colegioaltamira.com.ar\/sitio\/documentacion-para-rematricular-y-matricular-2\/"},"modified":"2025-09-29T16:09:33","modified_gmt":"2025-09-29T19:09:33","slug":"documentacion-para-rematricular-y-matricular-2","status":"publish","type":"page","link":"https:\/\/www.colegioaltamira.com.ar\/sitio\/documentacion-para-rematricular-y-matricular-2\/","title":{"rendered":"Documentaci\u00f3n para rematricular y matricular"},"content":{"rendered":"<p>El per\u00edodo de rematriculaci\u00f3n se extiende durante las tres primeras semanas del mes de octubre. Para\u00a0rematricular\u00a0deben presentar <strong>Fotocopia del DNI de ambos progenitores y <\/strong>la documentaci\u00f3n que a continuaci\u00f3n se indica, la misma es actualizada a\u00f1o a a\u00f1o:<\/p>\n<p><a href=\"https:\/\/drive.google.com\/file\/d\/1Epe6ASAdBTWwz8DpqL8h0rpGVvPO-NzH\/view?usp=sharing\"><strong><strong><strong>PRIMARIA_ficha_rematriculaci\u00f3n.pdf<\/strong><\/strong><\/strong><\/a><\/p>\n<p><a href=\"https:\/\/drive.google.com\/file\/d\/1DWLEKdOlSnewYLYWsKA6ht7Zu12JUdEt\/view?usp=sharing\"><strong><strong><strong>ASOCIACION_Ficha_rematriculaci\u00f3n.pdf<\/strong><\/strong><\/strong><\/a><\/p>\n<p><a href=\"https:\/\/drive.google.com\/file\/d\/112op8mj5VvtKZnwLagQoxvFneCpwTxya\/view?usp=sharing\"><strong>Reglamento_Interno_primaria.pdf<\/strong><\/a><\/p>\n<p><a href=\"https:\/\/drive.google.com\/file\/d\/1WvrmE_qHPt2kfdC94NWIDiQddWOk-kwa\/view?usp=sharing\"><strong>Acta de compromiso de pago<\/strong><\/a>.pdf<\/p>\n<p><strong>El per\u00edodo de matriculaci\u00f3n inicia la primer semana de noviembre.<\/strong><\/p>\n<div><strong>\u00a0<\/strong><\/div>\n","protected":false},"excerpt":{"rendered":"<p>El per\u00edodo de rematriculaci\u00f3n se extiende durante las tres primeras semanas del mes de octubre. Para\u00a0rematricular\u00a0deben presentar Fotocopia del DNI de ambos progenitores y la documentaci\u00f3n que a continuaci\u00f3n se indica, la misma es actualizada a\u00f1o a a\u00f1o: PRIMARIA_ficha_rematriculaci\u00f3n.pdf ASOCIACION_Ficha_rematriculaci\u00f3n.pdf Reglamento_Interno_primaria.pdf Acta de compromiso de pago.pdf El per\u00edodo de matriculaci\u00f3n inicia la primer semana de &#8230; <a title=\"Documentaci\u00f3n para rematricular y matricular\" class=\"read-more\" href=\"https:\/\/www.colegioaltamira.com.ar\/sitio\/documentacion-para-rematricular-y-matricular-2\/\" aria-label=\"More on Documentaci\u00f3n para rematricular y matricular\">[+]<\/a><\/p>\n","protected":false},"author":1449,"featured_media":0,"parent":0,"menu_order":0,"comment_status":"closed","ping_status":"closed","template":"","meta":[],"acf":[],"_links":{"self":[{"href":"https:\/\/www.colegioaltamira.com.ar\/sitio\/wp-json\/wp\/v2\/pages\/1072"}],"collection":[{"href":"https:\/\/www.colegioaltamira.com.ar\/sitio\/wp-json\/wp\/v2\/pages"}],"about":[{"href":"https:\/\/www.colegioaltamira.com.ar\/sitio\/wp-json\/wp\/v2\/types\/page"}],"author":[{"embeddable":true,"href":"https:\/\/www.colegioaltamira.com.ar\/sitio\/wp-json\/wp\/v2\/users\/1449"}],"replies":[{"embeddable":true,"href":"https:\/\/www.colegioaltamira.com.ar\/sitio\/wp-json\/wp\/v2\/comments?post=1072"}],"version-history":[{"count":11,"href":"https:\/\/www.colegioaltamira.com.ar\/sitio\/wp-json\/wp\/v2\/pages\/1072\/revisions"}],"predecessor-version":[{"id":7686,"href":"https:\/\/www.colegioaltamira.com.ar\/sitio\/wp-json\/wp\/v2\/pages\/1072\/revisions\/7686"}],"wp:attachment":[{"href":"https:\/\/www.colegioaltamira.com.ar\/sitio\/wp-json\/wp\/v2\/media?parent=1072"}],"curies":[{"name":"wp","href":"https:\/\/api.w.org\/{rel}","templated":true}]}}