{"id":1071,"date":"2018-11-15T11:10:19","date_gmt":"2018-11-15T14:10:19","guid":{"rendered":"https:\/\/www.colegioaltamira.com.ar\/sitio\/documentacion-para-rematricular-y-matricular\/"},"modified":"2025-09-29T16:18:12","modified_gmt":"2025-09-29T19:18:12","slug":"documentacion-para-rematricular-y-matricular","status":"publish","type":"page","link":"https:\/\/www.colegioaltamira.com.ar\/sitio\/documentacion-para-rematricular-y-matricular\/","title":{"rendered":"Documentaci\u00f3n para rematricular y matricular"},"content":{"rendered":"<p>El per\u00edodo de rematriculaci\u00f3n se extiende durante las tres primeras semanas del mes de octubre. Para <span style=\"text-decoration: underline;\">rematricular<\/span> deben presentar <strong>Fotocopia del DNI de ambos progenitores<\/strong> y la documentaci\u00f3n que a continuaci\u00f3n se indica, la misma es actualizada a\u00f1o a a\u00f1o:<\/p>\n<p><a href=\"https:\/\/drive.google.com\/file\/d\/1ZVqMI4jRct8Gi12l3BFnGStTRnPgwPxA\/view?usp=sharing\"><strong>JARDIN_ficha_rematriculaci\u00f3n.pdf<\/strong><\/a><\/p>\n<p><a href=\"https:\/\/drive.google.com\/file\/d\/1DWLEKdOlSnewYLYWsKA6ht7Zu12JUdEt\/view?usp=sharing\"><strong><strong><strong>ASOCIACION_Ficha_rematriculaci\u00f3n.pdf<\/strong><\/strong><\/strong><\/a><\/p>\n<p><a href=\"https:\/\/drive.google.com\/file\/d\/1IfDLw3FnOAnv_-n9arUmoE7WQBqwzkaF\/view?usp=sharing\"><strong>Reglamento_Interno_Jardin.pdf<\/strong><\/a><\/p>\n<p><a href=\"https:\/\/drive.google.com\/file\/d\/1WvrmE_qHPt2kfdC94NWIDiQddWOk-kwa\/view?usp=sharing\"><strong>Acta Compromiso de pago<\/strong>,pdf<\/a><\/p>\n<p><strong>Para matricular el per\u00edodo es la primer semana de noviembre.<\/strong><\/p>\n<p><strong>\u00a0<\/strong><\/p>\n","protected":false},"excerpt":{"rendered":"<p>El per\u00edodo de rematriculaci\u00f3n se extiende durante las tres primeras semanas del mes de octubre. Para rematricular deben presentar Fotocopia del DNI de ambos progenitores y la documentaci\u00f3n que a continuaci\u00f3n se indica, la misma es actualizada a\u00f1o a a\u00f1o: JARDIN_ficha_rematriculaci\u00f3n.pdf ASOCIACION_Ficha_rematriculaci\u00f3n.pdf Reglamento_Interno_Jardin.pdf Acta Compromiso de pago,pdf Para matricular el per\u00edodo es la primer semana &#8230; <a title=\"Documentaci\u00f3n para rematricular y matricular\" class=\"read-more\" href=\"https:\/\/www.colegioaltamira.com.ar\/sitio\/documentacion-para-rematricular-y-matricular\/\" aria-label=\"More on Documentaci\u00f3n para rematricular y matricular\">[+]<\/a><\/p>\n","protected":false},"author":1449,"featured_media":0,"parent":0,"menu_order":0,"comment_status":"closed","ping_status":"closed","template":"","meta":[],"acf":[],"_links":{"self":[{"href":"https:\/\/www.colegioaltamira.com.ar\/sitio\/wp-json\/wp\/v2\/pages\/1071"}],"collection":[{"href":"https:\/\/www.colegioaltamira.com.ar\/sitio\/wp-json\/wp\/v2\/pages"}],"about":[{"href":"https:\/\/www.colegioaltamira.com.ar\/sitio\/wp-json\/wp\/v2\/types\/page"}],"author":[{"embeddable":true,"href":"https:\/\/www.colegioaltamira.com.ar\/sitio\/wp-json\/wp\/v2\/users\/1449"}],"replies":[{"embeddable":true,"href":"https:\/\/www.colegioaltamira.com.ar\/sitio\/wp-json\/wp\/v2\/comments?post=1071"}],"version-history":[{"count":11,"href":"https:\/\/www.colegioaltamira.com.ar\/sitio\/wp-json\/wp\/v2\/pages\/1071\/revisions"}],"predecessor-version":[{"id":7688,"href":"https:\/\/www.colegioaltamira.com.ar\/sitio\/wp-json\/wp\/v2\/pages\/1071\/revisions\/7688"}],"wp:attachment":[{"href":"https:\/\/www.colegioaltamira.com.ar\/sitio\/wp-json\/wp\/v2\/media?parent=1071"}],"curies":[{"name":"wp","href":"https:\/\/api.w.org\/{rel}","templated":true}]}}