{"id":1069,"date":"2018-11-15T11:10:18","date_gmt":"2018-11-15T14:10:18","guid":{"rendered":"https:\/\/www.colegioaltamira.com.ar\/sitio\/actuacion\/"},"modified":"2025-04-25T18:26:35","modified_gmt":"2025-04-25T21:26:35","slug":"actuacion","status":"publish","type":"page","link":"https:\/\/www.colegioaltamira.com.ar\/sitio\/actuacion\/","title":{"rendered":"Actuaci\u00f3n de Asociaci\u00f3n de padres"},"content":{"rendered":"\n<p class=\"has-text-align-center\">Ciclo lectivo 2025<\/p>\n\n\n\n<p>Construcci\u00f3n de un Aula taller para Huerta y acondicionamiento del caj\u00f3n de salto y corredera<\/p>\n\n\n\n<figure class=\"wp-block-gallery has-nested-images columns-2 is-cropped wp-block-gallery-1 is-layout-flex\">\n<figure class=\"wp-block-image size-large\"><img decoding=\"async\" loading=\"lazy\" width=\"1280\" height=\"960\" data-id=\"6895\"  src=\"https:\/\/www.colegioaltamira.com.ar\/sitio\/wp-content\/uploads\/2025\/04\/WhatsApp-Image-2025-04-25-at-16.37.17-2.jpeg\" alt=\"\" class=\"wp-image-6895\" srcset=\"https:\/\/www.colegioaltamira.com.ar\/sitio\/wp-content\/uploads\/2025\/04\/WhatsApp-Image-2025-04-25-at-16.37.17-2.jpeg 1280w, https:\/\/www.colegioaltamira.com.ar\/sitio\/wp-content\/uploads\/2025\/04\/WhatsApp-Image-2025-04-25-at-16.37.17-2-1000x750.jpeg 1000w, https:\/\/www.colegioaltamira.com.ar\/sitio\/wp-content\/uploads\/2025\/04\/WhatsApp-Image-2025-04-25-at-16.37.17-2-768x576.jpeg 768w\" sizes=\"(max-width: 1280px) 100vw, 1280px\" \/><\/figure>\n\n\n\n<figure class=\"wp-block-image size-large\"><img decoding=\"async\" loading=\"lazy\" width=\"1280\" height=\"960\" data-id=\"6901\"  src=\"https:\/\/www.colegioaltamira.com.ar\/sitio\/wp-content\/uploads\/2025\/04\/WhatsApp-Image-2025-04-25-at-16.37.14.jpeg\" alt=\"\" class=\"wp-image-6901\" srcset=\"https:\/\/www.colegioaltamira.com.ar\/sitio\/wp-content\/uploads\/2025\/04\/WhatsApp-Image-2025-04-25-at-16.37.14.jpeg 1280w, https:\/\/www.colegioaltamira.com.ar\/sitio\/wp-content\/uploads\/2025\/04\/WhatsApp-Image-2025-04-25-at-16.37.14-1000x750.jpeg 1000w, https:\/\/www.colegioaltamira.com.ar\/sitio\/wp-content\/uploads\/2025\/04\/WhatsApp-Image-2025-04-25-at-16.37.14-768x576.jpeg 768w\" sizes=\"(max-width: 1280px) 100vw, 1280px\" \/><\/figure>\n\n\n\n<figure class=\"wp-block-image size-large\"><img decoding=\"async\" loading=\"lazy\" width=\"960\" height=\"1280\" data-id=\"6906\"  src=\"https:\/\/www.colegioaltamira.com.ar\/sitio\/wp-content\/uploads\/2025\/04\/WhatsApp-Image-2025-04-25-at-16.39.01.jpeg\" alt=\"\" class=\"wp-image-6906\" srcset=\"https:\/\/www.colegioaltamira.com.ar\/sitio\/wp-content\/uploads\/2025\/04\/WhatsApp-Image-2025-04-25-at-16.39.01.jpeg 960w, https:\/\/www.colegioaltamira.com.ar\/sitio\/wp-content\/uploads\/2025\/04\/WhatsApp-Image-2025-04-25-at-16.39.01-750x1000.jpeg 750w, https:\/\/www.colegioaltamira.com.ar\/sitio\/wp-content\/uploads\/2025\/04\/WhatsApp-Image-2025-04-25-at-16.39.01-768x1024.jpeg 768w\" sizes=\"(max-width: 960px) 100vw, 960px\" \/><\/figure>\n\n\n\n<figure class=\"wp-block-image size-large\"><img decoding=\"async\" loading=\"lazy\" width=\"960\" height=\"1280\" data-id=\"6908\"  src=\"https:\/\/www.colegioaltamira.com.ar\/sitio\/wp-content\/uploads\/2025\/04\/WhatsApp-Image-2025-04-25-at-16.39.00.jpeg\" alt=\"\" class=\"wp-image-6908\" srcset=\"https:\/\/www.colegioaltamira.com.ar\/sitio\/wp-content\/uploads\/2025\/04\/WhatsApp-Image-2025-04-25-at-16.39.00.jpeg 960w, https:\/\/www.colegioaltamira.com.ar\/sitio\/wp-content\/uploads\/2025\/04\/WhatsApp-Image-2025-04-25-at-16.39.00-750x1000.jpeg 750w, https:\/\/www.colegioaltamira.com.ar\/sitio\/wp-content\/uploads\/2025\/04\/WhatsApp-Image-2025-04-25-at-16.39.00-768x1024.jpeg 768w\" sizes=\"(max-width: 960px) 100vw, 960px\" \/><\/figure>\n<\/figure>\n\n\n\n<p class=\"has-text-align-center\">Ciclo lectivo 2024<\/p>\n\n\n\n<p>Acondicionamiento del quincho de la instituci\u00f3n y construcci\u00f3n del comedor para nivel primario con cocina, construcci\u00f3n del aula para el Taller de cocina y acondicionamiento de un sal\u00f3n para la radio institucional.<\/p>\n\n\n\n<p>Instalaci\u00f3n de ventiladores en las aulas<\/p>\n\n\n\n<figure class=\"wp-block-gallery has-nested-images columns-default is-cropped wp-block-gallery-3 is-layout-flex\">\n<figure class=\"wp-block-image size-large\"><img decoding=\"async\" loading=\"lazy\" width=\"1600\" height=\"738\" data-id=\"6606\"  src=\"https:\/\/www.colegioaltamira.com.ar\/sitio\/wp-content\/uploads\/2024\/11\/WhatsApp-Image-2024-11-26-at-11.24.30-3.jpeg\" alt=\"\" class=\"wp-image-6606\" srcset=\"https:\/\/www.colegioaltamira.com.ar\/sitio\/wp-content\/uploads\/2024\/11\/WhatsApp-Image-2024-11-26-at-11.24.30-3.jpeg 1600w, https:\/\/www.colegioaltamira.com.ar\/sitio\/wp-content\/uploads\/2024\/11\/WhatsApp-Image-2024-11-26-at-11.24.30-3-1000x461.jpeg 1000w, https:\/\/www.colegioaltamira.com.ar\/sitio\/wp-content\/uploads\/2024\/11\/WhatsApp-Image-2024-11-26-at-11.24.30-3-768x354.jpeg 768w, https:\/\/www.colegioaltamira.com.ar\/sitio\/wp-content\/uploads\/2024\/11\/WhatsApp-Image-2024-11-26-at-11.24.30-3-1536x708.jpeg 1536w\" sizes=\"(max-width: 1600px) 100vw, 1600px\" \/><\/figure>\n\n\n\n<figure class=\"wp-block-image size-large\"><img decoding=\"async\" loading=\"lazy\" width=\"1328\" height=\"747\" data-id=\"4480\"  src=\"https:\/\/www.colegioaltamira.com.ar\/sitio\/wp-content\/uploads\/2023\/03\/WhatsApp-Image-2023-03-10-at-16.40.54.jpeg\" alt=\"\" class=\"wp-image-4480\" srcset=\"https:\/\/www.colegioaltamira.com.ar\/sitio\/wp-content\/uploads\/2023\/03\/WhatsApp-Image-2023-03-10-at-16.40.54.jpeg 1328w, https:\/\/www.colegioaltamira.com.ar\/sitio\/wp-content\/uploads\/2023\/03\/WhatsApp-Image-2023-03-10-at-16.40.54-1000x563.jpeg 1000w, https:\/\/www.colegioaltamira.com.ar\/sitio\/wp-content\/uploads\/2023\/03\/WhatsApp-Image-2023-03-10-at-16.40.54-768x432.jpeg 768w\" sizes=\"(max-width: 1328px) 100vw, 1328px\" \/><\/figure>\n\n\n\n<figure class=\"wp-block-image size-large\"><img decoding=\"async\" loading=\"lazy\" width=\"1328\" height=\"747\" data-id=\"4484\"  src=\"https:\/\/www.colegioaltamira.com.ar\/sitio\/wp-content\/uploads\/2023\/03\/WhatsApp-Image-2023-03-10-at-16.40.51.jpeg\" alt=\"\" class=\"wp-image-4484\" srcset=\"https:\/\/www.colegioaltamira.com.ar\/sitio\/wp-content\/uploads\/2023\/03\/WhatsApp-Image-2023-03-10-at-16.40.51.jpeg 1328w, https:\/\/www.colegioaltamira.com.ar\/sitio\/wp-content\/uploads\/2023\/03\/WhatsApp-Image-2023-03-10-at-16.40.51-1000x563.jpeg 1000w, https:\/\/www.colegioaltamira.com.ar\/sitio\/wp-content\/uploads\/2023\/03\/WhatsApp-Image-2023-03-10-at-16.40.51-768x432.jpeg 768w\" sizes=\"(max-width: 1328px) 100vw, 1328px\" \/><\/figure>\n<\/figure>\n\n\n\n<p class=\"has-text-align-center\">Ciclo lectivo 2023<\/p>\n\n\n\n<p class=\"has-text-align-center\">Ciclo lectivo 2022<\/p>\n\n\n\n<p>Compra e instalaci\u00f3n de televisores smart para completar los de nivel secundario y extender a nivel primario.<\/p>\n\n\n\n<p class=\"has-text-align-center\">Ciclo lectivo 2020-2021<\/p>\n\n\n\n<p>Instalaci\u00f3n de equipamiento para la realizaci\u00f3n de clases sincr\u00f3nicas y simultaneas, adapt\u00e1ndonos al contexto de pandemia.<\/p>\n\n\n\n<p>Compra e instalaci\u00f3n de televisores Smart en 6 salones del nivel secundario como primer etapa en el proceso de actualizaci\u00f3n e incursi\u00f3n en nuevas estrategias de ense\u00f1anza.<\/p>\n\n\n\n<p>Compra e instalaci\u00f3n de kit de higiene en salones e ingresos al establecimiento, en cumplimientos de las normas de salud establecidas por el Ministerio de Salud de la Naci\u00f3n.<\/p>\n\n\n\n<p class=\"has-text-align-center\">Ciclo lectivo 2019<\/p>\n\n\n\n<p>Detalle de obras desarrolladas durante el per\u00edodo de vacaciones 2018-2019<\/p>\n\n\n\n<ul>\n<li>Trabajo en aulas de la PA nivel secundario (revoque de paredes \u2013 revoque fino e iondu\u00eddo-&nbsp; y pintura, oscurecimiento de los paneles de los pa\u00f1os fijos de los vidrios de PA, cortinas nuevas en todas las aulas, para oscurecer).<\/li>\n\n\n\n<li>Apertura de una ventana para la preceptor\u00eda de PB, para mayor visualizaci\u00f3n (visibilidad) y control de la entrada.<\/li>\n\n\n\n<li>Construcci\u00f3n de un pared\u00f3n en la parte de afuera, en todo el per\u00edmetro, cambio&nbsp; del port\u00f3n de ingreso por calle 64,&nbsp; para mayor seguridad.<\/li>\n\n\n\n<li>Cambio de cortinas de todos los salones de nivel primario.<\/li>\n\n\n\n<li>Mantenimiento de pinturas de jard\u00edn del patio interno y refuerzo de las pinturas de los murales ya hechos en todo el per\u00edmetro.<\/li>\n<\/ul>\n\n\n\n<figure class=\"wp-block-gallery has-nested-images columns-3 is-cropped wp-block-gallery-5 is-layout-flex\">\n<figure class=\"wp-block-image size-large\"><img decoding=\"async\" loading=\"lazy\" width=\"480\" height=\"466\" data-id=\"1452\"  src=\"https:\/\/www.colegioaltamira.com.ar\/sitio\/wp-content\/uploads\/2019\/02\/Webp.net-gifmaker-1.gif\" alt=\"\" class=\"wp-image-1452\"\/><figcaption class=\"wp-element-caption\">Arreglo de paredes y pared\u00f3n<\/figcaption><\/figure>\n\n\n\n<figure class=\"wp-block-image size-large\"><img decoding=\"async\" loading=\"lazy\" width=\"1530\" height=\"861\" data-id=\"1454\"  src=\"https:\/\/www.colegioaltamira.com.ar\/sitio\/wp-content\/uploads\/2019\/02\/20190214_134649-2.jpg\" alt=\"\" class=\"wp-image-1454\" srcset=\"https:\/\/www.colegioaltamira.com.ar\/sitio\/wp-content\/uploads\/2019\/02\/20190214_134649-2.jpg 1530w, https:\/\/www.colegioaltamira.com.ar\/sitio\/wp-content\/uploads\/2019\/02\/20190214_134649-2-1000x563.jpg 1000w, https:\/\/www.colegioaltamira.com.ar\/sitio\/wp-content\/uploads\/2019\/02\/20190214_134649-2-768x432.jpg 768w\" sizes=\"(max-width: 1530px) 100vw, 1530px\" \/><figcaption class=\"wp-element-caption\">Refuerzo de pinturas<\/figcaption><\/figure>\n\n\n\n<figure class=\"wp-block-image size-large\"><img decoding=\"async\" loading=\"lazy\" width=\"780\" height=\"1040\" data-id=\"1455\"  src=\"https:\/\/www.colegioaltamira.com.ar\/sitio\/wp-content\/uploads\/2019\/02\/IMG-20190203-WA0060.jpg\" alt=\"\" class=\"wp-image-1455\" srcset=\"https:\/\/www.colegioaltamira.com.ar\/sitio\/wp-content\/uploads\/2019\/02\/IMG-20190203-WA0060.jpg 780w, https:\/\/www.colegioaltamira.com.ar\/sitio\/wp-content\/uploads\/2019\/02\/IMG-20190203-WA0060-750x1000.jpg 750w, https:\/\/www.colegioaltamira.com.ar\/sitio\/wp-content\/uploads\/2019\/02\/IMG-20190203-WA0060-768x1024.jpg 768w\" sizes=\"(max-width: 780px) 100vw, 780px\" \/><\/figure>\n<\/figure>\n\n\n\n<p class=\"has-text-align-left\">GRAN POLLEADA &#8211; 2014<\/p>\n\n\n\n<p class=\"has-text-align-left\">En el mes de junio, la comisi\u00f3n de padres organiz\u00f3 una Polleada con el objetivo de recaudar fondos para la actualizaci\u00f3n de las salas de computaci\u00f3n de primaria y secundaria. &nbsp;Agradecemos a todos aquellos que colaboraron participando y organizando.<\/p>\n\n\n\n<p class=\"has-text-align-center\">&nbsp;Ciclo lectivo 2012 e inicios 2013<\/p>\n\n\n\n<p class=\"has-text-align-center\">Durante el trascurso del per\u00edodo mencionado se desarrollaron las obras que a continuaci\u00f3n se detallan:<\/p>\n\n\n\n<ul>\n<li>Cambio de zinguer\u00eda del Gimnasio de la instituci\u00f3n y del Quincho;<\/li>\n\n\n\n<li>Modificaciones en el SUM del jard\u00edn con la colocaci\u00f3n de una nueva abertura que facilita la comunicaci\u00f3n entre los diferentes espacios.<\/li>\n\n\n\n<li>Modificaci\u00f3n de la sala de 4 del nivel Inicial con la colocaci\u00f3n de una puerta que comunica al patio del nivel, facilitando el tr\u00e1nsito de los ni\u00f1os en los momentos de esparcimiento.<\/li>\n\n\n\n<li>Modificaciones en el patio del secundario, en el sector al costado del campo deportivo.<\/li>\n\n\n\n<li>etc<\/li>\n<\/ul>\n\n\n\n<p class=\"has-text-align-center\">&nbsp;<\/p>\n","protected":false},"excerpt":{"rendered":"<p>Ciclo lectivo 2025 Construcci\u00f3n de un Aula taller para Huerta y acondicionamiento del caj\u00f3n de salto y corredera Ciclo lectivo 2024 Acondicionamiento del quincho de la instituci\u00f3n y construcci\u00f3n del comedor para nivel primario con cocina, construcci\u00f3n del aula para el Taller de cocina y acondicionamiento de un sal\u00f3n para la radio institucional. Instalaci\u00f3n de &#8230; <a title=\"Actuaci\u00f3n de Asociaci\u00f3n de padres\" class=\"read-more\" href=\"https:\/\/www.colegioaltamira.com.ar\/sitio\/actuacion\/\" aria-label=\"More on Actuaci\u00f3n de Asociaci\u00f3n de padres\">[+]<\/a><\/p>\n","protected":false},"author":1449,"featured_media":0,"parent":0,"menu_order":0,"comment_status":"closed","ping_status":"closed","template":"","meta":[],"acf":[],"_links":{"self":[{"href":"https:\/\/www.colegioaltamira.com.ar\/sitio\/wp-json\/wp\/v2\/pages\/1069"}],"collection":[{"href":"https:\/\/www.colegioaltamira.com.ar\/sitio\/wp-json\/wp\/v2\/pages"}],"about":[{"href":"https:\/\/www.colegioaltamira.com.ar\/sitio\/wp-json\/wp\/v2\/types\/page"}],"author":[{"embeddable":true,"href":"https:\/\/www.colegioaltamira.com.ar\/sitio\/wp-json\/wp\/v2\/users\/1449"}],"replies":[{"embeddable":true,"href":"https:\/\/www.colegioaltamira.com.ar\/sitio\/wp-json\/wp\/v2\/comments?post=1069"}],"version-history":[{"count":10,"href":"https:\/\/www.colegioaltamira.com.ar\/sitio\/wp-json\/wp\/v2\/pages\/1069\/revisions"}],"predecessor-version":[{"id":6921,"href":"https:\/\/www.colegioaltamira.com.ar\/sitio\/wp-json\/wp\/v2\/pages\/1069\/revisions\/6921"}],"wp:attachment":[{"href":"https:\/\/www.colegioaltamira.com.ar\/sitio\/wp-json\/wp\/v2\/media?parent=1069"}],"curies":[{"name":"wp","href":"https:\/\/api.w.org\/{rel}","templated":true}]}}