{"id":1067,"date":"2018-11-15T11:10:17","date_gmt":"2018-11-15T14:10:17","guid":{"rendered":"https:\/\/www.colegioaltamira.com.ar\/sitio\/eoe-2\/"},"modified":"2024-09-06T17:03:41","modified_gmt":"2024-09-06T20:03:41","slug":"eoe-2","status":"publish","type":"page","link":"https:\/\/www.colegioaltamira.com.ar\/sitio\/eoe-2\/","title":{"rendered":"EOE"},"content":{"rendered":"<p><strong><span style=\"font-size: 12pt; color: #000000;\">Nuestra instituci\u00f3n cuenta con un Equipo de Orientaci\u00f3n Escolar integrado por dos psic\u00f3logas y una psicopedagoga: &nbsp;la Lic. Graciana Pap\u00e1vero; Lic. Marina Deucedes y la psicopedagoga Marcela Grau<\/span><\/strong><\/p>\n<p><strong><span style=\"font-size: 12pt; color: #000000;\">Las metas&nbsp; de este equipo son:<\/span><\/strong><\/p>\n<ul>\n<li><strong><span style=\"font-size: 12pt; color: #000000;\">Prevenci\u00f3n del fracaso escolar y favorecimiento del tr\u00e1nsito del alumno&nbsp; por su proceso de escolarizaci\u00f3n.<\/span><\/strong><\/li>\n<\/ul>\n<ul>\n<li><strong><span style=\"font-size: 12pt; color: #000000;\">Atenci\u00f3n de las problem\u00e1ticas propias de la etapa evolutiva por la que atraviesan los alumnos.<\/span><\/strong><\/li>\n<li><strong><span style=\"font-size: 12pt; color: #000000;\">Disminuci\u00f3n de los hechos y\/o situaciones de violencia y promoci\u00f3n de la solidaridad social en los grupos.<\/span><\/strong><\/li>\n<li><strong><span style=\"font-size: 12pt; color: #000000;\">Inclusi\u00f3n de los OVO en las actividades curriculares y extracurriculares en los \u00faltimos a\u00f1os del secundario.<\/span><\/strong><\/li>\n<\/ul>\n<p style=\"text-align: center;\">\n<p style=\"text-align: center;\">&nbsp;<img decoding=\"async\" loading=\"lazy\" class=\"edu_incrustacion\" src=\"https:\/\/www.colegioaltamira.com.ar\/aula\/archivos\/repositorio\/500\/517\/Marina.jpg\" width=\"135\" height=\"190\" border=\"0\" data-edc-tipo=\"rep_local\" data-edc-id=\"517\">&nbsp;<img decoding=\"async\" loading=\"lazy\" class=\"edu_incrustacion\" src=\"https:\/\/www.colegioaltamira.com.ar\/aula\/archivos\/repositorio\/500\/720\/WhatsApp_Image_2020-03-30_at_3.47.36_PM.jpeg\" width=\"174\" height=\"191\" border=\"0\" data-edc-tipo=\"rep_local\" data-edc-id=\"720\">&nbsp;<img decoding=\"async\" loading=\"lazy\" class=\"edu_incrustacion\" src=\"https:\/\/www.colegioaltamira.com.ar\/aula\/archivos\/repositorio\/500\/518\/Graciana.jpg\" width=\"176\" height=\"204\" border=\"0\" data-edc-tipo=\"rep_local\" data-edc-id=\"518\"><\/p>\n<p>&nbsp;<\/p>\n","protected":false},"excerpt":{"rendered":"<p>Nuestra instituci\u00f3n cuenta con un Equipo de Orientaci\u00f3n Escolar integrado por dos psic\u00f3logas y una psicopedagoga: &nbsp;la Lic. Graciana Pap\u00e1vero; Lic. Marina Deucedes y la psicopedagoga Marcela Grau Las metas&nbsp; de este equipo son: Prevenci\u00f3n del fracaso escolar y favorecimiento del tr\u00e1nsito del alumno&nbsp; por su proceso de escolarizaci\u00f3n. Atenci\u00f3n de las problem\u00e1ticas propias de &#8230; <a title=\"EOE\" class=\"read-more\" href=\"https:\/\/www.colegioaltamira.com.ar\/sitio\/eoe-2\/\" aria-label=\"More on EOE\">[+]<\/a><\/p>\n","protected":false},"author":1449,"featured_media":0,"parent":0,"menu_order":0,"comment_status":"closed","ping_status":"closed","template":"","meta":[],"acf":[],"_links":{"self":[{"href":"https:\/\/www.colegioaltamira.com.ar\/sitio\/wp-json\/wp\/v2\/pages\/1067"}],"collection":[{"href":"https:\/\/www.colegioaltamira.com.ar\/sitio\/wp-json\/wp\/v2\/pages"}],"about":[{"href":"https:\/\/www.colegioaltamira.com.ar\/sitio\/wp-json\/wp\/v2\/types\/page"}],"author":[{"embeddable":true,"href":"https:\/\/www.colegioaltamira.com.ar\/sitio\/wp-json\/wp\/v2\/users\/1449"}],"replies":[{"embeddable":true,"href":"https:\/\/www.colegioaltamira.com.ar\/sitio\/wp-json\/wp\/v2\/comments?post=1067"}],"version-history":[{"count":3,"href":"https:\/\/www.colegioaltamira.com.ar\/sitio\/wp-json\/wp\/v2\/pages\/1067\/revisions"}],"predecessor-version":[{"id":6266,"href":"https:\/\/www.colegioaltamira.com.ar\/sitio\/wp-json\/wp\/v2\/pages\/1067\/revisions\/6266"}],"wp:attachment":[{"href":"https:\/\/www.colegioaltamira.com.ar\/sitio\/wp-json\/wp\/v2\/media?parent=1067"}],"curies":[{"name":"wp","href":"https:\/\/api.w.org\/{rel}","templated":true}]}}