{"id":1065,"date":"2018-11-15T11:10:16","date_gmt":"2018-11-15T14:10:16","guid":{"rendered":"https:\/\/www.colegioaltamira.com.ar\/sitio\/historia\/"},"modified":"2024-09-06T17:03:15","modified_gmt":"2024-09-06T20:03:15","slug":"historia","status":"publish","type":"page","link":"https:\/\/www.colegioaltamira.com.ar\/sitio\/historia\/","title":{"rendered":"Historia"},"content":{"rendered":"<h2>Los invitamos a retroceder un poco en el tiempo&#8230;.<\/h2>\n<p style=\"text-align: justify;\"><div  class=\"lgc-column lgc-grid-parent lgc-grid-50 lgc-tablet-grid-50 lgc-mobile-grid-100 lgc-equal-heights \"><div  class=\"inside-grid-column\">&nbsp;La escuela Argentino Danesa \u201cAlta Mira\u201d tiene un origen hist\u00f3rico que comienza durante la Segunda Guerra Mundial, cuando, ante los apremiantes momentos que viv\u00eda Dinamarca se form\u00f3 una sociedad pro ayuda a dicho pa\u00eds, recaud\u00e1ndose fondos destinados a la compra de v\u00edveres, ropas y otras necesidades.<br \/>Despu\u00e9s de la guerra, lograda la independencia de Dinamarca, hab\u00eda que buscar un destino para esos fondos y surgi\u00f3 la idea de invertirlos en la creaci\u00f3n del hojskole (escuela para j\u00f3venes).<\/div><\/div>\n<div  class=\"lgc-column lgc-grid-parent lgc-grid-50 lgc-tablet-grid-50 lgc-mobile-grid-100 lgc-equal-heights \"><div  class=\"inside-grid-column\"><br \/><video style=\"vertical-align: middle;\" controls=\"controls\" width=\"359\" height=\"187\"><source src=\"https:\/\/www.colegioaltamira.com.ar\/aula\/archivos\/repositorio\/500\/614\/Kirsten_Mortensen_2018.mp4\" type=\"video\/mp4\"\/><\/video><\/div><\/div><div class=\"lgc-clear\"><\/div>\n<p>En 1946 se crea el Centro Cultural Argentino Dan\u00e9s, comisi\u00f3n directiva que trabaja arduamente, y con la colaboraci\u00f3n de muchos, se logr\u00f3 el ansiado fin: la compra de un casco de estancia en Gowland, provincia de Buenos Aires. All\u00ed funcionar\u00eda la Granja AltaMira.&nbsp; Ning\u00fan otro nombre podr\u00eda manifestar mejor el deseo de aquellos hombres sintetizando en dos palabras la visi\u00f3n hacia el m\u00e1s all\u00e1, hacia el no detenerse nunca.<\/p>\n<p>El paso del tiempo trajo consigo avances y cambios. El adolescente comenz\u00f3 a concurrir a la educaci\u00f3n secundaria, entonces se hizo dif\u00edcil continuar con la empresa y el predio se vendi\u00f3.&nbsp; El Centro Cultural Argentino Dan\u00e9s decidi\u00f3 continuar destinando esos fondos a la educaci\u00f3n. Ante la posibilidad de crear una escuela, se re\u00fanen las colectividades danesas de Tres Arroyos, Tandil y Necochea, considerando este \u00faltimo el lugar adecuado para continuar la obra educativa.&nbsp; Un grupo de daneses propietarios de terrenos ubicados en calle 43 entre 64 y 66 decidieron donarlos y as\u00ed comienza la construcci\u00f3n de la nueva escuela que llevar\u00eda justamente el nombre de: &nbsp; \u201cAlta Mira\u201d<\/p>\n<p>Entre tanto, a comienzos de la d\u00e9cada del \u00b460, por iniciativa de un grupo de daneses, hab\u00eda comenzado a funcionar en Necochea una escuela a cargo de un matrimonio dan\u00e9s, Yenny y Hanne, que actuaba como complemento de la educaci\u00f3n primaria, brindando clases de apoyo. La escuela fue creciendo y se form\u00f3 un peque\u00f1o grupo que dio origen al Jard\u00edn de Infantes, el que funcionaba en los altillos de lo que hoy es el Club Dan\u00e9s de Necochea.<\/p>\n<p><strong>Inauguraci\u00f3n<\/strong><br>El 12 de Octubre de 1968 qued\u00f3 inaugurado el nuevo edificio de la escuela Argentino Danesa \u201cAlta Mira\u201d con unos pocos alumnos de primaria y jard\u00edn de infantes bajo la direcci\u00f3n de Hans Mortensen. Los alumnos asist\u00edan a una jornada de doble escolaridad y concurr\u00edan a clases de m\u00fasica, pl\u00e1stica, deportes y gimnasia, estas dos \u00faltimas, disciplinas especialmente importantes en los objetivos de la&nbsp; instituci\u00f3n desde su g\u00e9nesis.<\/p>\n<p>Diez a\u00f1os despu\u00e9s de su creaci\u00f3n, el Nivel Inicial se independiz\u00f3 debido al aumento de su matr\u00edcula. Pasados 16 a\u00f1os, naci\u00f3 el Nivel Medio cuya primera Promoci\u00f3n egres\u00f3 en 1988 con el t\u00edtulo de Bachilleres en Ciencias Exactas y Naturales con orientaci\u00f3n en Inform\u00e1tica.&nbsp; En 1989 se incorpor\u00f3 el 6to a\u00f1o del que egresaron tres alumnos junto con otros que proven\u00edan de otros Establecimientos Educativos de Necochea, con el t\u00edtulo de T\u00e9cnicos en Inform\u00e1tica. En 1991 y como consecuencia del permanente aumento de matr\u00edcula proveniente de otras escuelas, se desdobl\u00f3 1er a\u00f1o y comenz\u00f3 a funcionar una divisi\u00f3n en el turno tarde.&nbsp; Por esta raz\u00f3n en 1995 egresaron dos grupos uno con la modalidad tradicional de Bachilleres en Ciencias Exactas y Naturales con orientaci\u00f3n en Inform\u00e1tica y otra de Bachilleres en Ciencias Sociales con orientaci\u00f3n en Turismo.<\/p>\n<p style=\"text-align: jutify;\">Con la implementaci\u00f3n de la Reforma Educativa de 1997, se comenz\u00f3 a trabajar en el armado del Polimodal estableciendo contactos con el Nivel Primario de la Escuela y con distintas Instituciones: Universidad Nacional del Centro, I.N.T.A., Centros de Salud, se arm\u00f3 con el personal del Nivel Medio un grupo de coordinadores que junto con el Personal Directivo asumieron la responsabilidad de coordinar las tareas que implicaban el cambio de Plan, la elecci\u00f3n de las Modalidades y su correspondiente orientaci\u00f3n, la distribuci\u00f3n de la Planta Funcional, la planificaci\u00f3n de los Espacios Curriculares Institucionales.&nbsp; Cumplido este ciclo de trabajos previo, en marzo de 1999 se inicia el Ciclo Polimodal con dos Modalidades: Ciencias Naturales con orientaci\u00f3n en Microbiolog\u00eda General y Arte, Dise\u00f1o y Comunicaci\u00f3n con orientaci\u00f3n en Comunicaci\u00f3n Multimedial. En 1997 se iniciaron las conversaciones con E.G.B. para lograr la articulaci\u00f3n entre niveles.&nbsp; A partir de este momento, el Polimodal sufri\u00f3 varias modificaciones. Es de destacar que cada vez que se eligieron modalidades u orientaciones, desde el inicio de Nivel Medio, siempre fue con consulta a todos los sectores interesados: alumnos, padres, docentes.2006, un a\u00f1o de cambios.<\/p>\n<div  class=\"lgc-column lgc-grid-parent lgc-grid-50 lgc-tablet-grid-50 lgc-mobile-grid-100 lgc-equal-heights \"><div  class=\"inside-grid-column\"><br \/>En el a\u00f1o 2006 y en el marco de la nueva Reforma Educativa,&nbsp; se crea la E.P.B. que abarca los dos primeros ciclos de la educaci\u00f3n primaria. Por otra parte, 7mo, 8vo y 9no pasan a ser 1ro, 2do y 3er&nbsp; a\u00f1o de&nbsp;la E.S.B. (Educaci\u00f3n Secundaria B\u00e1sica) que articula directamente con la futura E.S.S. (Educaci\u00f3n Secundaria Superior).<\/div><\/div><div  class=\"lgc-column lgc-grid-parent lgc-grid-50 lgc-tablet-grid-50 lgc-mobile-grid-100 lgc-equal-heights \"><div  class=\"inside-grid-column\">\n<div style=\"text-align: center;\"><img decoding=\"async\" loading=\"lazy\" style=\"vertical-align: middle;\" src=\"https:\/\/www.colegioaltamira.com.ar\/aula\/archivos\/repositorio\/500\/616\/frente_escuela.png\" alt=\"\" width=\"250\" height=\"191\" border=\"0\"\/><\/div><\/div><div class=\"lgc-clear\"><\/div><\/div><\/div>\n<p>Acompa\u00f1ando a esta reforma, institucionalmente se decide la formaci\u00f3n del Consejo Directivo integrado por las directoras de los distintos niveles que funcionan en el Establecimiento con el objetivo de aunar criterios en relaci\u00f3n a las distintas problem\u00e1ticas institucionales. Dentro de los objetivos de trabajo propuesto se reformula el PEI teniendo en cuenta el Informe de la UNESCO sobre la EDUCACI\u00d3N para el siglo XXI, que contempla la FORMACI\u00d3N INTEGRAL del alumno lo que significa el desarrollo de las potencialidades en las siguientes dimensiones humanas: cognitiva (aprender a conocer), f\u00edsica (aprender a hacer), espiritual (aprender a ser) y emocional social (aprender a convivir), para lograr una educaci\u00f3n de calidad.<\/p>\n<p>Se crea adem\u00e1s la Subcomisi\u00f3n de Cultura y Educaci\u00f3n que depende del Centro Cultural cuya funci\u00f3n es convocar a padres y docentes a&nbsp; charlas debate sobre distintas problem\u00e1ticas que aquejan a la educaci\u00f3n y a los adolescentes. Esta comisi\u00f3n es tambi\u00e9n la encargada de organizar cursos de perfeccionamiento para el personal de la instituci\u00f3n y otros abiertos a la comunidad. Los temas y talleres desarrollados en los perfeccionamientos son acordados con los directivos de los tres niveles.<\/p>\n<p>A partir del a\u00f1o 2007 y en el marco de lo establecido por la nueva Ley Nacional de Educaci\u00f3n N\u00ba 26.206, se crea la nueva Escuela Secundaria con una duraci\u00f3n de 6 a\u00f1os. Para su organizaci\u00f3n e implementaci\u00f3n se realizaron acuerdos entre los directivos y el personal docente de los niveles primario y secundario.<br>Hoy, cuenta con un total de m\u00e1s de mil alumnos distribuidos entre maternal, nivel inicial, Escuela Secundaria . La matr\u00edcula actual (al 30 de marzo de 2024) del nivel Secundario es de: 350 alumnos.<\/p>\n<p>Adem\u00e1s de la educaci\u00f3n oficial, los alumnos reciben clases de Computaci\u00f3n, Talleres de Yoga, Volley, Handball, Gimnasia r\u00edtmica y deportiva, Ingl\u00e9s, Taller de T\u00e9cnicas de estudio, Laboratorio, Teatro, Arte Contempor\u00e1neo, Producci\u00f3n Audiovisual, Periodismo Gr\u00e1fico, M\u00fasica, Rob\u00f3tica, Carpinter\u00eda, Orientaci\u00f3n Vocacional, Cocina. Desde el a\u00f1o 2009 la mayor\u00eda de estos talleres est\u00e1n orientados al Aprendizaje Servicio, desde diferentes materias curriculares y talleres, en el marco de la meta Institucional de tratar de ser una Escuela abierta a la comunidad, atenta a las necesidades de la misma, basada en la paz, la solidaridad, el respeto, la responsabilidad y la humildad.<\/p>\n<p>Entre sus instalaciones, cuenta con un equipado laboratorio de Ciencias Naturales, salas de computaci\u00f3n, de video, un sal\u00f3n de Arte y una nutrida biblioteca. El extenso campo de deportes y el amplio gimnasio con que cuenta la escuela son dos de los espacios privilegiados para continuar otorgando especial importancia a la vida en la naturaleza y a los deportes.<\/p>\n<p>Todo esto contribuye a mantener vigente el ideario de la escuela: lograr el desarrollo de una sana personalidad infantil; integrar a la familia como miembro activo de ese proceso; propiciar el desarrollo intelectual, \u00e9tico y f\u00edsico que permita la integraci\u00f3n social del educando y desarrollar un v\u00ednculo deportivo-gimn\u00e1stico y de vida en la naturaleza que permita el desarrollo de una sana personalidad, la solidaridad social y el respeto mutuo.<\/p>\n<p>Una visita que dej\u00f3 huellas<\/p>\n<p>Visita la Reina de Dinamarca Margarita II la localidad de Tandil y participaci\u00f3n de nuestros alumnos<\/p>\n<p><a href=\"https:\/\/www.colegioaltamira.com.ar\/sitio\/participamos-de-la-visita-de-la-reina\/\">https:\/\/www.colegioaltamira.com.ar\/sitio\/participamos-de-la-visita-de-la-reina\/<\/a><\/p>\n<p><a href=\"https:\/\/www.colegioaltamira.com.ar\/sitio\/visita-de-estado-danes-a-la-argentina\/\">https:\/\/www.colegioaltamira.com.ar\/sitio\/visita-de-estado-danes-a-la-argentina\/<\/a><\/p>\n<p><a href=\"https:\/\/www.colegioaltamira.com.ar\/sitio\/charla-la-monarquia-danesa-un-desafio-de-la-actualidad\/\">https:\/\/www.colegioaltamira.com.ar\/sitio\/charla-la-monarquia-danesa-un-desafio-de-la-actualidad\/<\/a><\/p>\n\n","protected":false},"excerpt":{"rendered":"<p>Los invitamos a retroceder un poco en el tiempo&#8230;. En 1946 se crea el Centro Cultural Argentino Dan\u00e9s, comisi\u00f3n directiva que trabaja arduamente, y con la colaboraci\u00f3n de muchos, se logr\u00f3 el ansiado fin: la compra de un casco de estancia en Gowland, provincia de Buenos Aires. All\u00ed funcionar\u00eda la Granja AltaMira.&nbsp; Ning\u00fan otro nombre &#8230; <a title=\"Historia\" class=\"read-more\" href=\"https:\/\/www.colegioaltamira.com.ar\/sitio\/historia\/\" aria-label=\"More on Historia\">[+]<\/a><\/p>\n","protected":false},"author":1449,"featured_media":0,"parent":0,"menu_order":0,"comment_status":"closed","ping_status":"closed","template":"","meta":[],"acf":[],"_links":{"self":[{"href":"https:\/\/www.colegioaltamira.com.ar\/sitio\/wp-json\/wp\/v2\/pages\/1065"}],"collection":[{"href":"https:\/\/www.colegioaltamira.com.ar\/sitio\/wp-json\/wp\/v2\/pages"}],"about":[{"href":"https:\/\/www.colegioaltamira.com.ar\/sitio\/wp-json\/wp\/v2\/types\/page"}],"author":[{"embeddable":true,"href":"https:\/\/www.colegioaltamira.com.ar\/sitio\/wp-json\/wp\/v2\/users\/1449"}],"replies":[{"embeddable":true,"href":"https:\/\/www.colegioaltamira.com.ar\/sitio\/wp-json\/wp\/v2\/comments?post=1065"}],"version-history":[{"count":15,"href":"https:\/\/www.colegioaltamira.com.ar\/sitio\/wp-json\/wp\/v2\/pages\/1065\/revisions"}],"predecessor-version":[{"id":6265,"href":"https:\/\/www.colegioaltamira.com.ar\/sitio\/wp-json\/wp\/v2\/pages\/1065\/revisions\/6265"}],"wp:attachment":[{"href":"https:\/\/www.colegioaltamira.com.ar\/sitio\/wp-json\/wp\/v2\/media?parent=1065"}],"curies":[{"name":"wp","href":"https:\/\/api.w.org\/{rel}","templated":true}]}}