{"id":1055,"date":"2018-11-15T11:10:12","date_gmt":"2018-11-15T14:10:12","guid":{"rendered":"https:\/\/www.colegioaltamira.com.ar\/sitio\/integrantes-2\/"},"modified":"2025-04-25T16:42:50","modified_gmt":"2025-04-25T19:42:50","slug":"integrantes-2","status":"publish","type":"page","link":"https:\/\/www.colegioaltamira.com.ar\/sitio\/integrantes-2\/","title":{"rendered":"Asociaci\u00f3n Escolar Argentino Dan\u00e9s"},"content":{"rendered":"<p><span style=\"color: #000000;\">Comisi\u00f3n conformada por padres de la instituci\u00f3n cuyos miembros son renovados por bloques cada 2 a\u00f1os. Su objetivo es colaborar y garantizar las necesidades que se presentan en temas de infraestructura e insumos.<\/span><\/p>\n<div class=\"WordSection1\">\n<p><span style=\"color: #000000;\">&nbsp;<\/span><\/p>\n<\/div>\n<div class=\"WordSection2\"><\/div>\n<p style=\"text-align: center;\"><span style=\"color: #0000ff;\">&nbsp;<\/span><\/p>\n<p style=\"text-align: center;\">\n","protected":false},"excerpt":{"rendered":"<p>Comisi\u00f3n conformada por padres de la instituci\u00f3n cuyos miembros son renovados por bloques cada 2 a\u00f1os. Su objetivo es colaborar y garantizar las necesidades que se presentan en temas de infraestructura e insumos. &nbsp; &nbsp;<\/p>\n","protected":false},"author":1449,"featured_media":0,"parent":0,"menu_order":0,"comment_status":"closed","ping_status":"closed","template":"","meta":[],"acf":[],"_links":{"self":[{"href":"https:\/\/www.colegioaltamira.com.ar\/sitio\/wp-json\/wp\/v2\/pages\/1055"}],"collection":[{"href":"https:\/\/www.colegioaltamira.com.ar\/sitio\/wp-json\/wp\/v2\/pages"}],"about":[{"href":"https:\/\/www.colegioaltamira.com.ar\/sitio\/wp-json\/wp\/v2\/types\/page"}],"author":[{"embeddable":true,"href":"https:\/\/www.colegioaltamira.com.ar\/sitio\/wp-json\/wp\/v2\/users\/1449"}],"replies":[{"embeddable":true,"href":"https:\/\/www.colegioaltamira.com.ar\/sitio\/wp-json\/wp\/v2\/comments?post=1055"}],"version-history":[{"count":3,"href":"https:\/\/www.colegioaltamira.com.ar\/sitio\/wp-json\/wp\/v2\/pages\/1055\/revisions"}],"predecessor-version":[{"id":6891,"href":"https:\/\/www.colegioaltamira.com.ar\/sitio\/wp-json\/wp\/v2\/pages\/1055\/revisions\/6891"}],"wp:attachment":[{"href":"https:\/\/www.colegioaltamira.com.ar\/sitio\/wp-json\/wp\/v2\/media?parent=1055"}],"curies":[{"name":"wp","href":"https:\/\/api.w.org\/{rel}","templated":true}]}}