{"id":1037,"date":"2018-11-15T11:10:05","date_gmt":"2018-11-15T14:10:05","guid":{"rendered":"https:\/\/www.colegioaltamira.com.ar\/sitio\/actividades-2\/"},"modified":"2019-11-27T16:48:33","modified_gmt":"2019-11-27T19:48:33","slug":"actividades-2","status":"publish","type":"page","link":"https:\/\/www.colegioaltamira.com.ar\/sitio\/actividades-2\/","title":{"rendered":"Actividades"},"content":{"rendered":"<p>ACTIVIDADES PEDAG\u00d3GICAS<\/p>\n<ul>\n<li>D\u00eda de la tradici\u00f3n<\/li>\n<\/ul>\n<div id='gallery-1' class='gallery galleryid-1037 gallery-columns-4 gallery-size-thumbnail'><figure class='gallery-item'>\n\t\t\t<div class='gallery-icon landscape'>\n\t\t\t\t<a href='https:\/\/www.colegioaltamira.com.ar\/sitio\/actividades-2\/img-20191112-wa0016\/#main'><img width=\"500\" height=\"500\" src=\"https:\/\/www.colegioaltamira.com.ar\/sitio\/wp-content\/uploads\/2019\/11\/IMG-20191112-WA0016-500x500.jpg\" class=\"attachment-thumbnail size-thumbnail\" alt=\"\" decoding=\"async\" loading=\"lazy\" \/><\/a>\n\t\t\t<\/div><\/figure><figure class='gallery-item'>\n\t\t\t<div class='gallery-icon landscape'>\n\t\t\t\t<a href='https:\/\/www.colegioaltamira.com.ar\/sitio\/actividades-2\/img-20191112-wa0017\/#main'><img width=\"500\" height=\"500\" src=\"https:\/\/www.colegioaltamira.com.ar\/sitio\/wp-content\/uploads\/2019\/11\/IMG-20191112-WA0017-500x500.jpg\" class=\"attachment-thumbnail size-thumbnail\" alt=\"\" decoding=\"async\" loading=\"lazy\" \/><\/a>\n\t\t\t<\/div><\/figure><figure class='gallery-item'>\n\t\t\t<div class='gallery-icon landscape'>\n\t\t\t\t<a href='https:\/\/www.colegioaltamira.com.ar\/sitio\/actividades-2\/img-20191112-wa0028\/#main'><img width=\"500\" height=\"500\" src=\"https:\/\/www.colegioaltamira.com.ar\/sitio\/wp-content\/uploads\/2019\/11\/IMG-20191112-WA0028-500x500.jpg\" class=\"attachment-thumbnail size-thumbnail\" alt=\"\" decoding=\"async\" loading=\"lazy\" \/><\/a>\n\t\t\t<\/div><\/figure><figure class='gallery-item'>\n\t\t\t<div class='gallery-icon landscape'>\n\t\t\t\t<a href='https:\/\/www.colegioaltamira.com.ar\/sitio\/actividades-2\/img-20191112-wa0034\/#main'><img width=\"500\" height=\"500\" src=\"https:\/\/www.colegioaltamira.com.ar\/sitio\/wp-content\/uploads\/2019\/11\/IMG-20191112-WA0034-500x500.jpg\" class=\"attachment-thumbnail size-thumbnail\" alt=\"\" decoding=\"async\" loading=\"lazy\" \/><\/a>\n\t\t\t<\/div><\/figure>\n\t\t<\/div>\n\n<ul>\n<li>Participaci\u00f3n en Olimp\u00edadas<\/li>\n<\/ul>\n<p>El pasado mi\u00e9rcoles 14, jueves 15 y viernes 16 de agosto, se desarroll\u00f3 en instalaciones del Centro Vasco de la localidad de Necochea, la 28 Olimp\u00edadas \u00d1and\u00fa, Certamen Regional con la participaci\u00f3n de alumnos del nivel primario de la instituci\u00f3n y una alumna del nivel secundario.\u00a0 Estuvieron tambi\u00e9n presentes alumnos de toda la provincia, la instancia escrita se desarroll\u00f3 el d\u00eda jueves y la entrega de premios fue en el Teatro Par\u00eds el d\u00eda viernes 16 de agosto. La totalidad de alumnos participantes fueron 417 y\u00a0 cabe destacar que uno de nuestro alumnos de nivel primario, Marko Lorea de 5to A, recibi\u00f3 menci\u00f3n especial.<\/p>\n<p>Esta instancia se realizaba generalmente en Mar del Plata y desde hace dos a\u00f1os se realiza en nuestra ciudad, de la misma salen un campe\u00f3n y subcampe\u00f3n y despu\u00e9s algunas menciones. Para llegar a esta instancia, los alumnos ya han rendido dos instancias previas que los habilita para poder estar en esta instancia provincial.<\/p>\n<p>Felicitamos a todos los participantes!<\/p>\n<div id='gallery-2' class='gallery galleryid-1037 gallery-columns-3 gallery-size-thumbnail'><figure class='gallery-item'>\n\t\t\t<div class='gallery-icon landscape'>\n\t\t\t\t<a href='https:\/\/www.colegioaltamira.com.ar\/sitio\/?attachment_id=1820#main'><img width=\"500\" height=\"500\" src=\"https:\/\/www.colegioaltamira.com.ar\/sitio\/wp-content\/uploads\/2019\/08\/541fbe46-4d1c-4549-b106-f582518f6142-500x500.jpg\" class=\"attachment-thumbnail size-thumbnail\" alt=\"\" decoding=\"async\" loading=\"lazy\" \/><\/a>\n\t\t\t<\/div><\/figure><figure class='gallery-item'>\n\t\t\t<div class='gallery-icon landscape'>\n\t\t\t\t<a href='https:\/\/www.colegioaltamira.com.ar\/sitio\/?attachment_id=1821#main'><img width=\"500\" height=\"500\" src=\"https:\/\/www.colegioaltamira.com.ar\/sitio\/wp-content\/uploads\/2019\/08\/b230ba41-4d18-4459-a51d-b70f2ee3851d-500x500.jpg\" class=\"attachment-thumbnail size-thumbnail\" alt=\"\" decoding=\"async\" loading=\"lazy\" \/><\/a>\n\t\t\t<\/div><\/figure><figure class='gallery-item'>\n\t\t\t<div class='gallery-icon portrait'>\n\t\t\t\t<a href='https:\/\/www.colegioaltamira.com.ar\/sitio\/actividades-2\/c6960a25-9840-4257-aa0c-d15ea2ae97e3\/#main'><img width=\"500\" height=\"500\" src=\"https:\/\/www.colegioaltamira.com.ar\/sitio\/wp-content\/uploads\/2019\/09\/c6960a25-9840-4257-aa0c-d15ea2ae97e3-500x500.jpg\" class=\"attachment-thumbnail size-thumbnail\" alt=\"\" decoding=\"async\" loading=\"lazy\" \/><\/a>\n\t\t\t<\/div><\/figure>\n\t\t<\/div>\n\n<p>Visitamos la Estaci\u00f3n Hidrobiol\u00f3gica en Quequ\u00e9n<\/p>\n<div style=\"visibility: visible; width: 460px; margin: auto;\"><object style=\"height: 302px; width: 397px;\" data=\"http:\/\/flash.picturetrail.com\/pflicks\/3\/spflick.swf\" type=\"application\/x-shockwave-flash\" width=\"460\" height=\"350\" align=\"middle\"><param name=\"src\" value=\"http:\/\/flash.picturetrail.com\/pflicks\/3\/spflick.swf\" \/><param name=\"quality\" value=\"high\" \/><param name=\"flashvars\" value=\"ql=2&amp;src1=http:\/\/pic20.picturetrail.com:80\/VOL1409\/13691214\/flicks\/1\/9048404\" \/><param name=\"wmode\" value=\"transparent\" \/><param name=\"allowscriptaccess\" value=\"sameDomain\" \/><\/object><\/div>\n<div>Permitir flash player para visualizar.<\/div>\n<div style=\"visibility: visible; width: 460px; margin: auto;\"><strong>\u00a0<\/strong><\/div>\n<ul>\n<li>Semana de las Artes<\/li>\n<\/ul>\n<div id='gallery-3' class='gallery galleryid-1037 gallery-columns-3 gallery-size-thumbnail'><figure class='gallery-item'>\n\t\t\t<div class='gallery-icon portrait'>\n\t\t\t\t<a href='https:\/\/www.colegioaltamira.com.ar\/sitio\/actividades-2\/39533f31-d83e-4b5b-939a-9fa20eefc93c\/#main'><img width=\"500\" height=\"500\" src=\"https:\/\/www.colegioaltamira.com.ar\/sitio\/wp-content\/uploads\/2019\/11\/39533f31-d83e-4b5b-939a-9fa20eefc93c-500x500.jpg\" class=\"attachment-thumbnail size-thumbnail\" alt=\"\" decoding=\"async\" loading=\"lazy\" \/><\/a>\n\t\t\t<\/div><\/figure><figure class='gallery-item'>\n\t\t\t<div class='gallery-icon landscape'>\n\t\t\t\t<a href='https:\/\/www.colegioaltamira.com.ar\/sitio\/actividades-2\/f5e94a7c-85ae-4039-8ce4-c8cbe1c117a4-2\/#main'><img width=\"500\" height=\"500\" src=\"https:\/\/www.colegioaltamira.com.ar\/sitio\/wp-content\/uploads\/2019\/11\/f5e94a7c-85ae-4039-8ce4-c8cbe1c117a4-500x500.jpg\" class=\"attachment-thumbnail size-thumbnail\" alt=\"\" decoding=\"async\" loading=\"lazy\" \/><\/a>\n\t\t\t<\/div><\/figure><figure class='gallery-item'>\n\t\t\t<div class='gallery-icon landscape'>\n\t\t\t\t<a href='https:\/\/www.colegioaltamira.com.ar\/sitio\/actividades-2\/730bb1a8-3b95-4899-9384-9093c4b48ec5\/#main'><img width=\"500\" height=\"500\" src=\"https:\/\/www.colegioaltamira.com.ar\/sitio\/wp-content\/uploads\/2019\/11\/730bb1a8-3b95-4899-9384-9093c4b48ec5-500x500.jpg\" class=\"attachment-thumbnail size-thumbnail\" alt=\"\" decoding=\"async\" loading=\"lazy\" \/><\/a>\n\t\t\t<\/div><\/figure><figure class='gallery-item'>\n\t\t\t<div class='gallery-icon landscape'>\n\t\t\t\t<a href='https:\/\/www.colegioaltamira.com.ar\/sitio\/actividades-2\/4c1ad459-402a-4ef7-a188-c7e0b231ea56\/#main'><img width=\"500\" height=\"500\" src=\"https:\/\/www.colegioaltamira.com.ar\/sitio\/wp-content\/uploads\/2019\/11\/4c1ad459-402a-4ef7-a188-c7e0b231ea56-500x500.jpg\" class=\"attachment-thumbnail size-thumbnail\" alt=\"\" decoding=\"async\" loading=\"lazy\" \/><\/a>\n\t\t\t<\/div><\/figure><figure class='gallery-item'>\n\t\t\t<div class='gallery-icon landscape'>\n\t\t\t\t<a href='https:\/\/www.colegioaltamira.com.ar\/sitio\/actividades-2\/397f7dc2-b79b-411b-9fde-8d7623c89121\/#main'><img width=\"500\" height=\"500\" src=\"https:\/\/www.colegioaltamira.com.ar\/sitio\/wp-content\/uploads\/2019\/11\/397f7dc2-b79b-411b-9fde-8d7623c89121-500x500.jpg\" class=\"attachment-thumbnail size-thumbnail\" alt=\"\" decoding=\"async\" loading=\"lazy\" \/><\/a>\n\t\t\t<\/div><\/figure><figure class='gallery-item'>\n\t\t\t<div class='gallery-icon landscape'>\n\t\t\t\t<a href='https:\/\/www.colegioaltamira.com.ar\/sitio\/actividades-2\/8ba31864-7e5a-4fa6-8db5-f6f4529a896b\/#main'><img width=\"500\" height=\"500\" src=\"https:\/\/www.colegioaltamira.com.ar\/sitio\/wp-content\/uploads\/2019\/11\/8ba31864-7e5a-4fa6-8db5-f6f4529a896b-500x500.jpg\" class=\"attachment-thumbnail size-thumbnail\" alt=\"\" decoding=\"async\" loading=\"lazy\" \/><\/a>\n\t\t\t<\/div><\/figure>\n\t\t<\/div>\n\n<ul>\n<li style=\"list-style-type: none;\">\n<ul>\n<li>Semana de las Ciencias<\/li>\n<\/ul>\n<p>https:\/\/www.colegioaltamira.com.ar\/aula\/archivos\/repositorio\/500\/564\/feria_de_ciencias.mp4<\/li>\n<li>Jornada de Manos Solidarias<\/li>\n<\/ul>\n<div id='gallery-4' class='gallery galleryid-1037 gallery-columns-3 gallery-size-thumbnail'><figure class='gallery-item'>\n\t\t\t<div class='gallery-icon landscape'>\n\t\t\t\t<a href='https:\/\/www.colegioaltamira.com.ar\/sitio\/actividades-2\/6ae04c00-69d6-4bb2-b1ff-87e82fea165e\/#main'><img width=\"500\" height=\"500\" src=\"https:\/\/www.colegioaltamira.com.ar\/sitio\/wp-content\/uploads\/2019\/11\/6ae04c00-69d6-4bb2-b1ff-87e82fea165e-500x500.jpg\" class=\"attachment-thumbnail size-thumbnail\" alt=\"\" decoding=\"async\" loading=\"lazy\" \/><\/a>\n\t\t\t<\/div><\/figure><figure class='gallery-item'>\n\t\t\t<div class='gallery-icon landscape'>\n\t\t\t\t<a href='https:\/\/www.colegioaltamira.com.ar\/sitio\/actividades-2\/982dc238-e7e4-4334-9e35-ab21f9c93e94\/#main'><img width=\"500\" height=\"500\" src=\"https:\/\/www.colegioaltamira.com.ar\/sitio\/wp-content\/uploads\/2019\/11\/982dc238-e7e4-4334-9e35-ab21f9c93e94-500x500.jpg\" class=\"attachment-thumbnail size-thumbnail\" alt=\"\" decoding=\"async\" loading=\"lazy\" \/><\/a>\n\t\t\t<\/div><\/figure><figure class='gallery-item'>\n\t\t\t<div class='gallery-icon landscape'>\n\t\t\t\t<a href='https:\/\/www.colegioaltamira.com.ar\/sitio\/actividades-2\/3b8a1067-fc46-480a-9e37-585ebc8d4e8b\/#main'><img width=\"500\" height=\"500\" src=\"https:\/\/www.colegioaltamira.com.ar\/sitio\/wp-content\/uploads\/2019\/11\/3b8a1067-fc46-480a-9e37-585ebc8d4e8b-500x500.jpg\" class=\"attachment-thumbnail size-thumbnail\" alt=\"\" decoding=\"async\" loading=\"lazy\" \/><\/a>\n\t\t\t<\/div><\/figure><figure class='gallery-item'>\n\t\t\t<div class='gallery-icon landscape'>\n\t\t\t\t<a href='https:\/\/www.colegioaltamira.com.ar\/sitio\/actividades-2\/4a59b48d-a33a-43fb-bbd6-67d994c56c29\/#main'><img width=\"500\" height=\"500\" src=\"https:\/\/www.colegioaltamira.com.ar\/sitio\/wp-content\/uploads\/2019\/11\/4a59b48d-a33a-43fb-bbd6-67d994c56c29-500x500.jpg\" class=\"attachment-thumbnail size-thumbnail\" alt=\"\" decoding=\"async\" loading=\"lazy\" \/><\/a>\n\t\t\t<\/div><\/figure><figure class='gallery-item'>\n\t\t\t<div class='gallery-icon landscape'>\n\t\t\t\t<a href='https:\/\/www.colegioaltamira.com.ar\/sitio\/actividades-2\/e7dd275c-7997-4447-95c2-cbd097cce1c4\/#main'><img width=\"500\" height=\"500\" src=\"https:\/\/www.colegioaltamira.com.ar\/sitio\/wp-content\/uploads\/2019\/11\/e7dd275c-7997-4447-95c2-cbd097cce1c4-500x500.jpg\" class=\"attachment-thumbnail size-thumbnail\" alt=\"\" decoding=\"async\" loading=\"lazy\" \/><\/a>\n\t\t\t<\/div><\/figure>\n\t\t<\/div>\n\n<p><span style=\"font-size: 14pt;\"><strong><span style=\"font-family: sans-serif;\">ACTIVIDADES DEPORTIVAS<\/span><\/strong><\/span><\/p>\n<ul>\n<li>Torneos y\u00a0Muestras<\/li>\n<\/ul>\n<p>Forestaci\u00f3n<\/p>\n<div id='gallery-5' class='gallery galleryid-1037 gallery-columns-3 gallery-size-thumbnail'><figure class='gallery-item'>\n\t\t\t<div class='gallery-icon landscape'>\n\t\t\t\t<a href='https:\/\/www.colegioaltamira.com.ar\/sitio\/actividades-2\/509723ad-6d5f-4666-ad3b-dd7a26194984\/#main'><img width=\"500\" height=\"500\" src=\"https:\/\/www.colegioaltamira.com.ar\/sitio\/wp-content\/uploads\/2019\/11\/509723ad-6d5f-4666-ad3b-dd7a26194984-500x500.jpg\" class=\"attachment-thumbnail size-thumbnail\" alt=\"\" decoding=\"async\" loading=\"lazy\" \/><\/a>\n\t\t\t<\/div><\/figure><figure class='gallery-item'>\n\t\t\t<div class='gallery-icon landscape'>\n\t\t\t\t<a href='https:\/\/www.colegioaltamira.com.ar\/sitio\/actividades-2\/ee2b295d-f4ae-4c08-baa6-3c764a346b4c\/#main'><img width=\"500\" height=\"500\" src=\"https:\/\/www.colegioaltamira.com.ar\/sitio\/wp-content\/uploads\/2019\/11\/ee2b295d-f4ae-4c08-baa6-3c764a346b4c-500x500.jpg\" class=\"attachment-thumbnail size-thumbnail\" alt=\"\" decoding=\"async\" loading=\"lazy\" \/><\/a>\n\t\t\t<\/div><\/figure>\n\t\t<\/div>\n\n<p>Gala<\/p>\n<div id='gallery-6' class='gallery galleryid-1037 gallery-columns-3 gallery-size-thumbnail'><figure class='gallery-item'>\n\t\t\t<div class='gallery-icon landscape'>\n\t\t\t\t<a href='https:\/\/www.colegioaltamira.com.ar\/sitio\/actividades-2\/20181127_104405\/#main'><img width=\"500\" height=\"500\" src=\"https:\/\/www.colegioaltamira.com.ar\/sitio\/wp-content\/uploads\/2019\/11\/20181127_104405-500x500.jpg\" class=\"attachment-thumbnail size-thumbnail\" alt=\"\" decoding=\"async\" loading=\"lazy\" \/><\/a>\n\t\t\t<\/div><\/figure><figure class='gallery-item'>\n\t\t\t<div class='gallery-icon landscape'>\n\t\t\t\t<a href='https:\/\/www.colegioaltamira.com.ar\/sitio\/actividades-2\/20181127_104546\/#main'><img width=\"500\" height=\"500\" src=\"https:\/\/www.colegioaltamira.com.ar\/sitio\/wp-content\/uploads\/2019\/11\/20181127_104546-500x500.jpg\" class=\"attachment-thumbnail size-thumbnail\" alt=\"\" decoding=\"async\" loading=\"lazy\" \/><\/a>\n\t\t\t<\/div><\/figure>\n\t\t<\/div>\n\n<ul>\n<li>Campamentos<\/li>\n<\/ul>\n<p>&nbsp;<\/p>\n<p>&nbsp;<\/p>\n<div style=\"visibility: visible; width: 460px; margin: auto;\">\n<p><object style=\"height: 350px; width: 460px;\" data=\"http:\/\/flash.picturetrail.com\/pflicks\/3\/spflick.swf\" type=\"application\/x-shockwave-flash\" width=\"460\" height=\"350\" align=\"middle\"><param name=\"src\" value=\"http:\/\/flash.picturetrail.com\/pflicks\/3\/spflick.swf\" \/><param name=\"quality\" value=\"high\" \/><param name=\"flashvars\" value=\"ql=2&amp;src1=http:\/\/pic20.picturetrail.com:80\/VOL1409\/13691214\/flicks\/1\/9052550\" \/><param name=\"wmode\" value=\"transparent\" \/><param name=\"allowscriptaccess\" value=\"sameDomain\" \/><\/object><\/p>\n<p style=\"whitespace: no-wrap; margin-top: 10px; height: 24px; width: 460px;\">\n<\/div>\n","protected":false},"excerpt":{"rendered":"<p>ACTIVIDADES PEDAG\u00d3GICAS D\u00eda de la tradici\u00f3n Participaci\u00f3n en Olimp\u00edadas El pasado mi\u00e9rcoles 14, jueves 15 y viernes 16 de agosto, se desarroll\u00f3 en instalaciones del Centro Vasco de la localidad de Necochea, la 28 Olimp\u00edadas \u00d1and\u00fa, Certamen Regional con la participaci\u00f3n de alumnos del nivel primario de la instituci\u00f3n y una alumna del nivel secundario.\u00a0 &#8230; <a title=\"Actividades\" class=\"read-more\" href=\"https:\/\/www.colegioaltamira.com.ar\/sitio\/actividades-2\/\" aria-label=\"More on Actividades\">[+]<\/a><\/p>\n","protected":false},"author":1449,"featured_media":0,"parent":0,"menu_order":0,"comment_status":"closed","ping_status":"closed","template":"","meta":[],"acf":[],"_links":{"self":[{"href":"https:\/\/www.colegioaltamira.com.ar\/sitio\/wp-json\/wp\/v2\/pages\/1037"}],"collection":[{"href":"https:\/\/www.colegioaltamira.com.ar\/sitio\/wp-json\/wp\/v2\/pages"}],"about":[{"href":"https:\/\/www.colegioaltamira.com.ar\/sitio\/wp-json\/wp\/v2\/types\/page"}],"author":[{"embeddable":true,"href":"https:\/\/www.colegioaltamira.com.ar\/sitio\/wp-json\/wp\/v2\/users\/1449"}],"replies":[{"embeddable":true,"href":"https:\/\/www.colegioaltamira.com.ar\/sitio\/wp-json\/wp\/v2\/comments?post=1037"}],"version-history":[{"count":14,"href":"https:\/\/www.colegioaltamira.com.ar\/sitio\/wp-json\/wp\/v2\/pages\/1037\/revisions"}],"predecessor-version":[{"id":2080,"href":"https:\/\/www.colegioaltamira.com.ar\/sitio\/wp-json\/wp\/v2\/pages\/1037\/revisions\/2080"}],"wp:attachment":[{"href":"https:\/\/www.colegioaltamira.com.ar\/sitio\/wp-json\/wp\/v2\/media?parent=1037"}],"curies":[{"name":"wp","href":"https:\/\/api.w.org\/{rel}","templated":true}]}}