{"id":1035,"date":"2018-11-15T11:10:04","date_gmt":"2018-11-15T14:10:04","guid":{"rendered":"https:\/\/www.colegioaltamira.com.ar\/sitio\/fundamentacion\/"},"modified":"2024-09-06T17:01:55","modified_gmt":"2024-09-06T20:01:55","slug":"fundamentacion","status":"publish","type":"page","link":"https:\/\/www.colegioaltamira.com.ar\/sitio\/fundamentacion\/","title":{"rendered":"Fundamentaci\u00f3n"},"content":{"rendered":"<p><span style=\"font-size: 12pt; color: #000000;\"><span style=\"font-family: 'comic sans ms', sans-serif;\">La sociedad actual est\u00e1 sometida a cambios vertiginosos que plantean nuevas problem\u00e1ticas y exigen nuevas competencias. Los educadores debemos ir adapt\u00e1ndonos a ello y, al mismo tiempo, comprender que nuestro papel es ayudar a nuestros alumnos a \u201caprender a aprender\u201d de una manera aut\u00f3noma, en esta cultura del cambio.<\/span><\/span><\/p>\n<p><span style=\"font-size: 12pt; color: #000000;\"><span style=\"font-family: 'comic sans ms', sans-serif;\">Nuestra tarea implica el&nbsp; promover el desarrollo cognitivo y personal de nuestros alumnos proponi\u00e9ndoles actividades desafiantes aplicables al mundo real, que les exijan analizar los contenidos profundamente y manejar el propio aprendizaje.<\/span><\/span><\/p>\n<p><span style=\"font-size: 12pt; color: #000000;\"><span style=\"font-family: 'comic sans ms', sans-serif;\">El potencial que representan las TIC para la educaci\u00f3n no puede negarse. Esto supone para la escuela del Siglo XXI un nuevo reto, ya que deber\u00e1 adaptarse la formaci\u00f3n de los estudiantes a&nbsp; las necesidades actuales y futuras de una sociedad cada vez m\u00e1s dependiente de los avances tecnol\u00f3gicos.&nbsp; La integraci\u00f3n de las TIC a la tarea docente cotidiana&nbsp; se ha convertido en &nbsp;una <em>demanda social, una necesidad para los educadores, un derecho para los alumnos y una obligaci\u00f3n para las instituciones educativas.<\/em><\/span><\/span><\/p>\n<p><span style=\"font-size: 12pt; color: #000000;\"><span style=\"font-family: 'comic sans ms', sans-serif;\">Entre los argumentos que &nbsp;respaldan la integraci\u00f3n de las TIC a las pr\u00e1cticas educativas destacamos que las TIC crean una nueva situaci\u00f3n de ense\u00f1anza y aprendizaje, en la que se promueven pr\u00e1cticas de ense\u00f1anza constructivistas centradas en el alumno, que posibilitan el aprendizaje en colaboraci\u00f3n, la investigaci\u00f3n sobre el mundo real y el desarrollo de las habilidades necesarias para el siglo XXI.<\/span><\/span><\/p>\n<p><span style=\"font-size: 12pt; color: #000000;\"><span style=\"font-family: 'comic sans ms', sans-serif;\">Existen tres posturas diferentes en relaci\u00f3n con las TIC y el curr\u00edculum:<\/span><\/span><\/p>\n<ul>\n<li><span style=\"font-size: 12pt; color: #000000;\"><span style=\"font-family: 'comic sans ms', sans-serif;\"><em>Aprendiendo sobre las TIC<\/em>. Se refiere a las tecnolog\u00edas como un contenido de aprendizaje en el curr\u00edculo escolar e implica la alfabetizaci\u00f3n inform\u00e1tica;<\/span><\/span><\/li>\n<li><span style=\"font-size: 12pt; color: #000000;\"><span style=\"font-family: 'comic sans ms', sans-serif;\"><em>Aprendiendo con las TIC<\/em>. Se refiere al uso de las TIC como un medio para mejorar la ense\u00f1anza sin cambiar los enfoques y los m\u00e9todos de ense\u00f1anza y aprendizaje.<\/span><\/span><\/li>\n<li><span style=\"font-size: 12pt; color: #000000;\"><span style=\"font-family: 'comic sans ms', sans-serif;\">En nuestro caso particular adherimos a la tercer postura <em>Aprendiendo a trav\u00e9s de las TIC<\/em>. Esta postura se refiere a la inserci\u00f3n de las TIC como una herramienta esencial en los cursos o en el curr\u00edculo. Se trata de las TIC como herramienta de ense\u00f1anza y recursos de aprendizaje de forma que estas tecnolog\u00edas constituyen parte integral de los procesos de transmisi\u00f3n y construcci\u00f3n del conocimiento en la escuela y fuera de ella. <\/span><\/span><\/li>\n<\/ul>\n<p><span style=\"font-size: 12pt; color: #000000;\"><span style=\"font-family: 'comic sans ms', sans-serif;\">Tal como se\u00f1ala Cristina Vel\u00e1zquez en su libro Estrategias Pedag\u00f3gicas con TIC \u201c\u2026<em>la tendencia actual es pensar en las TIC no s\u00f3lo como objeto de conocimiento, sino especialmente como un recurso para la ense\u00f1anza y el aprendizaje<\/em>\u201d. 1<\/span><\/span><\/p>\n<p><span style=\"font-size: 12pt; color: #000000;\"><strong><span style=\"font-family: 'comic sans ms', sans-serif;\">_________________________________<\/span><\/strong><\/span><\/p>\n<p><span style=\"color: #000000;\"><span style=\"font-size: 12pt;\"><span style=\"font-family: 'comic sans ms', sans-serif;\">Cristina Velazquez, <span style=\"text-decoration: underline;\">Estrategias Pedag\u00f3gicas con TIC .<\/span><\/span><\/span><span style=\"font-size: 12pt;\"><span style=\"font-family: 'comic sans ms', sans-serif;\">Recursos did\u00e1cticos para entorno 1 a 1. <\/span><\/span><span style=\"font-size: 12pt;\"><span style=\"font-family: 'comic sans ms', sans-serif;\">Aprender para Educar. p\u00e1g 14. Novedades Educativas, 2012<\/span><\/span><\/span><\/p>\n","protected":false},"excerpt":{"rendered":"<p>La sociedad actual est\u00e1 sometida a cambios vertiginosos que plantean nuevas problem\u00e1ticas y exigen nuevas competencias. Los educadores debemos ir adapt\u00e1ndonos a ello y, al mismo tiempo, comprender que nuestro papel es ayudar a nuestros alumnos a \u201caprender a aprender\u201d de una manera aut\u00f3noma, en esta cultura del cambio. Nuestra tarea implica el&nbsp; promover el &#8230; <a title=\"Fundamentaci\u00f3n\" class=\"read-more\" href=\"https:\/\/www.colegioaltamira.com.ar\/sitio\/fundamentacion\/\" aria-label=\"More on Fundamentaci\u00f3n\">[+]<\/a><\/p>\n","protected":false},"author":1449,"featured_media":0,"parent":0,"menu_order":0,"comment_status":"closed","ping_status":"closed","template":"","meta":[],"acf":[],"_links":{"self":[{"href":"https:\/\/www.colegioaltamira.com.ar\/sitio\/wp-json\/wp\/v2\/pages\/1035"}],"collection":[{"href":"https:\/\/www.colegioaltamira.com.ar\/sitio\/wp-json\/wp\/v2\/pages"}],"about":[{"href":"https:\/\/www.colegioaltamira.com.ar\/sitio\/wp-json\/wp\/v2\/types\/page"}],"author":[{"embeddable":true,"href":"https:\/\/www.colegioaltamira.com.ar\/sitio\/wp-json\/wp\/v2\/users\/1449"}],"replies":[{"embeddable":true,"href":"https:\/\/www.colegioaltamira.com.ar\/sitio\/wp-json\/wp\/v2\/comments?post=1035"}],"version-history":[{"count":2,"href":"https:\/\/www.colegioaltamira.com.ar\/sitio\/wp-json\/wp\/v2\/pages\/1035\/revisions"}],"predecessor-version":[{"id":6264,"href":"https:\/\/www.colegioaltamira.com.ar\/sitio\/wp-json\/wp\/v2\/pages\/1035\/revisions\/6264"}],"wp:attachment":[{"href":"https:\/\/www.colegioaltamira.com.ar\/sitio\/wp-json\/wp\/v2\/media?parent=1035"}],"curies":[{"name":"wp","href":"https:\/\/api.w.org\/{rel}","templated":true}]}}