{"id":1029,"date":"2018-11-15T11:10:02","date_gmt":"2018-11-15T14:10:02","guid":{"rendered":"https:\/\/www.colegioaltamira.com.ar\/sitio\/nuestros-docentes-2\/"},"modified":"2026-04-07T12:55:53","modified_gmt":"2026-04-07T15:55:53","slug":"nuestros-docentes-2","status":"publish","type":"page","link":"https:\/\/www.colegioaltamira.com.ar\/sitio\/nuestros-docentes-2\/","title":{"rendered":"Nuestros Docentes"},"content":{"rendered":"\n<p><\/p>\n\n\n\n<p><strong>Les presentamos a las autoridades y el staff acad\u00e9mico del nivel<\/strong><\/p>\n\n\n\n<figure class=\"wp-block-gallery has-nested-images columns-default is-cropped wp-block-gallery-1 is-layout-flex\">\n<figure class=\"wp-block-image size-large\"><img decoding=\"async\" loading=\"lazy\" width=\"1900\" height=\"1268\" data-id=\"7240\"  src=\"https:\/\/www.colegioaltamira.com.ar\/sitio\/wp-content\/uploads\/2025\/07\/Acto-fin-de-ano-2023-2-1900x1268.jpg\" alt=\"\" class=\"wp-image-7240\" srcset=\"https:\/\/www.colegioaltamira.com.ar\/sitio\/wp-content\/uploads\/2025\/07\/Acto-fin-de-ano-2023-2-1900x1268.jpg 1900w, https:\/\/www.colegioaltamira.com.ar\/sitio\/wp-content\/uploads\/2025\/07\/Acto-fin-de-ano-2023-2-1000x667.jpg 1000w, https:\/\/www.colegioaltamira.com.ar\/sitio\/wp-content\/uploads\/2025\/07\/Acto-fin-de-ano-2023-2-768x512.jpg 768w, https:\/\/www.colegioaltamira.com.ar\/sitio\/wp-content\/uploads\/2025\/07\/Acto-fin-de-ano-2023-2-1536x1025.jpg 1536w, https:\/\/www.colegioaltamira.com.ar\/sitio\/wp-content\/uploads\/2025\/07\/Acto-fin-de-ano-2023-2-2048x1366.jpg 2048w\" sizes=\"(max-width: 1900px) 100vw, 1900px\" \/><\/figure>\n\n\n\n<figure class=\"wp-block-image size-large\"><img decoding=\"async\" loading=\"lazy\" width=\"1900\" height=\"1268\" data-id=\"7241\"  src=\"https:\/\/www.colegioaltamira.com.ar\/sitio\/wp-content\/uploads\/2025\/07\/Acto-fin-de-ano-2024-2-1900x1268.jpg\" alt=\"\" class=\"wp-image-7241\" srcset=\"https:\/\/www.colegioaltamira.com.ar\/sitio\/wp-content\/uploads\/2025\/07\/Acto-fin-de-ano-2024-2-1900x1268.jpg 1900w, https:\/\/www.colegioaltamira.com.ar\/sitio\/wp-content\/uploads\/2025\/07\/Acto-fin-de-ano-2024-2-1000x667.jpg 1000w, https:\/\/www.colegioaltamira.com.ar\/sitio\/wp-content\/uploads\/2025\/07\/Acto-fin-de-ano-2024-2-768x512.jpg 768w, https:\/\/www.colegioaltamira.com.ar\/sitio\/wp-content\/uploads\/2025\/07\/Acto-fin-de-ano-2024-2-1536x1025.jpg 1536w, https:\/\/www.colegioaltamira.com.ar\/sitio\/wp-content\/uploads\/2025\/07\/Acto-fin-de-ano-2024-2-2048x1366.jpg 2048w\" sizes=\"(max-width: 1900px) 100vw, 1900px\" \/><\/figure>\n<\/figure>\n\n\n\n<p class=\"has-text-align-center has-medium-font-size\"><strong>Equipo directivo<\/strong><\/p>\n\n\n\n<figure class=\"wp-block-table is-style-stripes\"><table><tbody><tr><td class=\"has-text-align-center\" data-align=\"center\"><img decoding=\"async\" loading=\"lazy\" width=\"889\" height=\"1102\" class=\"wp-image-7261\" style=\"width: 150px;\" src=\"https:\/\/www.colegioaltamira.com.ar\/sitio\/wp-content\/uploads\/2025\/07\/Nerina-2.jpeg\" alt=\"\" srcset=\"https:\/\/www.colegioaltamira.com.ar\/sitio\/wp-content\/uploads\/2025\/07\/Nerina-2.jpeg 889w, https:\/\/www.colegioaltamira.com.ar\/sitio\/wp-content\/uploads\/2025\/07\/Nerina-2-807x1000.jpeg 807w, https:\/\/www.colegioaltamira.com.ar\/sitio\/wp-content\/uploads\/2025\/07\/Nerina-2-768x952.jpeg 768w\" sizes=\"(max-width: 889px) 100vw, 889px\" \/><\/td><td class=\"has-text-align-center\" data-align=\"center\"><img decoding=\"async\" loading=\"lazy\" width=\"482\" height=\"511\" class=\"wp-image-3367\" style=\"width: 150px;\" src=\"https:\/\/www.colegioaltamira.com.ar\/sitio\/wp-content\/uploads\/2022\/05\/Jimena-Marquez.jpeg\" alt=\"\"><\/td><td class=\"has-text-align-center\" data-align=\"center\"><\/td><\/tr><tr><td class=\"has-text-align-center\" data-align=\"center\">Nerina Baio<\/td><td class=\"has-text-align-center\" data-align=\"center\">Jimena M\u00e1rquez<\/td><td class=\"has-text-align-center\" data-align=\"center\">Vanesa Arruty<\/td><\/tr><\/tbody><\/table><\/figure>\n\n\n\n<p class=\"has-text-align-center has-medium-font-size\"><strong>Docentes<\/strong><\/p>\n\n\n\n<figure class=\"wp-block-image\"><img decoding=\"async\" src=\"blob:https:\/\/www.colegioaltamira.com.ar\/2ed25434-0683-49bb-8071-39efcfa7404d\" alt=\"\"\/><\/figure>\n\n\n\n<figure class=\"wp-block-table is-style-stripes\"><table><tbody><tr><td class=\"has-text-align-center\" data-align=\"center\"><img decoding=\"async\" loading=\"lazy\" width=\"237\" height=\"300\" class=\"wp-image-7279\" style=\"width: 110px;\" src=\"https:\/\/www.colegioaltamira.com.ar\/sitio\/wp-content\/uploads\/2025\/07\/WhatsApp-Image-2025-07-04-at-12.54.58.jpeg\" alt=\"\"><\/td><td class=\"has-text-align-center\" data-align=\"center\"><img decoding=\"async\" loading=\"lazy\" width=\"784\" height=\"806\" class=\"wp-image-3364\" style=\"width: 120px;\" src=\"https:\/\/www.colegioaltamira.com.ar\/sitio\/wp-content\/uploads\/2022\/05\/Antonella-Dindart.jpeg\" alt=\"\" srcset=\"https:\/\/www.colegioaltamira.com.ar\/sitio\/wp-content\/uploads\/2022\/05\/Antonella-Dindart.jpeg 784w, https:\/\/www.colegioaltamira.com.ar\/sitio\/wp-content\/uploads\/2022\/05\/Antonella-Dindart-768x790.jpeg 768w\" sizes=\"(max-width: 784px) 100vw, 784px\" \/><\/td><td class=\"has-text-align-center\" data-align=\"center\"><img decoding=\"async\" loading=\"lazy\" width=\"990\" height=\"1320\" class=\"wp-image-3322\" style=\"width: 100px;\" src=\"https:\/\/www.colegioaltamira.com.ar\/sitio\/wp-content\/uploads\/2022\/05\/WhatsApp-Image-2022-05-19-at-5.06.13-PM.jpeg\" alt=\"\" srcset=\"https:\/\/www.colegioaltamira.com.ar\/sitio\/wp-content\/uploads\/2022\/05\/WhatsApp-Image-2022-05-19-at-5.06.13-PM.jpeg 990w, https:\/\/www.colegioaltamira.com.ar\/sitio\/wp-content\/uploads\/2022\/05\/WhatsApp-Image-2022-05-19-at-5.06.13-PM-750x1000.jpeg 750w, https:\/\/www.colegioaltamira.com.ar\/sitio\/wp-content\/uploads\/2022\/05\/WhatsApp-Image-2022-05-19-at-5.06.13-PM-768x1024.jpeg 768w\" sizes=\"(max-width: 990px) 100vw, 990px\" \/><\/td><td class=\"has-text-align-center\" data-align=\"center\"><img decoding=\"async\" loading=\"lazy\" width=\"179\" height=\"238\" class=\"wp-image-7284\" style=\"width: 110px;\" src=\"https:\/\/www.colegioaltamira.com.ar\/sitio\/wp-content\/uploads\/2025\/07\/WhatsApp-Image-2025-07-04-at-13.30.51.jpeg\" alt=\"\"><\/td><\/tr><tr><td class=\"has-text-align-center\" data-align=\"center\">Gisela Perez<\/td><td class=\"has-text-align-center\" data-align=\"center\">Antonella Dindart <\/td><td class=\"has-text-align-center\" data-align=\"center\">Camila Morales<\/td><td class=\"has-text-align-center\" data-align=\"center\">Luciana Migone<\/td><\/tr><tr><td class=\"has-text-align-center\" data-align=\"center\"><img decoding=\"async\" style=\"width: 110px;\" src=\"https:\/\/www.colegioaltamira.com.ar\/sitio\/wp-content\/uploads\/2025\/07\/WhatsApp-Image-2025-07-04-at-12.52.21.jpeg\" alt=\"\"><\/td><td class=\"has-text-align-center\" data-align=\"center\"><img decoding=\"async\" loading=\"lazy\" width=\"164\" height=\"189\" class=\"wp-image-7257\" style=\"width: 120px;\" src=\"https:\/\/www.colegioaltamira.com.ar\/sitio\/wp-content\/uploads\/2025\/07\/Lucia-Rodriguez.png\" alt=\"\"><\/td><td class=\"has-text-align-center\" data-align=\"center\"><img decoding=\"async\" loading=\"lazy\" width=\"203\" height=\"263\" class=\"wp-image-7283\" style=\"width: 110px;\" src=\"https:\/\/www.colegioaltamira.com.ar\/sitio\/wp-content\/uploads\/2025\/07\/WhatsApp-Image-2025-07-04-at-13.30.59.jpeg\" alt=\"\"><\/td><td class=\"has-text-align-center\" data-align=\"center\"><\/td><\/tr><tr><td class=\"has-text-align-center\" data-align=\"center\">Florencia Arango<\/td><td class=\"has-text-align-center\" data-align=\"center\">Luc\u00eda Rodriguez<\/td><td class=\"has-text-align-center\" data-align=\"center\">Claudia Martinez<\/td><td class=\"has-text-align-center\" data-align=\"center\"><\/td><\/tr><tr><td class=\"has-text-align-center\" data-align=\"center\"><img decoding=\"async\" loading=\"lazy\" width=\"175\" height=\"201\" class=\"wp-image-7285\" style=\"width: 100px;\" src=\"https:\/\/www.colegioaltamira.com.ar\/sitio\/wp-content\/uploads\/2025\/07\/WhatsApp-Image-2025-07-04-at-13.30.42-1-e1751647072498.jpeg\" alt=\"\"><\/td><td class=\"has-text-align-center\" data-align=\"center\"><img decoding=\"async\" loading=\"lazy\" width=\"621\" height=\"606\" class=\"wp-image-3293\" style=\"width: 100px;\" src=\"https:\/\/www.colegioaltamira.com.ar\/sitio\/wp-content\/uploads\/2022\/05\/WhatsApp-Image-2022-05-12-at-6.12.36-PM-2.jpeg\" alt=\"\"><\/td><td class=\"has-text-align-center\" data-align=\"center\"><img decoding=\"async\" loading=\"lazy\" width=\"711\" height=\"725\" class=\"wp-image-3291\" style=\"width: 100px;\" src=\"https:\/\/www.colegioaltamira.com.ar\/sitio\/wp-content\/uploads\/2022\/05\/WhatsApp-Image-2022-05-12-at-6.12.35-PM.jpeg\" alt=\"\"><\/td><td class=\"has-text-align-center\" data-align=\"center\"><img decoding=\"async\" loading=\"lazy\" width=\"330\" height=\"440\" class=\"wp-image-5606\" style=\"width: 85px;\" src=\"https:\/\/www.colegioaltamira.com.ar\/sitio\/wp-content\/uploads\/2023\/11\/Imagen2.jpg\" alt=\"\"><\/td><\/tr><tr><td class=\"has-text-align-center\" data-align=\"center\">Carla Mondino<\/td><td class=\"has-text-align-center\" data-align=\"center\">Karina Iba\u00f1ez<\/td><td class=\"has-text-align-center\" data-align=\"center\">Sandra Zugazua<\/td><td class=\"has-text-align-center\" data-align=\"center\">Rocio Issin<\/td><\/tr><tr><td class=\"has-text-align-center\" data-align=\"center\"><img decoding=\"async\" loading=\"lazy\" width=\"685\" height=\"773\" class=\"wp-image-3295\" style=\"width: 120px;\" src=\"https:\/\/www.colegioaltamira.com.ar\/sitio\/wp-content\/uploads\/2022\/05\/WhatsApp-Image-2022-05-12-at-6.12.35-PM-1.jpeg\" alt=\"\"><\/td><td class=\"has-text-align-center\" data-align=\"center\"><img decoding=\"async\" loading=\"lazy\" width=\"826\" height=\"928\" class=\"wp-image-7278\" style=\"width: 120px;\" src=\"https:\/\/www.colegioaltamira.com.ar\/sitio\/wp-content\/uploads\/2025\/07\/WhatsApp-Image-2025-07-04-at-12.52.26.jpeg\" alt=\"\" srcset=\"https:\/\/www.colegioaltamira.com.ar\/sitio\/wp-content\/uploads\/2025\/07\/WhatsApp-Image-2025-07-04-at-12.52.26.jpeg 826w, https:\/\/www.colegioaltamira.com.ar\/sitio\/wp-content\/uploads\/2025\/07\/WhatsApp-Image-2025-07-04-at-12.52.26-768x863.jpeg 768w\" sizes=\"(max-width: 826px) 100vw, 826px\" \/><\/td><td class=\"has-text-align-center\" data-align=\"center\"><img decoding=\"async\" loading=\"lazy\" width=\"620\" height=\"800\" class=\"wp-image-4692\" style=\"width: 110px;\" src=\"https:\/\/www.colegioaltamira.com.ar\/sitio\/wp-content\/uploads\/2023\/05\/pngwing.com-9.png\" alt=\"\"><\/td><td class=\"has-text-align-center\" data-align=\"center\"><img decoding=\"async\" loading=\"lazy\" width=\"112\" height=\"128\" class=\"wp-image-2901\" style=\"width: 112px;\" src=\"https:\/\/www.colegioaltamira.com.ar\/sitio\/wp-content\/uploads\/2022\/03\/fcdcc-Ana-Julia-Farias.png\" alt=\"\"><\/td><\/tr><tr><td class=\"has-text-align-center\" data-align=\"center\">Gabriela Lara<\/td><td class=\"has-text-align-center\" data-align=\"center\">Milagros Viera<\/td><td class=\"has-text-align-center\" data-align=\"center\">Jos\u00e9 Justel<\/td><td class=\"has-text-align-center\" data-align=\"center\">Ana Julia Far\u00edas<\/td><\/tr><tr><td class=\"has-text-align-center\" data-align=\"center\"><img decoding=\"async\" loading=\"lazy\" width=\"157\" height=\"233\" class=\"wp-image-5600\" style=\"width: 110px;\" src=\"https:\/\/www.colegioaltamira.com.ar\/sitio\/wp-content\/uploads\/2023\/11\/WhatsApp-Image-2023-11-24-at-17.25.23.jpeg\" alt=\"\"><\/td><td class=\"has-text-align-center\" data-align=\"center\"><img decoding=\"async\" loading=\"lazy\" width=\"620\" height=\"800\" class=\"wp-image-4692\" style=\"width: 110px;\" src=\"https:\/\/www.colegioaltamira.com.ar\/sitio\/wp-content\/uploads\/2023\/05\/pngwing.com-9.png\" alt=\"\"><\/td><td class=\"has-text-align-center\" data-align=\"center\"><img decoding=\"async\" loading=\"lazy\" width=\"620\" height=\"800\" class=\"wp-image-4692\" style=\"width: 110px;\" src=\"https:\/\/www.colegioaltamira.com.ar\/sitio\/wp-content\/uploads\/2023\/05\/pngwing.com-9.png\" alt=\"\"><\/td><td class=\"has-text-align-center\" data-align=\"center\"><img decoding=\"async\" loading=\"lazy\" width=\"620\" height=\"800\" class=\"wp-image-4692\" style=\"width: 110px;\" src=\"https:\/\/www.colegioaltamira.com.ar\/sitio\/wp-content\/uploads\/2023\/05\/pngwing.com-9.png\" alt=\"\"><\/td><\/tr><tr><td class=\"has-text-align-center\" data-align=\"center\">Martin Castiglione<\/td><td class=\"has-text-align-center\" data-align=\"center\">Majken Pedersen<\/td><td class=\"has-text-align-center\" data-align=\"center\">Romina G\u00f3mez<\/td><td class=\"has-text-align-center\" data-align=\"center\">Paula Arias<\/td><\/tr><tr><td class=\"has-text-align-center\" data-align=\"center\"><img decoding=\"async\" loading=\"lazy\" width=\"188\" height=\"247\" class=\"wp-image-3381\" style=\"width: 110px;\" src=\"https:\/\/www.colegioaltamira.com.ar\/sitio\/wp-content\/uploads\/2022\/05\/fotocarnet-marilyn-maidana.jpg\" alt=\"\"><\/td><td class=\"has-text-align-center\" data-align=\"center\"><img decoding=\"async\" loading=\"lazy\" width=\"1190\" height=\"1429\" class=\"wp-image-3330\" style=\"width: 110px;\" src=\"https:\/\/www.colegioaltamira.com.ar\/sitio\/wp-content\/uploads\/2022\/05\/Maria.jpeg\" alt=\"\" srcset=\"https:\/\/www.colegioaltamira.com.ar\/sitio\/wp-content\/uploads\/2022\/05\/Maria.jpeg 1190w, https:\/\/www.colegioaltamira.com.ar\/sitio\/wp-content\/uploads\/2022\/05\/Maria-833x1000.jpeg 833w, https:\/\/www.colegioaltamira.com.ar\/sitio\/wp-content\/uploads\/2022\/05\/Maria-768x922.jpeg 768w\" sizes=\"(max-width: 1190px) 100vw, 1190px\" \/><\/td><td class=\"has-text-align-center\" data-align=\"center\"><img decoding=\"async\" loading=\"lazy\" width=\"516\" height=\"538\" class=\"wp-image-7277\" style=\"width: 110px;\" src=\"https:\/\/www.colegioaltamira.com.ar\/sitio\/wp-content\/uploads\/2025\/07\/WhatsApp-Image-2025-07-04-at-12.52.23.jpeg\" alt=\"\"><\/td><td class=\"has-text-align-center\" data-align=\"center\"><img decoding=\"async\" loading=\"lazy\" width=\"89\" height=\"119\" class=\"wp-image-7282\" style=\"width: 100px;\" src=\"https:\/\/www.colegioaltamira.com.ar\/sitio\/wp-content\/uploads\/2025\/07\/silvana-castro.jpeg\" alt=\"\"><\/td><\/tr><tr><td class=\"has-text-align-center\" data-align=\"center\">Maria Isabel Maidana<\/td><td class=\"has-text-align-center\" data-align=\"center\">Maria Petrarca<\/td><td class=\"has-text-align-center\" data-align=\"center\">Castro Carolina<\/td><td class=\"has-text-align-center\" data-align=\"center\">Castro Silvana<\/td><\/tr><tr><td class=\"has-text-align-center\" data-align=\"center\"><img decoding=\"async\" style=\"width: 110px;\" src=\"https:\/\/www.colegioaltamira.com.ar\/sitio\/wp-content\/uploads\/2022\/05\/WhatsApp-Image-2022-05-19-at-5.06.14-PM-1.jpeg\" alt=\"\"><\/td><td class=\"has-text-align-center\" data-align=\"center\"><img decoding=\"async\" class=\"\" style=\"width: 110px;\" src=\"https:\/\/www.colegioaltamira.com.ar\/aula\/archivos\/repositorio\/250\/455\/sandra_balinio.jpg\" alt=\"\"><\/td><td class=\"has-text-align-center\" data-align=\"center\"><img decoding=\"async\" loading=\"lazy\" width=\"785\" height=\"1105\" class=\"wp-image-7276\" style=\"width: 110px;\" src=\"https:\/\/www.colegioaltamira.com.ar\/sitio\/wp-content\/uploads\/2025\/07\/WhatsApp-Image-2025-07-04-at-12.52.22.jpeg\" alt=\"\" srcset=\"https:\/\/www.colegioaltamira.com.ar\/sitio\/wp-content\/uploads\/2025\/07\/WhatsApp-Image-2025-07-04-at-12.52.22.jpeg 785w, https:\/\/www.colegioaltamira.com.ar\/sitio\/wp-content\/uploads\/2025\/07\/WhatsApp-Image-2025-07-04-at-12.52.22-710x1000.jpeg 710w, https:\/\/www.colegioaltamira.com.ar\/sitio\/wp-content\/uploads\/2025\/07\/WhatsApp-Image-2025-07-04-at-12.52.22-768x1081.jpeg 768w\" sizes=\"(max-width: 785px) 100vw, 785px\" \/><\/td><td class=\"has-text-align-center\" data-align=\"center\"><img decoding=\"async\" loading=\"lazy\" width=\"668\" height=\"838\" class=\"wp-image-7492\" style=\"width: 110px;\" src=\"https:\/\/www.colegioaltamira.com.ar\/sitio\/wp-content\/uploads\/2025\/08\/WhatsApp-Image-2025-08-28-at-14.14.22-e1756401456332.jpeg\" alt=\"\"><\/td><\/tr><tr><td class=\"has-text-align-center\" data-align=\"center\">Fabrizio Sitjar<\/td><td class=\"has-text-align-center\" data-align=\"center\">Sandra Bali\u00f1o<\/td><td class=\"has-text-align-center\" data-align=\"center\">Mariana Felioli<\/td><td class=\"has-text-align-center\" data-align=\"center\">Agustina Zanichelli<\/td><\/tr><tr><td class=\"has-text-align-center\" data-align=\"center\"><img decoding=\"async\" loading=\"lazy\" width=\"149\" height=\"204\" class=\"wp-image-3370\" style=\"width: 100px;\" src=\"https:\/\/www.colegioaltamira.com.ar\/sitio\/wp-content\/uploads\/2022\/05\/Gallego-Mariana-2.jpeg\" alt=\"\"><\/td><td class=\"has-text-align-center\" data-align=\"center\"><img decoding=\"async\" loading=\"lazy\" width=\"640\" height=\"640\" class=\"wp-image-7275\" style=\"width: 110px;\" src=\"https:\/\/www.colegioaltamira.com.ar\/sitio\/wp-content\/uploads\/2025\/07\/WhatsApp-Image-2025-07-04-at-12.52.21-1.jpeg\" alt=\"\" srcset=\"https:\/\/www.colegioaltamira.com.ar\/sitio\/wp-content\/uploads\/2025\/07\/WhatsApp-Image-2025-07-04-at-12.52.21-1.jpeg 640w, https:\/\/www.colegioaltamira.com.ar\/sitio\/wp-content\/uploads\/2025\/07\/WhatsApp-Image-2025-07-04-at-12.52.21-1-500x500.jpeg 500w\" sizes=\"(max-width: 640px) 100vw, 640px\" \/><\/td><td class=\"has-text-align-center\" data-align=\"center\"><img decoding=\"async\" loading=\"lazy\" width=\"960\" height=\"1280\" class=\"wp-image-3128\" style=\"width: 100px;\" src=\"https:\/\/www.colegioaltamira.com.ar\/sitio\/wp-content\/uploads\/2022\/04\/Emanuel-Batiller.jpg\" alt=\"\" srcset=\"https:\/\/www.colegioaltamira.com.ar\/sitio\/wp-content\/uploads\/2022\/04\/Emanuel-Batiller.jpg 960w, https:\/\/www.colegioaltamira.com.ar\/sitio\/wp-content\/uploads\/2022\/04\/Emanuel-Batiller-750x1000.jpg 750w, https:\/\/www.colegioaltamira.com.ar\/sitio\/wp-content\/uploads\/2022\/04\/Emanuel-Batiller-768x1024.jpg 768w\" sizes=\"(max-width: 960px) 100vw, 960px\" \/><\/td><td class=\"has-text-align-center\" data-align=\"center\"><img decoding=\"async\" loading=\"lazy\" width=\"84\" height=\"106\" src=\"https:\/\/www.colegioaltamira.com.ar\/aula\/archivos\/repositorio\/500\/607\/Juan.jpeg\" alt=\"\"><\/td><\/tr><tr><td class=\"has-text-align-center\" data-align=\"center\">Mariana Gallego<\/td><td class=\"has-text-align-center\" data-align=\"center\">Valeria De Francesco<\/td><td class=\"has-text-align-center\" data-align=\"center\">Manuel Batiller<\/td><td class=\"has-text-align-center\" data-align=\"center\">Juan Garcia<\/td><\/tr><tr><td class=\"has-text-align-center\" data-align=\"center\"><img decoding=\"async\" loading=\"lazy\" width=\"1200\" height=\"1600\" class=\"wp-image-3321\" style=\"width: 100px;\" src=\"https:\/\/www.colegioaltamira.com.ar\/sitio\/wp-content\/uploads\/2022\/05\/WhatsApp-Image-2022-05-19-at-5.04.16-PM.jpeg\" alt=\"\" srcset=\"https:\/\/www.colegioaltamira.com.ar\/sitio\/wp-content\/uploads\/2022\/05\/WhatsApp-Image-2022-05-19-at-5.04.16-PM.jpeg 1200w, https:\/\/www.colegioaltamira.com.ar\/sitio\/wp-content\/uploads\/2022\/05\/WhatsApp-Image-2022-05-19-at-5.04.16-PM-750x1000.jpeg 750w, https:\/\/www.colegioaltamira.com.ar\/sitio\/wp-content\/uploads\/2022\/05\/WhatsApp-Image-2022-05-19-at-5.04.16-PM-768x1024.jpeg 768w, https:\/\/www.colegioaltamira.com.ar\/sitio\/wp-content\/uploads\/2022\/05\/WhatsApp-Image-2022-05-19-at-5.04.16-PM-1152x1536.jpeg 1152w\" sizes=\"(max-width: 1200px) 100vw, 1200px\" \/><\/td><td class=\"has-text-align-center\" data-align=\"center\"><img decoding=\"async\" loading=\"lazy\" width=\"133\" height=\"174\" class=\"wp-image-7256\" style=\"width: 120px;\" src=\"https:\/\/www.colegioaltamira.com.ar\/sitio\/wp-content\/uploads\/2025\/07\/Alexia3.jpg\" alt=\"\"><\/td><td class=\"has-text-align-center\" data-align=\"center\"><\/td><td class=\"has-text-align-center\" data-align=\"center\"><\/td><\/tr><tr><td class=\"has-text-align-center\" data-align=\"center\">Lis Ullerup<\/td><td class=\"has-text-align-center\" data-align=\"center\">Alexia Cayetano<\/td><td class=\"has-text-align-center\" data-align=\"center\"><\/td><td class=\"has-text-align-center\" data-align=\"center\"><\/td><\/tr><\/tbody><\/table><\/figure>\n\n\n\n<figure class=\"wp-block-image size-large\"><img decoding=\"async\" src=\"blob:https:\/\/www.colegioaltamira.com.ar\/6a94ebe5-a7e8-4ea4-a37f-857905f024aa\" alt=\"\"\/><\/figure>\n\n\n\n<p><strong>Directora: Nerina BAIO<\/strong><\/p>\n\n\n\n<p><strong>Vicedirectora: Patricia ORAZIETTI<\/strong><\/p>\n\n\n\n<p><strong>Secretaria: Mariana REPMANN&nbsp;<\/strong><\/p>\n\n\n\n<p><strong>Docentes:<\/strong><\/p>\n\n\n\n<ul style=\"font-style:normal;font-weight:700\">\n<li>Antonella Dindart<\/li>\n\n\n\n<li>Camila Morales<\/li>\n\n\n\n<li>Gisela Perez<\/li>\n\n\n\n<li>Luc\u00eda Rodriguez<\/li>\n\n\n\n<li>Roc\u00edo Issin<\/li>\n\n\n\n<li>Florencia Arango<\/li>\n\n\n\n<li>Gabriela Lara<\/li>\n\n\n\n<li>Sandra Zugaz\u00faa<\/li>\n\n\n\n<li>Carla Mondino<\/li>\n\n\n\n<li>Claudia Mart\u00ednez<\/li>\n\n\n\n<li>Karina Iba\u00f1ez<\/li>\n\n\n\n<li>Jimena Maquez<\/li>\n<\/ul>\n\n\n\n<p><strong>Maestras Orientadoras de Aprendizaje:<\/strong><\/p>\n\n\n\n<ul>\n<li>Luciana Migone TM<\/li>\n\n\n\n<li>Carla Mondino TT<\/li>\n<\/ul>\n\n\n\n<p><strong>Docentes de Ingl\u00e9s Curr<\/strong>icular:<\/p>\n\n\n\n<ul>\n<li>Silvana Castro<\/li>\n\n\n\n<li>Carolina Castro<\/li>\n\n\n\n<li>Sandra Balino<\/li>\n<\/ul>\n\n\n\n<p><strong>Docentes Ed. F\u00edsica curricular:<\/strong><\/p>\n\n\n\n<ul>\n<li>Mart\u00edn Castiglioni<\/li>\n\n\n\n<li>Ana Julia Far\u00edas<\/li>\n\n\n\n<li>Jos\u00e9 Justel<\/li>\n<\/ul>\n\n\n\n<p><strong>Docentes Art\u00edstica curricular:<\/strong><\/p>\n\n\n\n<ul>\n<li>Lis Osma<\/li>\n\n\n\n<li>Mar\u00eda Petrarca<\/li>\n\n\n\n<li>Mar\u00eda Isabel Maidana<\/li>\n\n\n\n<li>Paula Arias<\/li>\n\n\n\n<li>Romina G\u00f3mez<\/li>\n<\/ul>\n\n\n\n<p><strong>Docentes Talleres extracurriculares:<\/strong><\/p>\n\n\n\n<ul>\n<li>Agustina Zanichelli<\/li>\n\n\n\n<li>Alexia Cayetano<\/li>\n\n\n\n<li>\u00c9rica Colonna<\/li>\n\n\n\n<li>Emanuel Batillier<\/li>\n\n\n\n<li>Lis Ullerup<\/li>\n\n\n\n<li>Juan Garc\u00eda<\/li>\n\n\n\n<li>Mariana Gallegos<\/li>\n\n\n\n<li>Valeria de Francesco<\/li>\n<\/ul>\n\n\n\n<p><strong>Docentes Ed. F\u00edsica Extracurricular:<\/strong><\/p>\n\n\n\n<ul>\n<li>Ana Julia Far\u00edas<\/li>\n\n\n\n<li>Jos\u00e9 Justel<\/li>\n\n\n\n<li>Milagros Viera<\/li>\n\n\n\n<li>Fabrizio Sitjar<\/li>\n\n\n\n<li>Majken Pedersen<\/li>\n\n\n\n<li>Agust\u00edn Carricart<\/li>\n<\/ul>\n\n\n\n<p><strong>Docentes Ingl\u00e9s extracurricular:<\/strong><\/p>\n\n\n\n<ul>\n<li>Soledad Villanueva<\/li>\n\n\n\n<li>Mariana Ferioli<\/li>\n\n\n\n<li>Ivana Fonte<\/li>\n<\/ul>\n\n\n\n<ul>\n<li><\/li>\n<\/ul>\n\n\n\n<p><\/p>\n\n\n\n<p><\/p>\n","protected":false},"excerpt":{"rendered":"<p>Les presentamos a las autoridades y el staff acad\u00e9mico del nivel Equipo directivo Nerina Baio Jimena M\u00e1rquez Vanesa Arruty Docentes Gisela Perez Antonella Dindart Camila Morales Luciana Migone Florencia Arango Luc\u00eda Rodriguez Claudia Martinez Carla Mondino Karina Iba\u00f1ez Sandra Zugazua Rocio Issin Gabriela Lara Milagros Viera Jos\u00e9 Justel Ana Julia Far\u00edas Martin Castiglione Majken Pedersen &#8230; <a title=\"Nuestros Docentes\" class=\"read-more\" href=\"https:\/\/www.colegioaltamira.com.ar\/sitio\/nuestros-docentes-2\/\" aria-label=\"More on Nuestros Docentes\">[+]<\/a><\/p>\n","protected":false},"author":1449,"featured_media":0,"parent":0,"menu_order":0,"comment_status":"closed","ping_status":"closed","template":"","meta":[],"acf":[],"_links":{"self":[{"href":"https:\/\/www.colegioaltamira.com.ar\/sitio\/wp-json\/wp\/v2\/pages\/1029"}],"collection":[{"href":"https:\/\/www.colegioaltamira.com.ar\/sitio\/wp-json\/wp\/v2\/pages"}],"about":[{"href":"https:\/\/www.colegioaltamira.com.ar\/sitio\/wp-json\/wp\/v2\/types\/page"}],"author":[{"embeddable":true,"href":"https:\/\/www.colegioaltamira.com.ar\/sitio\/wp-json\/wp\/v2\/users\/1449"}],"replies":[{"embeddable":true,"href":"https:\/\/www.colegioaltamira.com.ar\/sitio\/wp-json\/wp\/v2\/comments?post=1029"}],"version-history":[{"count":41,"href":"https:\/\/www.colegioaltamira.com.ar\/sitio\/wp-json\/wp\/v2\/pages\/1029\/revisions"}],"predecessor-version":[{"id":8087,"href":"https:\/\/www.colegioaltamira.com.ar\/sitio\/wp-json\/wp\/v2\/pages\/1029\/revisions\/8087"}],"wp:attachment":[{"href":"https:\/\/www.colegioaltamira.com.ar\/sitio\/wp-json\/wp\/v2\/media?parent=1029"}],"curies":[{"name":"wp","href":"https:\/\/api.w.org\/{rel}","templated":true}]}}